{"id":121761,"date":"2022-02-20T00:00:00","date_gmt":"2022-02-19T23:00:00","guid":{"rendered":"https:\/\/gpl-love.com\/fr\/produit\/ninja-forms-zoho-creator\/"},"modified":"2026-04-10T18:34:36","modified_gmt":"2026-04-10T16:34:36","slug":"ninja-forms-zoho-creator","status":"publish","type":"product","link":"https:\/\/gpl-love.com\/fr\/produit\/ninja-forms-zoho-creator\/","title":{"rendered":"Ninja Forms Zoho Creator 1.1"},"content":{"rendered":"<h3>Ninja Forms Zoho Creator Traits<\/h3>\n<p>Ninja Forms Zoho Creator est une int\u00e9gration qui a \u00e9t\u00e9 sp\u00e9cialement con\u00e7ue pour r\u00e9pondre aux besoins des utilisateurs qui souhaitent rassembler et g\u00e9rer efficacement les soumissions de formulaires \u00e0 partir de leur site Web WordPress. Cette int\u00e9gration permet le transfert transparent des donn\u00e9es collect\u00e9es du site Web directement dans le compte Zoho Creator de l&rsquo;utilisateur. Les formulaires Ninja, \u00e9tant un plugin de formulaire de formulaire tr\u00e8s favoris\u00e9 et largement utilis\u00e9 pour WordPress, propose un \u00e9ventail de fonctionnalit\u00e9s avanc\u00e9es et sophistiqu\u00e9es telles que la logique conditionnelle, les t\u00e9l\u00e9chargements de fichiers et les int\u00e9grations de paiement. D&rsquo;un autre c\u00f4t\u00e9, Zoho Creator sert de plate-forme compl\u00e8te qui facilite la cr\u00e9ation d&rsquo;applications commerciales sur mesure et l&rsquo;automatisation des workflows complexes. Lorsqu&rsquo;ils sont combin\u00e9s, ces deux outils exceptionnels forment une solution incroyablement dynamique et robuste pour les entreprises qui cherchent \u00e0 rationaliser leurs processus de collecte et de gestion de donn\u00e9es. \u00c0 l&rsquo;aide de Ninja Forms Zoho Creator, les utilisateurs peuvent cr\u00e9er sans effort des formulaires personnalis\u00e9s et sur mesure, recueillir et amasser efficacement les donn\u00e9es de leurs visiteurs de site Web et transf\u00e9rer de mani\u00e8re transparente ces donn\u00e9es sur leur compte Zoho Creator. Cette int\u00e9gration remarquable sert non seulement \u00e0 gagner du temps pr\u00e9cieux, mais diminue \u00e9galement consid\u00e9rablement la probabilit\u00e9 d&rsquo;erreurs de donn\u00e9es, ce qui en fait une solution absolument id\u00e9ale pour les entreprises visant \u00e0 am\u00e9liorer leur efficacit\u00e9 globale et leur niveau de productivit\u00e9.<\/p>\n<ul>\n<li>Int\u00e9gration transparente des formes Ninja avec Zoho Creator<\/li>\n<li>Permet aux utilisateurs de transf\u00e9rer facilement les donn\u00e9es collect\u00e9es \u00e0 partir de formulaires Ninja \u00e0 Zoho Creator<\/li>\n<li>Permet la cr\u00e9ation d&rsquo;enregistrements et de modules de cr\u00e9ateur Zoho personnalis\u00e9 directement \u00e0 partir des formulaires Ninja<\/li>\n<li>Offre des workflows automatis\u00e9s qui rationalisent le transfert et la gestion des donn\u00e9es entre les deux plateformes<\/li>\n<li>Fournit une synchronisation en temps r\u00e9el des donn\u00e9es entre les formulaires Ninja et Zoho Creator<\/li>\n<li>Simplifie la saisie des donn\u00e9es et r\u00e9duit les erreurs en \u00e9liminant la saisie manuelle des donn\u00e9es entre les deux plateformes<\/li>\n<li>Offre des options de personnalisation flexibles pour la cartographie des champs entre les formulaires Ninja et Zoho Creator<\/li>\n<li>Livr\u00e9 avec une interface conviviale qui fait de l&rsquo;int\u00e9gration un jeu d&rsquo;enfant pour tous les niveaux d&rsquo;expertise technique<\/li>\n<li>Fournit un transfert de donn\u00e9es fiable et s\u00e9curis\u00e9 entre deux plates-formes robustes et fiables.<\/li>\n<\/ul>\n","protected":false},"excerpt":{"rendered":"<p>L&rsquo;outil d&rsquo;int\u00e9gration connu sous le nom de Ninja Forms Zoho Creator se pr\u00e9sente comme une force formidable, capable de connecter sans effort vos donn\u00e9es Ninja Forms \u00e0 votre compte Zoho Creator. Cet outil offre un moyen rapide et simple de transf\u00e9rer des donn\u00e9es importantes, telles que les soumissions de formulaires et les prospects, directement dans votre compte Zoho Creator. Une fois sur place, ces donn\u00e9es deviennent facilement accessibles pour l&rsquo;utilisation dans divers aspects de votre entreprise, allant des flux de travail aux rapports et autres applications. Que vous vous trouviez \u00e0 la t\u00eate d&rsquo;une petite entreprise ou d&rsquo;une entreprise tentaculaire, les m\u00e9rites de l&rsquo;utilisation de Ninja Forms Zoho Creator comme solution pour optimiser votre gestion des donn\u00e9es et l&rsquo;am\u00e9lioration de l&rsquo;efficacit\u00e9 ne peuvent pas \u00eatre surestim\u00e9s. Alors pourquoi en tarder davantage? Prenez l&rsquo;initiative aujourd&rsquo;hui et plongez-vous dans les avantages de l&rsquo;int\u00e9gration de donn\u00e9es transparente!<\/p>\n","protected":false},"featured_media":144809,"comment_status":"open","ping_status":"open","template":"","meta":[],"product_brand":[2605],"product_cat":[1187,1181,1186],"product_tag":[1313],"class_list":{"0":"post-121761","1":"product","2":"type-product","3":"status-publish","4":"has-post-thumbnail","6":"product_brand-ninja-forms","7":"product_cat-administration-wordpress-plugins","8":"product_cat-plugins","9":"product_cat-wordpress-plugins","10":"product_tag-ninja-forms","11":"member-discount","12":"discount-restricted","14":"first","15":"instock","16":"sale","17":"downloadable","18":"virtual","19":"sold-individually","20":"purchasable","21":"product-type-simple"},"_links":{"self":[{"href":"https:\/\/gpl-love.com\/fr\/wp-json\/wp\/v2\/product\/121761","targetHints":{"allow":["GET"]}}],"collection":[{"href":"https:\/\/gpl-love.com\/fr\/wp-json\/wp\/v2\/product"}],"about":[{"href":"https:\/\/gpl-love.com\/fr\/wp-json\/wp\/v2\/types\/product"}],"replies":[{"embeddable":true,"href":"https:\/\/gpl-love.com\/fr\/wp-json\/wp\/v2\/comments?post=121761"}],"wp:featuredmedia":[{"embeddable":true,"href":"https:\/\/gpl-love.com\/fr\/wp-json\/wp\/v2\/media\/144809"}],"wp:attachment":[{"href":"https:\/\/gpl-love.com\/fr\/wp-json\/wp\/v2\/media?parent=121761"}],"wp:term":[{"taxonomy":"product_brand","embeddable":true,"href":"https:\/\/gpl-love.com\/fr\/wp-json\/wp\/v2\/product_brand?post=121761"},{"taxonomy":"product_cat","embeddable":true,"href":"https:\/\/gpl-love.com\/fr\/wp-json\/wp\/v2\/product_cat?post=121761"},{"taxonomy":"product_tag","embeddable":true,"href":"https:\/\/gpl-love.com\/fr\/wp-json\/wp\/v2\/product_tag?post=121761"}],"curies":[{"name":"wp","href":"https:\/\/api.w.org\/{rel}","templated":true}]}}