{"id":121759,"date":"2022-02-20T00:00:00","date_gmt":"2022-02-19T23:00:00","guid":{"rendered":"https:\/\/gpl-love.com\/fr\/produit\/ninja-forms-front-end-posting\/"},"modified":"2026-04-10T18:34:14","modified_gmt":"2026-04-10T16:34:14","slug":"ninja-forms-front-end-posting","status":"publish","type":"product","link":"https:\/\/gpl-love.com\/fr\/produit\/ninja-forms-front-end-posting\/","title":{"rendered":"Ninja Forms Front End Posting 3.0.10"},"content":{"rendered":"<h3>Ninja Forms Front End Posting Traits<\/h3>\n<p>Si vous recherchez une m\u00e9thode pratique pour g\u00e9n\u00e9rer des formulaires et activer la publication frontale sur votre site Web WordPress, ne cherchez pas plus loin que les formulaires Ninja. Cette plate-forme impressionnante offre une solution compl\u00e8te avec son compl\u00e9ment de publication avant de publication, vous accordant la possibilit\u00e9 de concevoir des formulaires personnalis\u00e9s qui permettent aux utilisateurs de soumettre directement le contenu \u00e0 partir de la frontale de votre site. Que votre objectif soit d&rsquo;\u00e9tablir un tableau de travail, un r\u00e9pertoire ou un formulaire de contact simple, les formulaires Ninja Front End Posting Add-On simplifient le processus de cr\u00e9ation de formulaire et facilitent la gestion de la soumission. De plus, sa vaste gamme d&rsquo;options de personnalisation et son int\u00e9gration transparente avec divers plugins WordPress vous permet d&rsquo;adapter l&rsquo;exp\u00e9rience utilisateur pour s&rsquo;aligner parfaitement avec vos exigences sp\u00e9cifiques. Ne retardz plus &#8211; prenez la d\u00e9cision d&rsquo;incorporer la publication frontale des formulaires Ninja dans vos op\u00e9rations aujourd&rsquo;hui et assistez \u00e0 la rationalisation importante de votre processus de soumission de contenu.<\/p>\n<ul>\n<li>Formulaire frontal simple et intuitif pour les sites Web WordPress<\/li>\n<li>Permet aux visiteurs du site Web de soumettre des publications, des pages et des types de messages personnalis\u00e9s sans avoir \u00e0 acc\u00e9der au tableau de bord WordPress<\/li>\n<li>Fournit un g\u00e9n\u00e9rateur de formulaire de glisser-d\u00e9poser avec des champs et des dispositions personnalisables<\/li>\n<li>Protection du spam int\u00e9gr\u00e9e pour emp\u00eacher les soumissions ind\u00e9sirables<\/li>\n<li>Permet aux utilisateurs de t\u00e9l\u00e9charger directement des fichiers, des images et des supports avec leurs soumissions de publication<\/li>\n<li>Int\u00e9gr\u00e9 aux fonctionnalit\u00e9s d&rsquo;enregistrement des utilisateurs et de connexion, permettant aux utilisateurs d&rsquo;\u00e9conomiser des brouillons, de modifier leurs soumissions et de recevoir des notifications sur leurs publications<\/li>\n<li>Options flexibles et personnalisables pour le statut de publication et les param\u00e8tres de notification<\/li>\n<li>Compatible avec les installations multisites et r\u00e9seau WordPress<\/li>\n<\/ul>\n","protected":false},"excerpt":{"rendered":"<p>Ninja Forms Front End Posting est un plugin WordPress incroyablement pratique qui accorde aux utilisateurs la capacit\u00e9 pratique de soumettre facilement des publications, des pages et des types de messages personnalis\u00e9s via le frontal de leur site Web estim\u00e9. Cet outil impressionnant permet aux utilisateurs de construire habilement des formulaires personnalis\u00e9s en utilisant une interface de glisser-d\u00e9poser remarquablement conviviale, int\u00e9grant par la suite lesdits formulaires dans n&rsquo;importe quel emplacement souhait\u00e9 sur leur site estim\u00e9. Ces formulaires impressionnants poss\u00e8dent un \u00e9ventail de fonctionnalit\u00e9s remarquables, y compris l&rsquo;inclusion de champs personnalis\u00e9s, la facilitation des t\u00e9l\u00e9chargements de fichiers et m\u00eame les int\u00e9grations transparentes avec divers services de marketing par e-mail de premier plan. En adoptant le potentiel remarquable que Ninja forme les offres de publication frontale, les utilisateurs peuvent rationaliser efficacement le processus de cr\u00e9ation de contenu ardu, en favorisant par la suite un engagement accru du public directement sur leur site Web estim\u00e9.<\/p>\n","protected":false},"featured_media":144774,"comment_status":"open","ping_status":"open","template":"","meta":[],"product_brand":[2605],"product_cat":[1189,1181,1186],"product_tag":[1313],"class_list":{"0":"post-121759","1":"product","2":"type-product","3":"status-publish","4":"has-post-thumbnail","6":"product_brand-ninja-forms","7":"product_cat-personnalisation","8":"product_cat-plugins","9":"product_cat-wordpress-plugins","10":"product_tag-ninja-forms","11":"member-discount","12":"discount-restricted","14":"first","15":"instock","16":"sale","17":"downloadable","18":"virtual","19":"sold-individually","20":"purchasable","21":"product-type-simple"},"_links":{"self":[{"href":"https:\/\/gpl-love.com\/fr\/wp-json\/wp\/v2\/product\/121759","targetHints":{"allow":["GET"]}}],"collection":[{"href":"https:\/\/gpl-love.com\/fr\/wp-json\/wp\/v2\/product"}],"about":[{"href":"https:\/\/gpl-love.com\/fr\/wp-json\/wp\/v2\/types\/product"}],"replies":[{"embeddable":true,"href":"https:\/\/gpl-love.com\/fr\/wp-json\/wp\/v2\/comments?post=121759"}],"wp:featuredmedia":[{"embeddable":true,"href":"https:\/\/gpl-love.com\/fr\/wp-json\/wp\/v2\/media\/144774"}],"wp:attachment":[{"href":"https:\/\/gpl-love.com\/fr\/wp-json\/wp\/v2\/media?parent=121759"}],"wp:term":[{"taxonomy":"product_brand","embeddable":true,"href":"https:\/\/gpl-love.com\/fr\/wp-json\/wp\/v2\/product_brand?post=121759"},{"taxonomy":"product_cat","embeddable":true,"href":"https:\/\/gpl-love.com\/fr\/wp-json\/wp\/v2\/product_cat?post=121759"},{"taxonomy":"product_tag","embeddable":true,"href":"https:\/\/gpl-love.com\/fr\/wp-json\/wp\/v2\/product_tag?post=121759"}],"curies":[{"name":"wp","href":"https:\/\/api.w.org\/{rel}","templated":true}]}}