{"id":121757,"date":"2025-06-08T00:00:00","date_gmt":"2025-06-07T22:00:00","guid":{"rendered":"https:\/\/gpl-love.com\/fr\/produit\/ninja-forms-clicksend-sms\/"},"modified":"2026-04-10T18:34:05","modified_gmt":"2026-04-10T16:34:05","slug":"ninja-forms-clicksend-sms","status":"publish","type":"product","link":"https:\/\/gpl-love.com\/fr\/produit\/ninja-forms-clicksend-sms\/","title":{"rendered":"Ninja Forms ClickSend SMS 3.0.2"},"content":{"rendered":"<h3>Ninja Forms ClickSend SMS Traits<\/h3>\n<p>Les formulaires Ninja ClickSend SMS sont un outil extr\u00eamement puissant et efficace qui accorde aux utilisateurs la capacit\u00e9 in\u00e9gal\u00e9e \u00e0 exp\u00e9dier sans effort les messages texte \u00e0 leurs clients estim\u00e9s ou clients estim\u00e9s. Gr\u00e2ce \u00e0 son interface remarquablement simple et \u00e0 son int\u00e9gration impeccablement fluide avec les formulaires Ninja, les utilisateurs peuvent rapidement fabriquer et transmettre des messages SMS directement \u00e0 partir des limites de leur site Web WordPress. Ce plugin remarquable profite \u00e0 une vaste gamme d&rsquo;options personnalisables, ce qui permet aux utilisateurs d&rsquo;adapter leurs messages avec la plus grande pr\u00e9cision en fonction de leurs exigences idiosyncratiques. De plus, les utilisateurs peuvent surveiller m\u00e9ticuleusement le triomphe de leurs messages gr\u00e2ce \u00e0 la fourniture de rapports en temps r\u00e9el, garantissant ainsi que leur public cible pr\u00e9vu est effectivement atteint. Dans l&rsquo;ensemble, on peut affirmer avec confiance que les formulaires Ninja ClickSend SMS sont une solution exceptionnelle pour les entreprises souhaitant am\u00e9liorer leur communication avec les clients et rationaliser leurs efforts de marketing.<\/p>\n<ul>\n<li>Possibilit\u00e9 d&rsquo;envoyer des notifications SMS aux clients via l&rsquo;int\u00e9gration de clicksend dans les formulaires ninja<\/li>\n<li>Personnaliser les messages SMS avec des champs personnalis\u00e9s et fusionner les balises<\/li>\n<li>Planifiez les messages SMS \u00e0 envoyer \u00e0 une heure ou une date sp\u00e9cifique<\/li>\n<li>Suivez la livraison des messages SMS avec des mises \u00e0 jour en temps r\u00e9el et des rapports d&rsquo;\u00e9tat de livraison<\/li>\n<li>G\u00e9rer et surveiller facilement l&rsquo;historique des messages SMS dans l&rsquo;interface Ninja Forms<\/li>\n<li>Rationalisez la communication avec les clients et envoyez des mises \u00e0 jour ou des rappels importants directement \u00e0 leur appareil mobile<\/li>\n<li>Int\u00e8gre de mani\u00e8re transparente avec les formulaires Ninja, aucun plugins ou logiciel suppl\u00e9mentaires n\u00e9cessaires<\/li>\n<li>Prix \u200b\u200babordable avec des plans flexibles pour r\u00e9pondre aux besoins de toute entreprise ou projet<\/li>\n<\/ul>\n","protected":false},"excerpt":{"rendered":"<p>Le plugin SMS Ninja Forms ClickSend offre une solution compl\u00e8te et optimale pour les entreprises qui cherchent \u00e0 communiquer efficacement et rapidement avec leur client\u00e8le. Ce plugin s&rsquo;int\u00e8gre de mani\u00e8re transparente aux formulaires Ninja, facilitant ainsi la transmission des notifications SMS et des mises \u00e0 jour directement sur les appareils mobiles de vos clients. \u00c9quip\u00e9 d&rsquo;une interface conviviale et de mod\u00e8les personnalisables, vous pouvez fa\u00e7onner sans effort le SMS id\u00e9al pour une occasion donn\u00e9e. Que votre objectif concerne la confirmation d&rsquo;un rendez-vous, le d\u00e9caissement d&rsquo;une offre promotionnelle ou la diffusion de mises \u00e0 jour pertinentes de vos clients estim\u00e9s, notre plugin ClickSend SMS facilitera sans aucun doute l&rsquo;ex\u00e9cution r\u00e9ussie de ces t\u00e2ches. De plus, soyez assur\u00e9 qu&rsquo;avec le service SMS fiable et rentable de ClickSend, l&rsquo;appr\u00e9hension concernant la perte ou le retard de vos messages deviendra une chose du pass\u00e9. Embrassez le plugin SMS Ninja Forms Cliquez aujourd&rsquo;hui et r\u00e9volutionnez vos interactions avec vos pr\u00e9cieux clients!<\/p>\n","protected":false},"featured_media":144763,"comment_status":"open","ping_status":"open","template":"","meta":[],"product_brand":[2605],"product_cat":[1207,1181,1186],"product_tag":[1313],"class_list":{"0":"post-121757","1":"product","2":"type-product","3":"status-publish","4":"has-post-thumbnail","6":"product_brand-ninja-forms","7":"product_cat-commercialisation-wordpress-plugins","8":"product_cat-plugins","9":"product_cat-wordpress-plugins","10":"product_tag-ninja-forms","11":"member-discount","12":"discount-restricted","14":"first","15":"instock","16":"sale","17":"downloadable","18":"virtual","19":"sold-individually","20":"purchasable","21":"product-type-simple"},"_links":{"self":[{"href":"https:\/\/gpl-love.com\/fr\/wp-json\/wp\/v2\/product\/121757","targetHints":{"allow":["GET"]}}],"collection":[{"href":"https:\/\/gpl-love.com\/fr\/wp-json\/wp\/v2\/product"}],"about":[{"href":"https:\/\/gpl-love.com\/fr\/wp-json\/wp\/v2\/types\/product"}],"replies":[{"embeddable":true,"href":"https:\/\/gpl-love.com\/fr\/wp-json\/wp\/v2\/comments?post=121757"}],"wp:featuredmedia":[{"embeddable":true,"href":"https:\/\/gpl-love.com\/fr\/wp-json\/wp\/v2\/media\/144763"}],"wp:attachment":[{"href":"https:\/\/gpl-love.com\/fr\/wp-json\/wp\/v2\/media?parent=121757"}],"wp:term":[{"taxonomy":"product_brand","embeddable":true,"href":"https:\/\/gpl-love.com\/fr\/wp-json\/wp\/v2\/product_brand?post=121757"},{"taxonomy":"product_cat","embeddable":true,"href":"https:\/\/gpl-love.com\/fr\/wp-json\/wp\/v2\/product_cat?post=121757"},{"taxonomy":"product_tag","embeddable":true,"href":"https:\/\/gpl-love.com\/fr\/wp-json\/wp\/v2\/product_tag?post=121757"}],"curies":[{"name":"wp","href":"https:\/\/api.w.org\/{rel}","templated":true}]}}