{"id":121755,"date":"2021-02-09T00:00:00","date_gmt":"2021-02-08T23:00:00","guid":{"rendered":"https:\/\/gpl-love.com\/fr\/produit\/mythemeshop-viral-wordpress-theme\/"},"modified":"2026-04-10T18:33:23","modified_gmt":"2026-04-10T16:33:23","slug":"mythemeshop-viral-wordpress-theme","status":"publish","type":"product","link":"https:\/\/gpl-love.com\/fr\/produit\/mythemeshop-viral-wordpress-theme\/","title":{"rendered":"MyThemeShop Viral WordPress Theme 1.1.4"},"content":{"rendered":"<h3>MyThemeShop Viral WordPress Theme Traits<\/h3>\n<p>Le th\u00e8me WordPress viral MyTheShop est un th\u00e8me vraiment remarquable sp\u00e9cialement con\u00e7u pour les blogueurs et les propri\u00e9taires de sites Web qui aspirent \u00e0 g\u00e9n\u00e9rer du contenu viral qui est \u00e0 la fois facilement partageable et tr\u00e8s captivant. B\u00e9n\u00e9ficiant d&rsquo;un design \u00e9l\u00e9gant et contemporain, ce th\u00e8me est un joyau absolu pour ceux qui cherchent \u00e0 organiser un site Web qui d\u00e9gage une esth\u00e9tique polie et professionnelle. \u00c9quip\u00e9 d&rsquo;une gamme de fonctionnalit\u00e9s, y compris une int\u00e9gration transparente avec diverses plateformes de m\u00e9dias sociaux, des widgets personnalisables et des formats de publication polyvalents, ce th\u00e8me vous offre un moyen sans effort de produire du contenu qui r\u00e9sonne avec votre public \u00e0 un niveau profond. De plus, gr\u00e2ce \u00e0 son optimisation m\u00e9ticuleuse pour les algorithmes de moteur de recherche, la visibilit\u00e9 de votre site Web montera en fl\u00e8che, la propulsant aux \u00e9chelons sup\u00e9rieurs des pages de r\u00e9sultats des moteurs de recherche. Dans l&rsquo;ensemble, le th\u00e8me WordPress viral MyTheShop est un choix exceptionnel pour quiconque aspire \u00e0 construire un site Web qui est exceptionnellement captivant et destin\u00e9 au succ\u00e8s retentissant.<\/p>\n<ul>\n<li>Design tr\u00e8s r\u00e9actif et convivial<\/li>\n<li>Widgets et raccourcis personnalis\u00e9s pour une personnalisation facile<\/li>\n<li>Builder de page d&rsquo;accueil de tra\u00een\u00e9e et de d\u00e9p\u00f4t facile \u00e0 utiliser<\/li>\n<li>Plusieurs formats de publication, y compris l&rsquo;audio et la vid\u00e9o<\/li>\n<li>Int\u00e9gration des m\u00e9dias sociaux pour un partage accru<\/li>\n<li>Gestion de publicit\u00e9 int\u00e9gr\u00e9e pour les options de mon\u00e9tisation<\/li>\n<li>SEO optimis\u00e9 pour am\u00e9liorer le classement des moteurs de recherche<\/li>\n<li>Importation de d\u00e9monstration en un clic pour une configuration rapide<\/li>\n<li>\u00c9quipe de support d\u00e9di\u00e9e et documentation \u00e9tendue<\/li>\n<li>Mises \u00e0 jour r\u00e9guli\u00e8res et compatibilit\u00e9 avec les derni\u00e8res versions WordPress.<\/li>\n<\/ul>\n","protected":false},"excerpt":{"rendered":"<p>Le th\u00e8me de WordPress viral MyTheShop est un th\u00e8me tr\u00e8s r\u00e9actif et visuellement captivant qui a \u00e9t\u00e9 m\u00e9ticuleusement con\u00e7u dans le but de vous aider dans la cr\u00e9ation de sites Web viraux captivants. Que votre intention soit de lancer un site d&rsquo;information viral ou une plate-forme de marketing des m\u00e9dias sociaux, le th\u00e8me viral est s\u00fbr de r\u00e9pondre \u00e0 vos besoins sans effort. B\u00e9n\u00e9ficiant d&rsquo;un design \u00e9l\u00e9gant et contemporain, le th\u00e8me offre une multitude de dispositions de page d&rsquo;accueil personnalisables, incorporant des boutons de partage social int\u00e9gr\u00e9s, ainsi que des options de personnalisation conviviales. Par cons\u00e9quent, il appara\u00eet comme une option exceptionnelle pour les blogueurs, les sp\u00e9cialistes du marketing et les propri\u00e9taires de sites Web qui aspirent \u00e0 promouvoir efficacement leur contenu et \u00e0 \u00e9tendre leur public. Arm\u00e9 des caract\u00e9ristiques puissantes et de la flexibilit\u00e9 in\u00e9gal\u00e9e que Viral offre, vous pourrez sans aucun doute \u00e9tablir un site Web qui se distingue sans effort des innombrables autres, g\u00e9n\u00e9rant ainsi avec succ\u00e8s le trafic vers votre pr\u00e9cieux contenu.<\/p>\n","protected":false},"featured_media":144703,"comment_status":"open","ping_status":"open","template":"","meta":[],"product_brand":[2601],"product_cat":[1242,1212,1213],"product_tag":[1309],"class_list":{"0":"post-121755","1":"product","2":"type-product","3":"status-publish","4":"has-post-thumbnail","6":"product_brand-my-theme-shop","7":"product_cat-creatif","8":"product_cat-themes","9":"product_cat-wordpress-themes","10":"product_tag-my-theme-shop","11":"member-discount","12":"discount-restricted","14":"first","15":"instock","16":"sale","17":"downloadable","18":"virtual","19":"sold-individually","20":"purchasable","21":"product-type-simple"},"_links":{"self":[{"href":"https:\/\/gpl-love.com\/fr\/wp-json\/wp\/v2\/product\/121755","targetHints":{"allow":["GET"]}}],"collection":[{"href":"https:\/\/gpl-love.com\/fr\/wp-json\/wp\/v2\/product"}],"about":[{"href":"https:\/\/gpl-love.com\/fr\/wp-json\/wp\/v2\/types\/product"}],"replies":[{"embeddable":true,"href":"https:\/\/gpl-love.com\/fr\/wp-json\/wp\/v2\/comments?post=121755"}],"wp:featuredmedia":[{"embeddable":true,"href":"https:\/\/gpl-love.com\/fr\/wp-json\/wp\/v2\/media\/144703"}],"wp:attachment":[{"href":"https:\/\/gpl-love.com\/fr\/wp-json\/wp\/v2\/media?parent=121755"}],"wp:term":[{"taxonomy":"product_brand","embeddable":true,"href":"https:\/\/gpl-love.com\/fr\/wp-json\/wp\/v2\/product_brand?post=121755"},{"taxonomy":"product_cat","embeddable":true,"href":"https:\/\/gpl-love.com\/fr\/wp-json\/wp\/v2\/product_cat?post=121755"},{"taxonomy":"product_tag","embeddable":true,"href":"https:\/\/gpl-love.com\/fr\/wp-json\/wp\/v2\/product_tag?post=121755"}],"curies":[{"name":"wp","href":"https:\/\/api.w.org\/{rel}","templated":true}]}}