{"id":121753,"date":"2022-02-20T00:00:00","date_gmt":"2022-02-19T23:00:00","guid":{"rendered":"https:\/\/gpl-love.com\/fr\/produit\/mythemeshop-truepixel-wordpress-theme\/"},"modified":"2026-04-10T18:33:21","modified_gmt":"2026-04-10T16:33:21","slug":"mythemeshop-truepixel-wordpress-theme","status":"publish","type":"product","link":"https:\/\/gpl-love.com\/fr\/produit\/mythemeshop-truepixel-wordpress-theme\/","title":{"rendered":"MyThemeShop TruePixel WordPress Theme 4.2.3"},"content":{"rendered":"<h3>MyThemeShop TruePixel WordPress Theme Traits<\/h3>\n<p>Le th\u00e8me TruEPixel WordPress, d\u00e9velopp\u00e9 par MyTheMeshop, se distingue sans aucun doute comme un th\u00e8me remarquablement polyvalent et convivial, sur mesure pour les blogueurs et les sites Web de style magazine en ligne. B\u00e9n\u00e9ficiant d&rsquo;un m\u00e9lange impeccable d&rsquo;un design \u00e9l\u00e9gant et contemporain, TruePixel offre sans effort une exp\u00e9rience utilisateur transparente qui est non seulement visuellement captivante mais aussi incroyablement facile \u00e0 naviguer. Ce th\u00e8me pr\u00e9sente un \u00e9ventail d&rsquo;options personnalisables, accordant aux utilisateurs la libert\u00e9 de choisir parmi plusieurs choix de mise en page, d&rsquo;int\u00e9grer des widgets personnalis\u00e9s et de manipuler de mani\u00e8re transparente les fonctionnalit\u00e9s de leur site Web via un panneau d&rsquo;options puissant. De plus, la forte r\u00e9activit\u00e9 de TruePixel garantit que votre contenu reste visuellement \u00e9tonnant et enti\u00e8rement optimis\u00e9 sur tous les appareils. Avec ses capacit\u00e9s d&rsquo;optimisation de moteur de recherche intrins\u00e8que, ce th\u00e8me solidifie davantage sa position comme une option attrayante pour les personnes d\u00e9sireuses d&rsquo;am\u00e9liorer la visibilit\u00e9 de leur site Web et d&rsquo;obtenir des classements de premier ordre sur les moteurs de recherche. Tout bien consid\u00e9r\u00e9, TruePixel appara\u00eet comme le choix ultime pour ceux qui recherchent un th\u00e8me WordPress poli et convivial.<\/p>\n<ul>\n<li>Conception enti\u00e8rement r\u00e9active<\/li>\n<li>Page d&rsquo;accueil personnalisable avec plusieurs options de mise en page<\/li>\n<li>Syst\u00e8me de gestion de publicit\u00e9 int\u00e9gr\u00e9<\/li>\n<li>Ic\u00f4nes de m\u00e9dias sociaux int\u00e9gr\u00e9s<\/li>\n<li>Optimis\u00e9 pour la vitesse et le r\u00e9f\u00e9rencement<\/li>\n<li>Widgets personnalis\u00e9s pour les publications populaires, les m\u00e9dias sociaux et plus<\/li>\n<li>Options de couleurs illimit\u00e9es pour correspondre \u00e0 votre marque<\/li>\n<li>Traduction pr\u00eate pour le public mondial<\/li>\n<li>Installation en un clic et importation de contenu de d\u00e9monstration<\/li>\n<li>\u00c9quipe de support d\u00e9di\u00e9e disponible 24\/7<\/li>\n<\/ul>\n","protected":false},"excerpt":{"rendered":"<p>Le th\u00e8me WordPress de MyTheMeshop TruePixel, un th\u00e8me de site Web visuellement attrayant et convivial, est con\u00e7u de mani\u00e8re experte pour pr\u00e9senter votre contenu d&rsquo;une mani\u00e8re esth\u00e9tiquement agr\u00e9able et facilement accessible. Ce th\u00e8me, offrant un design \u00e9l\u00e9gant et sophistiqu\u00e9 avec ses lignes raffin\u00e9es et sa disposition r\u00e9active, est m\u00e9ticuleusement optimis\u00e9e pour une utilisation transparente sur les appareils de bureau et mobiles. Offrant une vaste gamme d&rsquo;options personnalisables, telles que divers sch\u00e9mas de couleurs, des styles de polices polyvalents et des dispositions de widgets adaptables, ce th\u00e8me vous offre la flexibilit\u00e9 d&rsquo;adapter votre site Web en fonction de vos exigences distinctes. Que vous soyez un blogueur prolifique ou un propri\u00e9taire d&rsquo;entreprise de commerce \u00e9lectronique dynamique, l&rsquo;utilisation du th\u00e8me WordPress de MyTheMeshop TruePixel conf\u00e9rera une apparence autoritaire et polie \u00e0 votre site Web tout en amplifiant simultan\u00e9ment votre impact et votre pr\u00e9sence en ligne.<\/p>\n","protected":false},"featured_media":144701,"comment_status":"open","ping_status":"open","template":"","meta":[],"product_brand":[2601],"product_cat":[1242,1212,1213],"product_tag":[1309],"class_list":{"0":"post-121753","1":"product","2":"type-product","3":"status-publish","4":"has-post-thumbnail","6":"product_brand-my-theme-shop","7":"product_cat-creatif","8":"product_cat-themes","9":"product_cat-wordpress-themes","10":"product_tag-my-theme-shop","11":"member-discount","12":"discount-restricted","14":"first","15":"instock","16":"sale","17":"downloadable","18":"virtual","19":"sold-individually","20":"purchasable","21":"product-type-simple"},"_links":{"self":[{"href":"https:\/\/gpl-love.com\/fr\/wp-json\/wp\/v2\/product\/121753","targetHints":{"allow":["GET"]}}],"collection":[{"href":"https:\/\/gpl-love.com\/fr\/wp-json\/wp\/v2\/product"}],"about":[{"href":"https:\/\/gpl-love.com\/fr\/wp-json\/wp\/v2\/types\/product"}],"replies":[{"embeddable":true,"href":"https:\/\/gpl-love.com\/fr\/wp-json\/wp\/v2\/comments?post=121753"}],"wp:featuredmedia":[{"embeddable":true,"href":"https:\/\/gpl-love.com\/fr\/wp-json\/wp\/v2\/media\/144701"}],"wp:attachment":[{"href":"https:\/\/gpl-love.com\/fr\/wp-json\/wp\/v2\/media?parent=121753"}],"wp:term":[{"taxonomy":"product_brand","embeddable":true,"href":"https:\/\/gpl-love.com\/fr\/wp-json\/wp\/v2\/product_brand?post=121753"},{"taxonomy":"product_cat","embeddable":true,"href":"https:\/\/gpl-love.com\/fr\/wp-json\/wp\/v2\/product_cat?post=121753"},{"taxonomy":"product_tag","embeddable":true,"href":"https:\/\/gpl-love.com\/fr\/wp-json\/wp\/v2\/product_tag?post=121753"}],"curies":[{"name":"wp","href":"https:\/\/api.w.org\/{rel}","templated":true}]}}