{"id":121751,"date":"2022-02-20T00:00:00","date_gmt":"2022-02-19T23:00:00","guid":{"rendered":"https:\/\/gpl-love.com\/fr\/produit\/mythemeshop-steadyincome-wordpress-theme\/"},"modified":"2026-04-10T18:33:18","modified_gmt":"2026-04-10T16:33:18","slug":"mythemeshop-steadyincome-wordpress-theme","status":"publish","type":"product","link":"https:\/\/gpl-love.com\/fr\/produit\/mythemeshop-steadyincome-wordpress-theme\/","title":{"rendered":"MyThemeShop SteadyIncome WordPress Theme 2.2.11"},"content":{"rendered":"<h3>MyThemeShop SteadyIncome WordPress Theme Traits<\/h3>\n<p>Le th\u00e8me WordPress MyTheMeshop Fasticleincome offre une solution id\u00e9ale pour les blogueurs et les entrepreneurs en ligne qui cherchent \u00e0 maximiser le potentiel financier de leur contenu. Il pr\u00e9sente aux utilisateurs de nombreuses options de placement d&rsquo;annonces, un syst\u00e8me d&rsquo;examen int\u00e9gr\u00e9 et une disposition de page d&rsquo;accueil personnalisable, leur permettant ainsi de pr\u00e9senter sans effort leurs produits, services et liens d&rsquo;affiliation, g\u00e9n\u00e9rant par la suite un revenu substantiel. De plus, le th\u00e8me poss\u00e8de une conception r\u00e9active, un panneau d&rsquo;options convivial et un code optimis\u00e9 qui assure des temps de chargement rapides. De plus, le th\u00e8me offre des possibilit\u00e9s de personnalisation illimit\u00e9 et une fonction d&rsquo;importation de d\u00e9monstration en un clic, permettant ainsi aux utilisateurs de fa\u00e7onner sans effort un site Web distinctif et poli. En r\u00e9sum\u00e9, le th\u00e8me MytheMeshop FascilierIncome est un investissement prudent et enrichissant pour les personnes aspirant \u00e0 transformer leur blog ou leur site Web en une entreprise commerciale lucrative et prosp\u00e8re.<\/p>\n<ul>\n<li>Design propre et moderne pour les sites Web professionnels<\/li>\n<li>Syst\u00e8me de gestion de publicit\u00e9 int\u00e9gr\u00e9 pour une mon\u00e9tisation facile<\/li>\n<li>Structure adapt\u00e9e au r\u00e9f\u00e9rencement pour augmenter le trafic organique vers votre site<\/li>\n<li>Conception enti\u00e8rement r\u00e9active pour une visualisation optimale sur tous les appareils<\/li>\n<li>Widgets personnalis\u00e9s et shortcodes pour des fonctionnalit\u00e9s suppl\u00e9mentaires<\/li>\n<li>Personnalisation facile avec un panneau d&rsquo;options puissant et un aper\u00e7u en direct<\/li>\n<li>Int\u00e9gration avec des plugins populaires comme le formulaire de contact 7 et Yoast SEO<\/li>\n<li>Contenu de d\u00e9monstration inclus pour une configuration rapide<\/li>\n<li>\u00c9quipe de support d\u00e9di\u00e9e et documentation \u00e9tendue<\/li>\n<li>Mises \u00e0 jour r\u00e9guli\u00e8res et am\u00e9liorations pour assurer la compatibilit\u00e9 avec la derni\u00e8re version WordPress<\/li>\n<\/ul>\n","protected":false},"excerpt":{"rendered":"<p>Nous sommes ravis de pr\u00e9senter le th\u00e8me WordPress MyTheMeshop Fasilineccome, une solution remarquable pour les personnes cherchant \u00e0 \u00e9tablir un site Web robuste et sophistiqu\u00e9. Ce th\u00e8me a \u00e9t\u00e9 m\u00e9ticuleusement con\u00e7u pour r\u00e9pondre aux exigences des blogueurs et des entrepreneurs en ligne, leur offrant des fonctionnalit\u00e9s avanc\u00e9es, notamment la gestion des publicit\u00e9s, l&rsquo;int\u00e9gration transparente des plateformes de m\u00e9dias sociaux et des widgets personnalisables. B\u00e9n\u00e9ficiant d&rsquo;un design \u00e9l\u00e9gant et contemporain, le th\u00e8me WordPress stableincome a \u00e9t\u00e9 affin\u00e9 pour optimiser la vitesse, l&rsquo;adaptabilit\u00e9 aux appareils mobiles et l&rsquo;optimisation des moteurs de recherche. Que vous vous embarquiez dans votre parcours en ligne ou que vous vous efforcez d&rsquo;\u00e9largir votre pr\u00e9sence num\u00e9rique, le th\u00e8me WordPress MyTheShop Fasilineccome est une s\u00e9lection impeccable.<\/p>\n","protected":false},"featured_media":144698,"comment_status":"open","ping_status":"open","template":"","meta":[],"product_brand":[2601],"product_cat":[1242,1212,1213],"product_tag":[1309],"class_list":{"0":"post-121751","1":"product","2":"type-product","3":"status-publish","4":"has-post-thumbnail","6":"product_brand-my-theme-shop","7":"product_cat-creatif","8":"product_cat-themes","9":"product_cat-wordpress-themes","10":"product_tag-my-theme-shop","11":"member-discount","12":"discount-restricted","14":"first","15":"instock","16":"sale","17":"downloadable","18":"virtual","19":"sold-individually","20":"purchasable","21":"product-type-simple"},"_links":{"self":[{"href":"https:\/\/gpl-love.com\/fr\/wp-json\/wp\/v2\/product\/121751","targetHints":{"allow":["GET"]}}],"collection":[{"href":"https:\/\/gpl-love.com\/fr\/wp-json\/wp\/v2\/product"}],"about":[{"href":"https:\/\/gpl-love.com\/fr\/wp-json\/wp\/v2\/types\/product"}],"replies":[{"embeddable":true,"href":"https:\/\/gpl-love.com\/fr\/wp-json\/wp\/v2\/comments?post=121751"}],"wp:featuredmedia":[{"embeddable":true,"href":"https:\/\/gpl-love.com\/fr\/wp-json\/wp\/v2\/media\/144698"}],"wp:attachment":[{"href":"https:\/\/gpl-love.com\/fr\/wp-json\/wp\/v2\/media?parent=121751"}],"wp:term":[{"taxonomy":"product_brand","embeddable":true,"href":"https:\/\/gpl-love.com\/fr\/wp-json\/wp\/v2\/product_brand?post=121751"},{"taxonomy":"product_cat","embeddable":true,"href":"https:\/\/gpl-love.com\/fr\/wp-json\/wp\/v2\/product_cat?post=121751"},{"taxonomy":"product_tag","embeddable":true,"href":"https:\/\/gpl-love.com\/fr\/wp-json\/wp\/v2\/product_tag?post=121751"}],"curies":[{"name":"wp","href":"https:\/\/api.w.org\/{rel}","templated":true}]}}