{"id":121749,"date":"2021-02-09T00:00:00","date_gmt":"2021-02-08T23:00:00","guid":{"rendered":"https:\/\/gpl-love.com\/fr\/produit\/mythemeshop-sensational-wordpress-theme\/"},"modified":"2026-04-10T18:33:16","modified_gmt":"2026-04-10T16:33:16","slug":"mythemeshop-sensational-wordpress-theme","status":"publish","type":"product","link":"https:\/\/gpl-love.com\/fr\/produit\/mythemeshop-sensational-wordpress-theme\/","title":{"rendered":"MyThemeShop Sensational WordPress Theme 3.2.4"},"content":{"rendered":"<h3>MyThemeShop Sensational WordPress Theme Traits<\/h3>\n<p>Le th\u00e8me WordPress sensationnel MyTheShop, r\u00e9put\u00e9 pour sa puissance et son \u00e9l\u00e9gance, est sp\u00e9cifiquement con\u00e7u pour faciliter les blogueurs et les \u00e9diteurs en ligne pour cr\u00e9er des sites Web visuellement captivants avec la plus grande commodit\u00e9. B\u00e9n\u00e9ficiant d&rsquo;un design vierge et contemporain, ce th\u00e8me fournit une plate-forme id\u00e9ale pour montrer votre contenu d&rsquo;une mani\u00e8re splendide et captivante, assurant simultan\u00e9ment une exp\u00e9rience utilisateur transparente pour vos visiteurs estim\u00e9s. Emball\u00e9 avec un \u00e9ventail de fonctionnalit\u00e9s exceptionnelles telles qu&rsquo;une conception r\u00e9active, une pl\u00e9thore de dispositions de page d&rsquo;accueil \u00e0 choisir, des widgets personnalisables et un panneau d&rsquo;options de th\u00e8me robuste, le th\u00e8me WordPress sensationnel est le choix ultime pour les personnes cherchant \u00e0 construire un sophistiqu\u00e9 et raffin\u00e9 site Internet. Que vous vous identifiiez en tant que blogueur, \u00e9crivain ou \u00e9diteur en ligne, ce th\u00e8me est assur\u00e9 de laisser une impression ind\u00e9l\u00e9bile et de vous aider \u00e0 atteindre vos aspirations en ligne.<\/p>\n<ul>\n<li>Design beau et professionnel<\/li>\n<li>Enti\u00e8rement r\u00e9actif et convivial<\/li>\n<li>SEO optimis\u00e9 pour un meilleur classement des moteurs de recherche<\/li>\n<li>Int\u00e9gration int\u00e9gr\u00e9e des m\u00e9dias sociaux pour partager du contenu<\/li>\n<li>Page d&rsquo;accueil personnalisable avec plusieurs options de mise en page<\/li>\n<li>Panneau d&rsquo;options faciles \u00e0 utiliser pour la personnalisation<\/li>\n<li>WooCommerce compatible pour une int\u00e9gration de boutique en ligne facile<\/li>\n<li>Vitesse optimis\u00e9e pour les temps de chargement rapide<\/li>\n<li>Widgets personnalis\u00e9s et shortcodes pour des fonctionnalit\u00e9s suppl\u00e9mentaires<\/li>\n<li>Excellent support client et documentation.<\/li>\n<\/ul>\n","protected":false},"excerpt":{"rendered":"<p>Le th\u00e8me WordPress sensationnel MyTheShop, un th\u00e8me esth\u00e9tique et dynamiquement adaptable, a \u00e9t\u00e9 ing\u00e9nieusement con\u00e7u pour r\u00e9pondre aux besoins des blogueurs, des \u00e9diteurs de magazines et des sites Web ax\u00e9s sur le contenu. B\u00e9n\u00e9ficiant d&rsquo;un design pleinement r\u00e9actif, ce th\u00e8me pr\u00e9sente une disposition \u00e9l\u00e9gante et contemporaine qui est tenue de captiver et d&rsquo;engager vos lecteurs. De plus, il offre une vaste gamme d&rsquo;options de personnalisation, y compris l&rsquo;acc\u00e8s aux polices Google, un syst\u00e8me d&rsquo;examen int\u00e9gr\u00e9 et des boutons de m\u00e9dias sociaux pratiques pour le partage sans effort. La modification de l&rsquo;apparence et la fonctionnalit\u00e9 du th\u00e8me est de mani\u00e8re transparente est un jeu d&rsquo;enfant avec l&rsquo;inclusion d&rsquo;un tableau de bord personnalis\u00e9 intuitif, tandis que la configuration de votre page d&rsquo;accueil avec diverses zones de widget est un processus rapide et sans tracas. Que vous aspirez \u00e0 \u00e9tablir un blog personnel ou un site Web professionnel, le th\u00e8me sensationnel garantit une solution visuellement frappante et adaptable qui peut \u00eatre adapt\u00e9e \u00e0 vos pr\u00e9f\u00e9rences et exigences sp\u00e9cifiques.<\/p>\n","protected":false},"featured_media":144694,"comment_status":"open","ping_status":"open","template":"","meta":[],"product_brand":[2601],"product_cat":[1220,1212,1213],"product_tag":[1309],"class_list":{"0":"post-121749","1":"product","2":"type-product","3":"status-publish","4":"has-post-thumbnail","6":"product_brand-my-theme-shop","7":"product_cat-blog-magazine","8":"product_cat-themes","9":"product_cat-wordpress-themes","10":"product_tag-my-theme-shop","11":"member-discount","12":"discount-restricted","14":"first","15":"instock","16":"sale","17":"downloadable","18":"virtual","19":"sold-individually","20":"purchasable","21":"product-type-simple"},"_links":{"self":[{"href":"https:\/\/gpl-love.com\/fr\/wp-json\/wp\/v2\/product\/121749","targetHints":{"allow":["GET"]}}],"collection":[{"href":"https:\/\/gpl-love.com\/fr\/wp-json\/wp\/v2\/product"}],"about":[{"href":"https:\/\/gpl-love.com\/fr\/wp-json\/wp\/v2\/types\/product"}],"replies":[{"embeddable":true,"href":"https:\/\/gpl-love.com\/fr\/wp-json\/wp\/v2\/comments?post=121749"}],"wp:featuredmedia":[{"embeddable":true,"href":"https:\/\/gpl-love.com\/fr\/wp-json\/wp\/v2\/media\/144694"}],"wp:attachment":[{"href":"https:\/\/gpl-love.com\/fr\/wp-json\/wp\/v2\/media?parent=121749"}],"wp:term":[{"taxonomy":"product_brand","embeddable":true,"href":"https:\/\/gpl-love.com\/fr\/wp-json\/wp\/v2\/product_brand?post=121749"},{"taxonomy":"product_cat","embeddable":true,"href":"https:\/\/gpl-love.com\/fr\/wp-json\/wp\/v2\/product_cat?post=121749"},{"taxonomy":"product_tag","embeddable":true,"href":"https:\/\/gpl-love.com\/fr\/wp-json\/wp\/v2\/product_tag?post=121749"}],"curies":[{"name":"wp","href":"https:\/\/api.w.org\/{rel}","templated":true}]}}