{"id":121747,"date":"2022-02-20T00:00:00","date_gmt":"2022-02-19T23:00:00","guid":{"rendered":"https:\/\/gpl-love.com\/fr\/produit\/mythemeshop-pinstagram-wordpress-theme\/"},"modified":"2026-04-10T18:33:08","modified_gmt":"2026-04-10T16:33:08","slug":"mythemeshop-pinstagram-wordpress-theme","status":"publish","type":"product","link":"https:\/\/gpl-love.com\/fr\/produit\/mythemeshop-pinstagram-wordpress-theme\/","title":{"rendered":"MyThemeShop Pinstagram WordPress Theme 1.4.9"},"content":{"rendered":"<h3>MyThemeShop Pinstagram WordPress Theme Traits<\/h3>\n<p>Le th\u00e8me WordPress de Pinstagram, d\u00e9velopp\u00e9 par MyTheShop, est un th\u00e8me impressionnant et contemporain sp\u00e9cialement cr\u00e9\u00e9 pour les blogueurs, les photographes et les aficionados de Pinterest. B\u00e9n\u00e9ficiant d&rsquo;un design distinctif et adaptable, les utilisateurs ont la capacit\u00e9 de montrer sans effort leur contenu de mani\u00e8re esth\u00e9tique. En outre, ce th\u00e8me poss\u00e8de une r\u00e9activit\u00e9 compl\u00e8te, une optimisation des moteurs de recherche et une int\u00e9gration int\u00e9gr\u00e9e des m\u00e9dias sociaux. De plus, Pinstagram fournit une pl\u00e9thore de fonctionnalit\u00e9s comprenant des sch\u00e9mas de couleurs illimit\u00e9es, des widgets personnalis\u00e9s et un panneau d&rsquo;options accessible. Pour r\u00e9sumer, ce th\u00e8me est un choix impeccable pour les personnes cherchant \u00e0 \u00e9tablir une personnalit\u00e9 en ligne \u00e0 la mode et captivante.<\/p>\n<ul>\n<li>Design \u00e9l\u00e9gant et moderne en mettant l&rsquo;accent sur les images de haute qualit\u00e9<\/li>\n<li>Disposition enti\u00e8rement r\u00e9active qui a fi\u00e8re allure sur tous les appareils<\/li>\n<li>Options de personnalisation faciles, avec une gamme de pr\u00e9r\u00e9glages de disposition et de sch\u00e9mas de couleurs \u00e0 choisir<\/li>\n<li>Plusieurs formats de publication, y compris les galeries audio, vid\u00e9o et d&rsquo;image<\/li>\n<li>Widgets personnalis\u00e9s et shortcodes pour des fonctionnalit\u00e9s suppl\u00e9mentaires<\/li>\n<li>Caract\u00e9ristiques de r\u00e9f\u00e9rencement int\u00e9gr\u00e9es pour am\u00e9liorer les classements des moteurs de recherche<\/li>\n<li>Int\u00e9gration avec des plateformes de m\u00e9dias sociaux populaires pour rendre le contenu du partage rapide et facile<\/li>\n<li>Documentation d\u00e9taill\u00e9e et ressources de soutien pour vous aider \u00e0 tirer le meilleur parti du th\u00e8me<\/li>\n<li>Installation en un clic et mises \u00e0 jour automatiques pour la maintenance sans tracas.<\/li>\n<\/ul>\n","protected":false},"excerpt":{"rendered":"<p>Le th\u00e8me WordPress de MyTheMeshop Pinstagram est un th\u00e8me exquis qui pr\u00e9sente une fusion sans faille de l&rsquo;attrait visuel et de l&rsquo;efficacit\u00e9 op\u00e9rationnelle. Il sert de choix id\u00e9al pour les blogueurs, les photographes et les individus aspirant \u00e0 montrer leur contenu de mani\u00e8re captivante. Ce th\u00e8me pr\u00e9sente un attribut exemplaire d&rsquo;une mise en page r\u00e9active, des graphiques pr\u00eats \u00e0 la r\u00e9tine et une abondance d&rsquo;options de personnalisation. En embrassant Pinstagram, vous pouvez \u00e9tablir sans effort une pr\u00e9sence en ligne remarquable sans compromettre la qualit\u00e9 de l&rsquo;exp\u00e9rience utilisateur. Que votre intention soit de pr\u00e9senter vos photographies impressionnantes ou de publier des articles de blog passionnants, soyez assur\u00e9 que le th\u00e8me MytheMeshop Pinstagram WordPress r\u00e9pondra \u00e0 tous vos besoins et vos d\u00e9sirs.<\/p>\n","protected":false},"featured_media":144683,"comment_status":"open","ping_status":"open","template":"","meta":[],"product_brand":[2601],"product_cat":[1242,1212,1213],"product_tag":[1309],"class_list":{"0":"post-121747","1":"product","2":"type-product","3":"status-publish","4":"has-post-thumbnail","6":"product_brand-my-theme-shop","7":"product_cat-creatif","8":"product_cat-themes","9":"product_cat-wordpress-themes","10":"product_tag-my-theme-shop","11":"member-discount","12":"discount-restricted","14":"first","15":"instock","16":"sale","17":"downloadable","18":"virtual","19":"sold-individually","20":"purchasable","21":"product-type-simple"},"_links":{"self":[{"href":"https:\/\/gpl-love.com\/fr\/wp-json\/wp\/v2\/product\/121747","targetHints":{"allow":["GET"]}}],"collection":[{"href":"https:\/\/gpl-love.com\/fr\/wp-json\/wp\/v2\/product"}],"about":[{"href":"https:\/\/gpl-love.com\/fr\/wp-json\/wp\/v2\/types\/product"}],"replies":[{"embeddable":true,"href":"https:\/\/gpl-love.com\/fr\/wp-json\/wp\/v2\/comments?post=121747"}],"wp:featuredmedia":[{"embeddable":true,"href":"https:\/\/gpl-love.com\/fr\/wp-json\/wp\/v2\/media\/144683"}],"wp:attachment":[{"href":"https:\/\/gpl-love.com\/fr\/wp-json\/wp\/v2\/media?parent=121747"}],"wp:term":[{"taxonomy":"product_brand","embeddable":true,"href":"https:\/\/gpl-love.com\/fr\/wp-json\/wp\/v2\/product_brand?post=121747"},{"taxonomy":"product_cat","embeddable":true,"href":"https:\/\/gpl-love.com\/fr\/wp-json\/wp\/v2\/product_cat?post=121747"},{"taxonomy":"product_tag","embeddable":true,"href":"https:\/\/gpl-love.com\/fr\/wp-json\/wp\/v2\/product_tag?post=121747"}],"curies":[{"name":"wp","href":"https:\/\/api.w.org\/{rel}","templated":true}]}}