{"id":121745,"date":"2022-02-20T00:00:00","date_gmt":"2022-02-19T23:00:00","guid":{"rendered":"https:\/\/gpl-love.com\/fr\/produit\/mythemeshop-one-page-wordpress-theme\/"},"modified":"2026-04-10T18:33:07","modified_gmt":"2026-04-10T16:33:07","slug":"mythemeshop-one-page-wordpress-theme","status":"publish","type":"product","link":"https:\/\/gpl-love.com\/fr\/produit\/mythemeshop-one-page-wordpress-theme\/","title":{"rendered":"MyThemeShop One Page WordPress Theme 1.2.7"},"content":{"rendered":"<h3>MyThemeShop One Page WordPress Theme Traits<\/h3>\n<p>Le th\u00e8me WordPress de MyTheMeshop One Page est un mod\u00e8le de site Web tr\u00e8s polyvalent qui s&rsquo;adresse aux particuliers et aux entreprises cherchant \u00e0 \u00e9tablir une pr\u00e9sence en ligne \u00e9l\u00e9gante et sophistiqu\u00e9e avec la commodit\u00e9 d&rsquo;un format de page unique. Ce th\u00e8me exceptionnel est particuli\u00e8rement bien adapt\u00e9 aux pigistes, aux entrepreneurs et aux organisations visant \u00e0 pr\u00e9senter efficacement leur gamme de produits, de services ou de portefeuille de mani\u00e8re succincte et visuellement attrayante. La conception impeccable du th\u00e8me WordPress de MyTheMeshop One Page propose une esth\u00e9tique propre et contemporaine, accompagn\u00e9e d&rsquo;une mise en page pleinement r\u00e9active qui s&rsquo;adapte de mani\u00e8re transparente \u00e0 divers appareils, garantissant une accessibilit\u00e9 optimale pour un public plus large. De plus, le th\u00e8me propose une gamme de fonctionnalit\u00e9s personnalisables, y compris divers sch\u00e9mas de couleurs, polices et widgets, offrant aux utilisateurs la libert\u00e9 d&rsquo;\u00e9laborer une conception distinctive et personnalis\u00e9e sans avoir besoin de comp\u00e9tences de codage complexes. Notamment, la vitesse de chargement rapide du th\u00e8me et l&rsquo;optimisation m\u00e9ticuleuse du r\u00e9f\u00e9rencement contribuent \u00e0 une exp\u00e9rience conviviale, am\u00e9liorant finalement l&rsquo;engagement et l&rsquo;augmentation des taux de conversion. Avec son impressionnant \u00e9ventail de fonctionnalit\u00e9s et d&rsquo;interface conviviale, le th\u00e8me WordPress de MyTheShop One Page appara\u00eet comme un choix exceptionnel pour les individus et les organisations qui cherchent \u00e0 cr\u00e9er sans effort un site Web visuellement \u00e9tonnant et hautement fonctionnel, tout en contournant les complexit\u00e9s associ\u00e9es \u00e0 des processus de codage complexes.<\/p>\n<ul>\n<li>Design \u00e9l\u00e9gant et moderne, parfait pour pr\u00e9senter votre entreprise ou votre marque personnelle sur une seule page<\/li>\n<li>Disposition et sch\u00e9mas de couleurs enti\u00e8rement personnalisables pour correspondre \u00e0 votre identit\u00e9 de marque<\/li>\n<li>Conception r\u00e9active, garantir que votre site Web a fi\u00e8re allure sur n&rsquo;importe quel appareil<\/li>\n<li>Optimisation de SEO int\u00e9gr\u00e9e, aidant votre site \u00e0 se classer plus haut dans les moteurs de recherche<\/li>\n<li>Options d&rsquo;en-t\u00eate et de pied de page \u00e0 choisir<\/li>\n<li>Int\u00e9gration avec des plugins populaires tels que WooCommerce et WPForms pour le commerce \u00e9lectronique et la fonctionnalit\u00e9 de formulaire<\/li>\n<li>Navigation facile avec des liens de d\u00e9filement et d&rsquo;ancrage lisses<\/li>\n<li>Importation de d\u00e9mo en un clic pour configurer et personnaliser rapidement le th\u00e8me<\/li>\n<li>\u00c9quipe de support d\u00e9di\u00e9e et mises \u00e0 jour r\u00e9guli\u00e8res pour assurer des performances optimales<\/li>\n<\/ul>\n","protected":false},"excerpt":{"rendered":"<p>Le th\u00e8me WordPress de MyTheShop One Page, un th\u00e8me incroyablement polyvalent et contemporain, a \u00e9t\u00e9 con\u00e7u de mani\u00e8re experte pour r\u00e9pondre aux entreprises et aux individus cherchant \u00e0 montrer leur contenu sur une page unique et sans effort sans effort. \u00c9quip\u00e9 d&rsquo;une conception tr\u00e8s adaptable et r\u00e9active, ce th\u00e8me remarquable offre la capacit\u00e9 remarquable de souligner vos produits, services ou portefeuille, le tout dans une disposition s\u00e9duisante et conviviale qui est \u00e9tonnamment facile \u00e0 naviguer. De plus, avec une int\u00e9gration int\u00e9gr\u00e9e avec diverses plateformes de m\u00e9dias sociaux et une optimisation m\u00e9ticuleuse \u00e0 des fins de moteur de recherche, votre site Web atteindra sans aucun doute un niveau de d\u00e9couvre et de partage sur plusieurs plates-formes qui sont tout simplement exceptionnelles. Que vous vous trouviez en tant que pigiste ou propri\u00e9taire estim\u00e9 d&rsquo;une petite entreprise, les capacit\u00e9s formidables du th\u00e8me WordPress de MytheMeshop One Page vous permettra indubitablement de cr\u00e9er une pr\u00e9sence en ligne \u00e0 la fois tr\u00e8s professionnelle et ind\u00e9niablement impressionnante.<\/p>\n","protected":false},"featured_media":144682,"comment_status":"open","ping_status":"open","template":"","meta":[],"product_brand":[2601],"product_cat":[1242,1212,1213],"product_tag":[1309],"class_list":{"0":"post-121745","1":"product","2":"type-product","3":"status-publish","4":"has-post-thumbnail","6":"product_brand-my-theme-shop","7":"product_cat-creatif","8":"product_cat-themes","9":"product_cat-wordpress-themes","10":"product_tag-my-theme-shop","11":"member-discount","12":"discount-restricted","14":"first","15":"instock","16":"sale","17":"downloadable","18":"virtual","19":"sold-individually","20":"purchasable","21":"product-type-simple"},"_links":{"self":[{"href":"https:\/\/gpl-love.com\/fr\/wp-json\/wp\/v2\/product\/121745","targetHints":{"allow":["GET"]}}],"collection":[{"href":"https:\/\/gpl-love.com\/fr\/wp-json\/wp\/v2\/product"}],"about":[{"href":"https:\/\/gpl-love.com\/fr\/wp-json\/wp\/v2\/types\/product"}],"replies":[{"embeddable":true,"href":"https:\/\/gpl-love.com\/fr\/wp-json\/wp\/v2\/comments?post=121745"}],"wp:featuredmedia":[{"embeddable":true,"href":"https:\/\/gpl-love.com\/fr\/wp-json\/wp\/v2\/media\/144682"}],"wp:attachment":[{"href":"https:\/\/gpl-love.com\/fr\/wp-json\/wp\/v2\/media?parent=121745"}],"wp:term":[{"taxonomy":"product_brand","embeddable":true,"href":"https:\/\/gpl-love.com\/fr\/wp-json\/wp\/v2\/product_brand?post=121745"},{"taxonomy":"product_cat","embeddable":true,"href":"https:\/\/gpl-love.com\/fr\/wp-json\/wp\/v2\/product_cat?post=121745"},{"taxonomy":"product_tag","embeddable":true,"href":"https:\/\/gpl-love.com\/fr\/wp-json\/wp\/v2\/product_tag?post=121745"}],"curies":[{"name":"wp","href":"https:\/\/api.w.org\/{rel}","templated":true}]}}