{"id":121741,"date":"2022-02-20T00:00:00","date_gmt":"2022-02-19T23:00:00","guid":{"rendered":"https:\/\/gpl-love.com\/fr\/produit\/mythemeshop-newstimes\/"},"modified":"2026-04-10T18:33:05","modified_gmt":"2026-04-10T16:33:05","slug":"mythemeshop-newstimes","status":"publish","type":"product","link":"https:\/\/gpl-love.com\/fr\/produit\/mythemeshop-newstimes\/","title":{"rendered":"MyThemeShop NewsTimes 1.3.9"},"content":{"rendered":"<h3>MyThemeShop NewsTimes Traits<\/h3>\n<p>MyTheShop Newstimes est un th\u00e8me WordPress exceptionnellement r\u00e9actif et moderne qui a \u00e9t\u00e9 sp\u00e9cifiquement cr\u00e9\u00e9 dans le but d&rsquo;\u00eatre utilis\u00e9 par des sites Web de nouvelles, des magazines et des blogs. Ce th\u00e8me poss\u00e8de une disposition propre et bien organis\u00e9e, qui facilite finalement la navigation transparente des lecteurs et leur permet de localiser facilement le contenu pr\u00e9cis dont ils sont \u00e0 la recherche. De plus, le th\u00e8me lui-m\u00eame est hautement personnalisable, permettant aux utilisateurs de modifier sans effort divers aspects tels que les couleurs, les polices et les dispositions afin de s&rsquo;aligner sur leur identit\u00e9 de marque respective ou leurs pr\u00e9f\u00e9rences de style personnel. En outre, Newstimes englobe \u00e9galement un \u00e9ventail de fonctionnalit\u00e9s avanc\u00e9es, y compris un syst\u00e8me d&rsquo;examen int\u00e9gr\u00e9, une int\u00e9gration transparente avec les plateformes de m\u00e9dias sociaux et un panel d&rsquo;options remarquablement robuste. Lorsque vous envisagez son design \u00e9l\u00e9gant et visuellement attrayant, associ\u00e9 \u00e0 sa fonctionnalit\u00e9 extr\u00eamement puissante, MytheMeshop Newstime se r\u00e9v\u00e8le \u00eatre le choix optimal pour tout site Web de nouvelles ou de m\u00e9dias.<\/p>\n<ul>\n<li>Th\u00e8me des nouvelles personnalisables pour les sites Web WordPress<\/li>\n<li>Plusieurs options de disposition de page d&rsquo;accueil \u00e0 choisir<\/li>\n<li>Conception enti\u00e8rement r\u00e9active pour une visualisation optimale sur tous les appareils<\/li>\n<li>Boutons de partage des m\u00e9dias sociaux int\u00e9gr\u00e9s pour partage de contenu facile<\/li>\n<li>Options de typographie avanc\u00e9e pour am\u00e9liorer l&rsquo;apparence de votre contenu<\/li>\n<li>SEO pr\u00eat avec du code optimis\u00e9 et des temps de chargement rapide<\/li>\n<li>Syst\u00e8me de gestion des publicit\u00e9s pour mon\u00e9tiser facilement votre site Web<\/li>\n<li>Traduction pr\u00eate pour atteindre un public mondial<\/li>\n<li>\u00c9quipe d&rsquo;assistance d\u00e9di\u00e9e \u00e0 toute question ou probl\u00e8me<\/li>\n<li>Mises \u00e0 jour et am\u00e9liorations r\u00e9guli\u00e8res pour assurer la compatibilit\u00e9 avec les derni\u00e8res versions WordPress.<\/li>\n<\/ul>\n","protected":false},"excerpt":{"rendered":"<p>Newstimes, un th\u00e8me WordPress tr\u00e8s polyvalent et contemporain, a \u00e9t\u00e9 sp\u00e9cifiquement con\u00e7u pour les sites Web concernant les domaines d&rsquo;actualit\u00e9s et de magazines. Ce th\u00e8me remarquable est fier de poss\u00e9der un design vierge et r\u00e9actif, qui englobe l&rsquo;inclusion de curseurs personnalisables, de diverses dispositions, ainsi qu&rsquo;un vaste \u00e9ventail de choix de polices et de couleurs. Ces fonctionnalit\u00e9s exceptionnelles favorisent la cr\u00e9ation d&rsquo;une apparence exceptionnelle et visuellement captivante pour votre site Web. En outre, Newstime simplifie consid\u00e9rablement le processus de mon\u00e9tisation de votre site Web, gracieuset\u00e9 de ses capacit\u00e9s de partage social int\u00e9gr\u00e9es et ses espaces publicitaires d\u00e9sign\u00e9s. En outre, ce th\u00e8me vous permet de ses param\u00e8tres robustes d&rsquo;options de th\u00e8me et de param\u00e8tres de r\u00e9f\u00e9rencement, garantissant ainsi une optimisation optimale pour les moteurs de recherche et les utilisateurs. Que vous supervisiez un site d&rsquo;actualit\u00e9s, un blog ou toute autre plate-forme ax\u00e9e sur le contenu, Newstimes sert de th\u00e8me par excellence pour augmenter votre entreprise.<\/p>\n","protected":false},"featured_media":144680,"comment_status":"open","ping_status":"open","template":"","meta":[],"product_brand":[2601],"product_cat":[1220,1212,1213],"product_tag":[1309],"class_list":{"0":"post-121741","1":"product","2":"type-product","3":"status-publish","4":"has-post-thumbnail","6":"product_brand-my-theme-shop","7":"product_cat-blog-magazine","8":"product_cat-themes","9":"product_cat-wordpress-themes","10":"product_tag-my-theme-shop","11":"member-discount","12":"discount-restricted","14":"first","15":"instock","16":"sale","17":"downloadable","18":"virtual","19":"sold-individually","20":"purchasable","21":"product-type-simple"},"_links":{"self":[{"href":"https:\/\/gpl-love.com\/fr\/wp-json\/wp\/v2\/product\/121741","targetHints":{"allow":["GET"]}}],"collection":[{"href":"https:\/\/gpl-love.com\/fr\/wp-json\/wp\/v2\/product"}],"about":[{"href":"https:\/\/gpl-love.com\/fr\/wp-json\/wp\/v2\/types\/product"}],"replies":[{"embeddable":true,"href":"https:\/\/gpl-love.com\/fr\/wp-json\/wp\/v2\/comments?post=121741"}],"wp:featuredmedia":[{"embeddable":true,"href":"https:\/\/gpl-love.com\/fr\/wp-json\/wp\/v2\/media\/144680"}],"wp:attachment":[{"href":"https:\/\/gpl-love.com\/fr\/wp-json\/wp\/v2\/media?parent=121741"}],"wp:term":[{"taxonomy":"product_brand","embeddable":true,"href":"https:\/\/gpl-love.com\/fr\/wp-json\/wp\/v2\/product_brand?post=121741"},{"taxonomy":"product_cat","embeddable":true,"href":"https:\/\/gpl-love.com\/fr\/wp-json\/wp\/v2\/product_cat?post=121741"},{"taxonomy":"product_tag","embeddable":true,"href":"https:\/\/gpl-love.com\/fr\/wp-json\/wp\/v2\/product_tag?post=121741"}],"curies":[{"name":"wp","href":"https:\/\/api.w.org\/{rel}","templated":true}]}}