{"id":121739,"date":"2021-02-09T00:00:00","date_gmt":"2021-02-08T23:00:00","guid":{"rendered":"https:\/\/gpl-love.com\/fr\/produit\/mythemeshop-howto-wordpress-theme\/"},"modified":"2026-04-10T18:32:55","modified_gmt":"2026-04-10T16:32:55","slug":"mythemeshop-howto-wordpress-theme","status":"publish","type":"product","link":"https:\/\/gpl-love.com\/fr\/produit\/mythemeshop-howto-wordpress-theme\/","title":{"rendered":"MyThemeShop HowTo WordPress Theme 1.3.5"},"content":{"rendered":"<h3>MyThemeShop HowTo WordPress Theme Traits<\/h3>\n<p>MytheMeshop Howto, un th\u00e8me WordPress sp\u00e9cialement con\u00e7u pour aider les utilisateurs \u00e0 construire sans effort des sites Web informatifs et captivants, propose une gamme de fonctionnalit\u00e9s qui facilitent le processus. B\u00e9n\u00e9ficiant d&rsquo;un design visuellement attrayant et \u00e9pur\u00e9, ce th\u00e8me est sp\u00e9cialement con\u00e7u dans le but de pr\u00e9senter des tutoriels, des guides et des articles pratiques. Ses capacit\u00e9s int\u00e9gr\u00e9es, y compris un constructeur de pages intuitif, des widgets personnalisables et une vaste gamme d&rsquo;options de couleurs, permettent aux utilisateurs de fa\u00e7onner un site Web \u00e0 la fois distinctif et professionnel en apparence. De plus, son optimisation pour la vitesse et l&rsquo;optimisation des moteurs de recherche garantit que votre contenu sera favorablement class\u00e9 par des moteurs de recherche importants. Si votre objectif est la cr\u00e9ation d&rsquo;un site Web qui offre une valeur substantielle \u00e0 votre public cible, MytheMeshop Howto appara\u00eet comme le th\u00e8me par excellence pour r\u00e9aliser cette aspiration.<\/p>\n<ul>\n<li>Design \u00e9l\u00e9gant et moderne<\/li>\n<li>Disposition enti\u00e8rement r\u00e9active et adapt\u00e9e aux mobiles<\/li>\n<li>Builder de page de glisser-d\u00e9poser int\u00e9gr\u00e9<\/li>\n<li>Personnalisation facile avec plusieurs options de th\u00e8me<\/li>\n<li>Plusieurs dispositions de page d&rsquo;accueil au choix<\/li>\n<li>Zones de barre lat\u00e9rale et de pied de page widget<\/li>\n<li>Plusieurs formats de poste pris en charge<\/li>\n<li>SEO-optimis\u00e9 pour un meilleur classement des moteurs de recherche<\/li>\n<li>Code propre et optimis\u00e9 pour les vitesses de chargement rapide<\/li>\n<li>Compatible avec tous les principaux navigateurs Web<\/li>\n<li>Mises \u00e0 jour constantes et support client inclus.<\/li>\n<\/ul>\n","protected":false},"excerpt":{"rendered":"<p>Le th\u00e8me Howto WordPress, d\u00e9velopp\u00e9 par MyTheShop, sert d&rsquo;outil inestimable pour les personnes cherchant \u00e0 produire des tutoriels esth\u00e9tiquement agr\u00e9ables et des guides pratiques complets. B\u00e9n\u00e9ficiant d&rsquo;un design impeccablement \u00e9l\u00e9gant et contemporain, ce th\u00e8me propose un assortiment de segments personnalisables, permettant efficacement aux utilisateurs de r\u00e9aliser des instructions \u00e9tape par \u00e9tape m\u00e9ticuleuses, d&rsquo;engager des tutoriels vid\u00e9o et de captiver visuellement les galeries d&rsquo;images. De plus, son r\u00e9pertoire englobe un mod\u00e8le de page d&rsquo;accueil sur mesure, une conception r\u00e9active, ainsi que l&rsquo;optimisation des moteurs de recherche, assurant une exp\u00e9rience utilisateur optimale. Que l&rsquo;on ait l&rsquo;intention de lancer un blog centr\u00e9 sur le bricolage ou d&rsquo;\u00e9tablir une vaste base de connaissances pour leur entreprise, le th\u00e8me de MyTheMeshop est consid\u00e9r\u00e9 comme un choix sagace et mall\u00e9able.<\/p>\n","protected":false},"featured_media":144665,"comment_status":"open","ping_status":"open","template":"","meta":[],"product_brand":[2601],"product_cat":[1242,1212,1213],"product_tag":[1309],"class_list":{"0":"post-121739","1":"product","2":"type-product","3":"status-publish","4":"has-post-thumbnail","6":"product_brand-my-theme-shop","7":"product_cat-creatif","8":"product_cat-themes","9":"product_cat-wordpress-themes","10":"product_tag-my-theme-shop","11":"member-discount","12":"discount-restricted","14":"first","15":"instock","16":"sale","17":"downloadable","18":"virtual","19":"sold-individually","20":"purchasable","21":"product-type-simple"},"_links":{"self":[{"href":"https:\/\/gpl-love.com\/fr\/wp-json\/wp\/v2\/product\/121739","targetHints":{"allow":["GET"]}}],"collection":[{"href":"https:\/\/gpl-love.com\/fr\/wp-json\/wp\/v2\/product"}],"about":[{"href":"https:\/\/gpl-love.com\/fr\/wp-json\/wp\/v2\/types\/product"}],"replies":[{"embeddable":true,"href":"https:\/\/gpl-love.com\/fr\/wp-json\/wp\/v2\/comments?post=121739"}],"wp:featuredmedia":[{"embeddable":true,"href":"https:\/\/gpl-love.com\/fr\/wp-json\/wp\/v2\/media\/144665"}],"wp:attachment":[{"href":"https:\/\/gpl-love.com\/fr\/wp-json\/wp\/v2\/media?parent=121739"}],"wp:term":[{"taxonomy":"product_brand","embeddable":true,"href":"https:\/\/gpl-love.com\/fr\/wp-json\/wp\/v2\/product_brand?post=121739"},{"taxonomy":"product_cat","embeddable":true,"href":"https:\/\/gpl-love.com\/fr\/wp-json\/wp\/v2\/product_cat?post=121739"},{"taxonomy":"product_tag","embeddable":true,"href":"https:\/\/gpl-love.com\/fr\/wp-json\/wp\/v2\/product_tag?post=121739"}],"curies":[{"name":"wp","href":"https:\/\/api.w.org\/{rel}","templated":true}]}}