{"id":121737,"date":"2021-02-09T00:00:00","date_gmt":"2021-02-08T23:00:00","guid":{"rendered":"https:\/\/gpl-love.com\/fr\/produit\/mythemeshop-entrepreneurship-wordpress-theme\/"},"modified":"2026-04-10T18:32:53","modified_gmt":"2026-04-10T16:32:53","slug":"mythemeshop-entrepreneurship-wordpress-theme","status":"publish","type":"product","link":"https:\/\/gpl-love.com\/fr\/produit\/mythemeshop-entrepreneurship-wordpress-theme\/","title":{"rendered":"MyThemeShop Entrepreneurship WordPress Theme 1.1.4"},"content":{"rendered":"<h3>MyThemeShop Entrepreneurship WordPress Theme Traits<\/h3>\n<p>Le th\u00e8me WordPress de l&rsquo;entrepreneuriat mytheShop est un th\u00e8me exemplaire et haut de gamme qui a \u00e9t\u00e9 exclusivement d\u00e9velopp\u00e9 pour les entrepreneurs et les startups exigeantes. Ce th\u00e8me particulier poss\u00e8de un design visuellement attrayant et contemporain, qui peut \u00eatre plus personnalis\u00e9 pour s&rsquo;aligner parfaitement avec vos exigences de marque unique. De plus, il est rempli d&rsquo;une large gamme d&rsquo;options de personnalisation qui r\u00e9pondent \u00e0 tous vos besoins. Notamment, ce th\u00e8me impressionnant englobe \u00e9galement un panneau d&rsquo;options robuste, des widgets personnalis\u00e9s et un design impeccablement r\u00e9actif, garantissant que votre site Web maintient son allure et fonctionnalit\u00e9 esth\u00e9tique sur tous les appareils.<\/p>\n<p>En plus de ces fonctionnalit\u00e9s remarquables, le th\u00e8me WordPress de l&rsquo;entrepreneuriat MyTheShop int\u00e8gre un constructeur de pages de glisser-d\u00e9poser incroyablement convivial, vous permettant d&rsquo;\u00e9laborer sans effort des pages \u00e0 couper le souffle dans une p\u00e9riode de temps \u00e9tonnamment courte. De plus, ce th\u00e8me a \u00e9t\u00e9 m\u00e9ticuleusement optimis\u00e9 pour les moteurs de recherche, garantissant que votre site Web assure un classement plus \u00e9lev\u00e9 et une visibilit\u00e9 accrue. De plus, la vitesse de chargement rapide du th\u00e8me garantit une exp\u00e9rience de navigation sans couture et sans tracas pour vos visiteurs estim\u00e9s.<\/p>\n<p>Dans l&rsquo;ensemble, le th\u00e8me WordPress de l&rsquo;entrepreneuriat mytheshop se distingue sans \u00e9quivoque comme un choix exceptionnel et judicieux pour les personnes qui aspirent \u00e0 \u00e9tablir une pr\u00e9sence en ligne professionnelle et captivante pour leurs entreprises entrepreneuriales.<\/p>\n<ul>\n<li>Un th\u00e8me WordPress visuellement magnifique con\u00e7u pour les entrepreneurs<\/li>\n<li>Construit avec une conception r\u00e9active pour assurer une exp\u00e9rience utilisateur sans couture sur tous les appareils<\/li>\n<li>Dispositions de t\u00eate et de pied de page personnalisables, avec diverses options \u00e0 choisir<\/li>\n<li>Plusieurs dispositions de page d&rsquo;accueil pr\u00e9-con\u00e7ues au choix, y compris la largeur de la page pleine, la disposition en bo\u00eete, et plus<\/li>\n<li>Livr\u00e9 avec une gamme de fonctionnalit\u00e9s int\u00e9gr\u00e9es pour ajouter plus de fonctionnalit\u00e9s \u00e0 votre site, y compris les int\u00e9grations des m\u00e9dias sociaux et les options d&rsquo;inscription des newsletter<\/li>\n<li>SEO-optimis\u00e9 pour am\u00e9liorer le classement des moteurs de recherche organique<\/li>\n<li>Traduction pr\u00eat pour le support pour plusieurs langues<\/li>\n<li>R\u00e9guli\u00e8rement mis \u00e0 jour avec de nouvelles fonctionnalit\u00e9s et am\u00e9liorations pour assurer une compatibilit\u00e9 et une fonctionnalit\u00e9 maximales avec les derni\u00e8res mises \u00e0 jour WordPress<\/li>\n<li>Livr\u00e9 avec une documentation compl\u00e8te et un support client 24\/7 pour tout d\u00e9pannage ou questions<\/li>\n<\/ul>\n","protected":false},"excerpt":{"rendered":"<p>Le th\u00e8me WordPress de l&rsquo;entrepreneuriat, apport\u00e9 par MyTheMeshop, est un th\u00e8me exceptionnellement polyvalent et contemporain qui a \u00e9t\u00e9 habilement con\u00e7u pour r\u00e9pondre aux besoins des entrepreneurs, des startups et des petites entreprises. B\u00e9n\u00e9ficiant d&rsquo;un constructeur de pages de drag et de drop intuitif et simple, ce th\u00e8me vous permet de modeler sans effort des pages de destination visuellement frappantes, des portefeuilles et des blogs en quelques clics simples. De plus, ce th\u00e8me remarquable vous pr\u00e9sente un \u00e9ventail impressionnant de 5 d\u00e9mos pr\u00e9d\u00e9finis et une s\u00e9lection approfondie de plus de 17 widgets personnalis\u00e9s, vous offrant ainsi la possibilit\u00e9 de montrer votre marque et vos services d&rsquo;une mani\u00e8re qui d\u00e9gage un style et une sophistication in\u00e9gal\u00e9s. Gr\u00e2ce \u00e0 sa conception r\u00e9active, votre site Web appara\u00eetra immacul\u00e9 et captivant visuellement sur tous les appareils imaginables, et avec le bonus suppl\u00e9mentaire de l&rsquo;optimisation du r\u00e9f\u00e9rencement, votre site est assur\u00e9 d&rsquo;une position importante dans le classement des moteurs de recherche. N&rsquo;h\u00e9sitez pas \u00e0 s\u00e9lectionner le th\u00e8me WordPress de l&rsquo;entrepreneuriat MyTheMeshop comme votre plate-forme de choix pour cr\u00e9er une pr\u00e9sence en ligne professionnelle et captivante pour votre entreprise estim\u00e9e.<\/p>\n","protected":false},"featured_media":144662,"comment_status":"open","ping_status":"open","template":"","meta":[],"product_brand":[2601],"product_cat":[1516,1212,1213],"product_tag":[1309],"class_list":{"0":"post-121737","1":"product","2":"type-product","3":"status-publish","4":"has-post-thumbnail","6":"product_brand-my-theme-shop","7":"product_cat-entreprise","8":"product_cat-themes","9":"product_cat-wordpress-themes","10":"product_tag-my-theme-shop","11":"member-discount","12":"discount-restricted","14":"first","15":"instock","16":"sale","17":"downloadable","18":"virtual","19":"sold-individually","20":"purchasable","21":"product-type-simple"},"_links":{"self":[{"href":"https:\/\/gpl-love.com\/fr\/wp-json\/wp\/v2\/product\/121737","targetHints":{"allow":["GET"]}}],"collection":[{"href":"https:\/\/gpl-love.com\/fr\/wp-json\/wp\/v2\/product"}],"about":[{"href":"https:\/\/gpl-love.com\/fr\/wp-json\/wp\/v2\/types\/product"}],"replies":[{"embeddable":true,"href":"https:\/\/gpl-love.com\/fr\/wp-json\/wp\/v2\/comments?post=121737"}],"wp:featuredmedia":[{"embeddable":true,"href":"https:\/\/gpl-love.com\/fr\/wp-json\/wp\/v2\/media\/144662"}],"wp:attachment":[{"href":"https:\/\/gpl-love.com\/fr\/wp-json\/wp\/v2\/media?parent=121737"}],"wp:term":[{"taxonomy":"product_brand","embeddable":true,"href":"https:\/\/gpl-love.com\/fr\/wp-json\/wp\/v2\/product_brand?post=121737"},{"taxonomy":"product_cat","embeddable":true,"href":"https:\/\/gpl-love.com\/fr\/wp-json\/wp\/v2\/product_cat?post=121737"},{"taxonomy":"product_tag","embeddable":true,"href":"https:\/\/gpl-love.com\/fr\/wp-json\/wp\/v2\/product_tag?post=121737"}],"curies":[{"name":"wp","href":"https:\/\/api.w.org\/{rel}","templated":true}]}}