{"id":121735,"date":"2022-02-20T00:00:00","date_gmt":"2022-02-19T23:00:00","guid":{"rendered":"https:\/\/gpl-love.com\/fr\/produit\/mythemeshop-crypto-bitcoin-et-cryptocurrency-wordpress-theme\/"},"modified":"2026-04-10T18:32:48","modified_gmt":"2026-04-10T16:32:48","slug":"mythemeshop-crypto-bitcoin-et-cryptocurrency-wordpress-theme","status":"publish","type":"product","link":"https:\/\/gpl-love.com\/fr\/produit\/mythemeshop-crypto-bitcoin-et-cryptocurrency-wordpress-theme\/","title":{"rendered":"MyThemeShop Crypto Bitcoin et Cryptocurrency WordPress Theme 1.1.12"},"content":{"rendered":"<h3>MyThemeShop Crypto Bitcoin et Cryptocurrency WordPress Theme Traits<\/h3>\n<p>Le th\u00e8me WordPress MyTheShop Crypto Bitcoin and Cryptocurrence pr\u00e9sente une solution id\u00e9ale pour les personnes visant \u00e0 \u00e9tablir un site Web avec une apparence polie et sophistiqu\u00e9e par rapport \u00e0 la crypto-monnaie. Que vous vous identifiiez en tant que blogueur, commer\u00e7ant ou passionn\u00e9, ce th\u00e8me englobe tous les composants n\u00e9cessaires pour pr\u00e9senter efficacement votre contenu pr\u00e9cieux d&rsquo;une mani\u00e8re visuellement attrayante et contemporaine. \u00c9quip\u00e9 d&rsquo;une gamme diversifi\u00e9e de widgets personnalisables, ce th\u00e8me vous offre la possibilit\u00e9 de pr\u00e9senter sans effort des prix en direct, des graphiques et d&rsquo;autres donn\u00e9es indispensables d&rsquo;une mani\u00e8re qui d\u00e9gage le professionnalisme et la convivialit\u00e9. En outre, il poss\u00e8de un assortiment de fonctionnalit\u00e9s formidables, telles que l&rsquo;optimisation du r\u00e9f\u00e9rencement, un \u00e9ventail sans fin de sch\u00e9mas de couleurs et plusieurs options de mise en page, qui contribuent collectivement \u00e0 assurer le caract\u00e8re distinctif de votre site Web et sa capacit\u00e9 \u00e0 captiver l&rsquo;attention de votre public cible. Par cons\u00e9quent, si vos aspirations consistent \u00e0 \u00e9lever les performances de votre site Web et \u00e0 fabriquer un domaine num\u00e9rique qui \u00e9mane d&rsquo;un air de professionnalisme capable d&rsquo;impressionner vos t\u00e9l\u00e9spectateurs estim\u00e9s, le mytheshop crypto bitcoin et la crypto-monnaie WordPress repr\u00e9sente incontestablement le choix optimal pour vous.<\/p>\n<ul>\n<li>Un design professionnel et \u00e9l\u00e9gant parfait pour les sites Web li\u00e9s au bitcoin et \u00e0 la crypto-monnaie<\/li>\n<li>Enti\u00e8rement r\u00e9actif et adapt\u00e9 aux mobiles, garantir que votre site a fi\u00e8re allure sur n&rsquo;importe quel appareil<\/li>\n<li>Facile \u00e0 personnaliser avec une vari\u00e9t\u00e9 d&rsquo;options de personnalisation, y compris des arri\u00e8re-plans, des polices et des couleurs personnalisables<\/li>\n<li>Fonctionnalit\u00e9 int\u00e9gr\u00e9e pour afficher les prix de la crypto-monnaie en temps r\u00e9el et les tendances du march\u00e9<\/li>\n<li>Comprend une vari\u00e9t\u00e9 de mod\u00e8les de pages pr\u00e9-con\u00e7us \u00e0 diverses fins, y compris les pages d&rsquo;accueil, les portefeuilles et les pages de contact<\/li>\n<li>Compatible avec une vari\u00e9t\u00e9 de plugins WordPress populaires, y compris WooCommerce, pour ajouter des fonctionnalit\u00e9s de commerce \u00e9lectronique \u00e0 votre site<\/li>\n<li>Livr\u00e9 avec une vari\u00e9t\u00e9 de fonctionnalit\u00e9s pour optimiser le classement des moteurs de recherche de votre site et am\u00e9liorer l&rsquo;engagement des utilisateurs, y compris les boutons de partage social int\u00e9gr\u00e9s et un curseur de page d&rsquo;accueil personnalisable<\/li>\n<li>Soutenu par une \u00e9quipe de d\u00e9veloppeurs WordPress exp\u00e9riment\u00e9s avec un forum de support actif disponible pour r\u00e9pondre \u00e0 toutes les questions ou r\u00e9soudre les probl\u00e8mes que vous pourriez rencontrer.<\/li>\n<\/ul>\n","protected":false},"excerpt":{"rendered":"<p>MytheMeshop Crypto est un th\u00e8me WordPress exceptionnel qui r\u00e9pond aux besoins des blogueurs et des entreprises op\u00e9rant dans le domaine de la crypto-monnaie. Sa conception visuellement attrayante et ses fonctionnalit\u00e9s conviviales permettent aux utilisateurs d&rsquo;\u00e9tablir rapidement une plate-forme en ligne impressionnante qui d\u00e9montre efficacement leur comp\u00e9tence et leur expertise dans ce domaine dynamique et \u00e0 progression rapide. En plus de sa pr\u00e9sentation visuelle frappante, ce th\u00e8me propose \u00e9galement une large gamme de widgets personnalisables, de codes shorts utiles et d&rsquo;optimisation de vitesse exceptionnelle, facilitant ainsi un engagement transparent avec votre public cible par le biais d&rsquo;un contenu de premier ordre et une pl\u00e9thore d&rsquo;outils pour faciliter la profondeur Exploration du domaine du bitcoin et de la crypto-monnaie. Ainsi, que vous soyez un amateur s&rsquo;aventurant dans l&rsquo;univers de la crypto-monnaie ou un v\u00e9t\u00e9ran exp\u00e9riment\u00e9 sur le terrain, opter pour la crypto de mythemeshop se r\u00e9v\u00e9lera sans aucun doute une d\u00e9cision judicieuse dans la construction d&rsquo;un site Web exquis, efficace et professionnel.<\/p>\n","protected":false},"featured_media":144656,"comment_status":"open","ping_status":"open","template":"","meta":[],"product_brand":[2601],"product_cat":[1242,1212,1213],"product_tag":[1309],"class_list":{"0":"post-121735","1":"product","2":"type-product","3":"status-publish","4":"has-post-thumbnail","6":"product_brand-my-theme-shop","7":"product_cat-creatif","8":"product_cat-themes","9":"product_cat-wordpress-themes","10":"product_tag-my-theme-shop","11":"member-discount","12":"discount-restricted","14":"first","15":"instock","16":"sale","17":"downloadable","18":"virtual","19":"sold-individually","20":"purchasable","21":"product-type-simple"},"_links":{"self":[{"href":"https:\/\/gpl-love.com\/fr\/wp-json\/wp\/v2\/product\/121735","targetHints":{"allow":["GET"]}}],"collection":[{"href":"https:\/\/gpl-love.com\/fr\/wp-json\/wp\/v2\/product"}],"about":[{"href":"https:\/\/gpl-love.com\/fr\/wp-json\/wp\/v2\/types\/product"}],"replies":[{"embeddable":true,"href":"https:\/\/gpl-love.com\/fr\/wp-json\/wp\/v2\/comments?post=121735"}],"wp:featuredmedia":[{"embeddable":true,"href":"https:\/\/gpl-love.com\/fr\/wp-json\/wp\/v2\/media\/144656"}],"wp:attachment":[{"href":"https:\/\/gpl-love.com\/fr\/wp-json\/wp\/v2\/media?parent=121735"}],"wp:term":[{"taxonomy":"product_brand","embeddable":true,"href":"https:\/\/gpl-love.com\/fr\/wp-json\/wp\/v2\/product_brand?post=121735"},{"taxonomy":"product_cat","embeddable":true,"href":"https:\/\/gpl-love.com\/fr\/wp-json\/wp\/v2\/product_cat?post=121735"},{"taxonomy":"product_tag","embeddable":true,"href":"https:\/\/gpl-love.com\/fr\/wp-json\/wp\/v2\/product_tag?post=121735"}],"curies":[{"name":"wp","href":"https:\/\/api.w.org\/{rel}","templated":true}]}}