{"id":121733,"date":"2021-02-09T00:00:00","date_gmt":"2021-02-08T23:00:00","guid":{"rendered":"https:\/\/gpl-love.com\/fr\/produit\/mythemeshop-bloggingbox-wordpress-theme\/"},"modified":"2026-04-10T18:32:43","modified_gmt":"2026-04-10T16:32:43","slug":"mythemeshop-bloggingbox-wordpress-theme","status":"publish","type":"product","link":"https:\/\/gpl-love.com\/fr\/produit\/mythemeshop-bloggingbox-wordpress-theme\/","title":{"rendered":"MyThemeShop BloggingBox WordPress Theme 1.2.4"},"content":{"rendered":"<h3>MyThemeShop BloggingBox WordPress Theme Traits<\/h3>\n<p>Le th\u00e8me WordPress de MyTheMeshop Bloggingbox, rempli de polyvalence et d&rsquo;une abondance de fonctionnalit\u00e9s, a \u00e9t\u00e9 sp\u00e9cifiquement con\u00e7u pour r\u00e9pondre aux besoins des blogueurs. Sa conception, \u00e0 la fois propre et moderne, offre une gamme d&rsquo;options personnalisables qui peuvent \u00eatre adapt\u00e9es pour s&rsquo;adapter \u00e0 n&rsquo;importe quel cr\u00e9neau ou style de blogging. Avec sa r\u00e9activit\u00e9 compl\u00e8te, le th\u00e8me garantit que votre site Web appara\u00eetra sans faille sur n&rsquo;importe quel appareil. De plus, il int\u00e8gre diverses fonctionnalit\u00e9s utiles, telles que plusieurs mises en page, des widgets personnalisables et une int\u00e9gration transparente avec les plateformes de m\u00e9dias sociaux. Pour am\u00e9liorer encore la port\u00e9e de votre site Web, Bloggingbox fournit \u00e9galement une pl\u00e9thore d&rsquo;outils pour optimiser le r\u00e9f\u00e9rencement, am\u00e9liorant ainsi ses classements de moteurs de recherche. De plus, il offre des capacit\u00e9s de gestion de publicit\u00e9 int\u00e9gr\u00e9es et un curseur de page d&rsquo;accueil tr\u00e8s adaptable. En conclusion, le th\u00e8me WordPress de Bloggingbox MyTheMeshop s&rsquo;av\u00e8re \u00eatre une s\u00e9lection exceptionnelle pour les blogueurs qui cherchent \u00e0 \u00e9tablir une pr\u00e9sence en ligne professionnelle et captivante.<\/p>\n<ul>\n<li>Design moderne et \u00e9l\u00e9gant qui est pleinement r\u00e9actif et convivial<\/li>\n<li>10 dispositions de page d&rsquo;accueil diff\u00e9rentes au choix<\/li>\n<li>Option pour importer du contenu de d\u00e9monstration en un seul clic pour commencer facilement<\/li>\n<li>Syst\u00e8me d&rsquo;examen int\u00e9gr\u00e9 pour les publications et les produits<\/li>\n<li>Int\u00e9gration de codage et de sch\u00e9ma convivial pour am\u00e9liorer les classements des moteurs de recherche<\/li>\n<li>De nombreuses options de personnalisation, y compris des sch\u00e9mas de couleurs illimit\u00e9s, des polices Google et l&rsquo;int\u00e9gration des m\u00e9dias sociaux<\/li>\n<li>Optimis\u00e9 pour des vitesses de chargement de page plus rapides pour am\u00e9liorer l&rsquo;exp\u00e9rience utilisateur et le r\u00e9f\u00e9rencement<\/li>\n<li>Compatibilit\u00e9 avec des plugins populaires comme WooCommerce, Contact Form 7 et WPML pour plus de fonctionnalit\u00e9s<\/li>\n<li>Documentation d\u00e9taill\u00e9e et excellent support client<\/li>\n<li>Mises \u00e0 jour \u00e0 vie et acc\u00e8s \u00e0 de nouvelles fonctionnalit\u00e9s et am\u00e9liorations<\/li>\n<\/ul>\n","protected":false},"excerpt":{"rendered":"<p>Le th\u00e8me WordPress de Bloggingbox MyTheShop est un th\u00e8me exceptionnellement puissant et riche en fonctionnalit\u00e9s qui a \u00e9t\u00e9 magistralement con\u00e7u pour r\u00e9pondre aux besoins des blogueurs et des propri\u00e9taires de sites Web qui aspirent \u00e0 \u00e9tablir une pr\u00e9sence en ligne visuellement frappante et captivante. Ce th\u00e8me poss\u00e8de une conception pleinement r\u00e9active, garantissant ainsi une adaptabilit\u00e9 transparente sur tous les appareils et le rendant totalement impeccable en termes d&rsquo;exp\u00e9rience utilisateur. En outre, il offre une vaste gamme d&rsquo;options de personnalisation, offrant ainsi aux utilisateurs la libert\u00e9 de fa\u00e7onner un site Web qui d\u00e9gage un air d&rsquo;unicit\u00e9 et d&rsquo;individualit\u00e9. En plus de ces attributs remarquables, il est \u00e9galement \u00e9quip\u00e9 d&rsquo;un panneau d&rsquo;options avanc\u00e9, de widgets personnalis\u00e9s et d&rsquo;un assortiment de mod\u00e8les pr\u00e9-con\u00e7us, qui servent tous \u00e0 acc\u00e9l\u00e9rer le processus de cr\u00e9ation du site Web, permettant aux utilisateurs de commencer leurs entreprises en ligne rapidement et avec avec la plus facilit\u00e9. Que l&rsquo;on soit un novice ou un blogueur chevronn\u00e9, le th\u00e8me WordPress de Bloggingbox MyTheShop se r\u00e9v\u00e8le \u00eatre la solution par excellence pour ceux qui ont envie d&rsquo;engendrer un site Web qui d\u00e9gage un sentiment de professionnalisme et se distingue sans effort du concours.<\/p>\n","protected":false},"featured_media":144648,"comment_status":"open","ping_status":"open","template":"","meta":[],"product_brand":[2601],"product_cat":[1220,1212,1213],"product_tag":[1309],"class_list":{"0":"post-121733","1":"product","2":"type-product","3":"status-publish","4":"has-post-thumbnail","6":"product_brand-my-theme-shop","7":"product_cat-blog-magazine","8":"product_cat-themes","9":"product_cat-wordpress-themes","10":"product_tag-my-theme-shop","11":"member-discount","12":"discount-restricted","14":"first","15":"instock","16":"sale","17":"downloadable","18":"virtual","19":"sold-individually","20":"purchasable","21":"product-type-simple"},"_links":{"self":[{"href":"https:\/\/gpl-love.com\/fr\/wp-json\/wp\/v2\/product\/121733","targetHints":{"allow":["GET"]}}],"collection":[{"href":"https:\/\/gpl-love.com\/fr\/wp-json\/wp\/v2\/product"}],"about":[{"href":"https:\/\/gpl-love.com\/fr\/wp-json\/wp\/v2\/types\/product"}],"replies":[{"embeddable":true,"href":"https:\/\/gpl-love.com\/fr\/wp-json\/wp\/v2\/comments?post=121733"}],"wp:featuredmedia":[{"embeddable":true,"href":"https:\/\/gpl-love.com\/fr\/wp-json\/wp\/v2\/media\/144648"}],"wp:attachment":[{"href":"https:\/\/gpl-love.com\/fr\/wp-json\/wp\/v2\/media?parent=121733"}],"wp:term":[{"taxonomy":"product_brand","embeddable":true,"href":"https:\/\/gpl-love.com\/fr\/wp-json\/wp\/v2\/product_brand?post=121733"},{"taxonomy":"product_cat","embeddable":true,"href":"https:\/\/gpl-love.com\/fr\/wp-json\/wp\/v2\/product_cat?post=121733"},{"taxonomy":"product_tag","embeddable":true,"href":"https:\/\/gpl-love.com\/fr\/wp-json\/wp\/v2\/product_tag?post=121733"}],"curies":[{"name":"wp","href":"https:\/\/api.w.org\/{rel}","templated":true}]}}