{"id":121731,"date":"2021-02-09T00:00:00","date_gmt":"2021-02-08T23:00:00","guid":{"rendered":"https:\/\/gpl-love.com\/fr\/produit\/mythemeshop-beauty-wordpress-theme\/"},"modified":"2026-03-20T23:26:31","modified_gmt":"2026-03-20T22:26:31","slug":"mythemeshop-beauty-wordpress-theme","status":"publish","type":"product","link":"https:\/\/gpl-love.com\/fr\/produit\/mythemeshop-beauty-wordpress-theme\/","title":{"rendered":"MyThemeShop Beauty WordPress Theme 1.0.4"},"content":{"rendered":"<h3>MyThemeShop Beauty WordPress Theme Traits<\/h3>\n<p>Le th\u00e8me de la beaut\u00e9 WordPress offert par MytheMeshop est un th\u00e8me vraiment exquis et \u00e0 la mode qui a \u00e9t\u00e9 m\u00e9ticuleusement con\u00e7u avec des blogueurs de beaut\u00e9 et de mode. B\u00e9n\u00e9ficiant d&rsquo;un design \u00e9l\u00e9gant et sophistiqu\u00e9, ce th\u00e8me harmonise parfaitement l&rsquo;esth\u00e9tique et les fonctionnalit\u00e9s. Il pr\u00e9sente aux utilisateurs une pl\u00e9thore de possibilit\u00e9s de personnalisation, telles que diverses dispositions de page d&rsquo;accueil, des widgets sur mesure et un panneau d&rsquo;options de th\u00e8me robuste. De plus, ce th\u00e8me est enti\u00e8rement r\u00e9actif et a \u00e9t\u00e9 m\u00e9ticuleusement optimis\u00e9 pour les moteurs de recherche, garantissant que votre contenu sera parfaitement affich\u00e9 sur n&rsquo;importe quel appareil et d\u00e9couvert sans effort par les moteurs de recherche. En conclusion, le th\u00e8me de WordPress de beaut\u00e9 de MyTheMeshop est un choix exceptionnel pour les personnes cherchant \u00e0 \u00e9tablir un blog de beaut\u00e9 ou de mode extraordinaire et tr\u00e8s professionnel.<\/p>\n<ul>\n<li>Design enti\u00e8rement r\u00e9actif et convivial<\/li>\n<li>Disposition propre et moderne<\/li>\n<li>Plusieurs options de couleurs et de polices<\/li>\n<li>Page d&rsquo;accueil personnalisable avec sections de glisser-d\u00e9poser<\/li>\n<li>Fonctionnalit\u00e9 de diaporama int\u00e9gr\u00e9 et carrousel d&rsquo;image<\/li>\n<li>Int\u00e9gration facile avec les plateformes de m\u00e9dias sociaux<\/li>\n<li>SEO optimis\u00e9 pour un meilleur classement des moteurs de recherche<\/li>\n<li>Compatible avec des plugins populaires comme Yoast SEO et le formulaire de contact 7<\/li>\n<li>Documentation compl\u00e8te et soutien de l&rsquo;\u00e9quipe MyTheMeshop<\/li>\n<li>Mises \u00e0 jour r\u00e9guli\u00e8res pour am\u00e9liorer les fonctionnalit\u00e9s et la s\u00e9curit\u00e9<\/li>\n<li>Installation de d\u00e9monstration en un clic pour une configuration facile<\/li>\n<li>Compatible avec tous les principaux navigateurs et appareils<\/li>\n<\/ul>\n","protected":false},"excerpt":{"rendered":"<p>Le th\u00e8me WordPress de beaut\u00e9 mytheshop, un th\u00e8me esth\u00e9tique et contemporain, a \u00e9t\u00e9 m\u00e9ticuleusement con\u00e7u pour les blogueurs de beaut\u00e9, les maquilleurs et les entrepreneurs de l&rsquo;industrie de la beaut\u00e9. B\u00e9n\u00e9ficiant de sa conception immacul\u00e9e et sophistiqu\u00e9e, ce th\u00e8me vous offre une page d&rsquo;accueil hautement personnalisable, vous permettant de montrer votre contenu d&rsquo;une mani\u00e8re \u00e0 la fois distinctive et visuellement captivante. De plus, ce th\u00e8me est accompagn\u00e9 d&rsquo;une pl\u00e9thore de widgets personnalisables, de shortcodes et d&rsquo;un \u00e9ventail impressionnant de fonctionnalit\u00e9s premium, qui contribuent tous \u00e0 am\u00e9liorer sans effort la fonctionnalit\u00e9 et la personnalisation de votre site Web. De plus, l&rsquo;\u00e9quipe d&rsquo;assistance MyTheMeshop est facilement accessible pour \u00e9tendre leur aide et r\u00e9pondre \u00e0 toutes les requ\u00eates que vous pourriez avoir, ce qui rend ce th\u00e8me un choix exemplaire pour tous les sites Web centr\u00e9s sur la beaut\u00e9.<\/p>\n","protected":false},"featured_media":144644,"comment_status":"open","ping_status":"open","template":"","meta":[],"product_brand":[2601],"product_cat":[1242,1212,1213],"product_tag":[1309],"class_list":{"0":"post-121731","1":"product","2":"type-product","3":"status-publish","4":"has-post-thumbnail","6":"product_brand-my-theme-shop","7":"product_cat-creatif","8":"product_cat-themes","9":"product_cat-wordpress-themes","10":"product_tag-my-theme-shop","11":"member-discount","12":"discount-restricted","14":"first","15":"instock","16":"sale","17":"downloadable","18":"virtual","19":"sold-individually","20":"purchasable","21":"product-type-simple"},"_links":{"self":[{"href":"https:\/\/gpl-love.com\/fr\/wp-json\/wp\/v2\/product\/121731","targetHints":{"allow":["GET"]}}],"collection":[{"href":"https:\/\/gpl-love.com\/fr\/wp-json\/wp\/v2\/product"}],"about":[{"href":"https:\/\/gpl-love.com\/fr\/wp-json\/wp\/v2\/types\/product"}],"replies":[{"embeddable":true,"href":"https:\/\/gpl-love.com\/fr\/wp-json\/wp\/v2\/comments?post=121731"}],"wp:featuredmedia":[{"embeddable":true,"href":"https:\/\/gpl-love.com\/fr\/wp-json\/wp\/v2\/media\/144644"}],"wp:attachment":[{"href":"https:\/\/gpl-love.com\/fr\/wp-json\/wp\/v2\/media?parent=121731"}],"wp:term":[{"taxonomy":"product_brand","embeddable":true,"href":"https:\/\/gpl-love.com\/fr\/wp-json\/wp\/v2\/product_brand?post=121731"},{"taxonomy":"product_cat","embeddable":true,"href":"https:\/\/gpl-love.com\/fr\/wp-json\/wp\/v2\/product_cat?post=121731"},{"taxonomy":"product_tag","embeddable":true,"href":"https:\/\/gpl-love.com\/fr\/wp-json\/wp\/v2\/product_tag?post=121731"}],"curies":[{"name":"wp","href":"https:\/\/api.w.org\/{rel}","templated":true}]}}