{"id":121729,"date":"2025-10-07T00:00:00","date_gmt":"2025-10-06T22:00:00","guid":{"rendered":"https:\/\/gpl-love.com\/fr\/produit\/gravityview-multiple-forms\/"},"modified":"2026-03-20T23:18:57","modified_gmt":"2026-03-20T22:18:57","slug":"gravityview-multiple-forms","status":"publish","type":"product","link":"https:\/\/gpl-love.com\/fr\/produit\/gravityview-multiple-forms\/","title":{"rendered":"Gravity View Multiple Forms 0.6.0"},"content":{"rendered":"<h3>Gravity View Multiple Forms Traits<\/h3>\n<p>Gravity View Multiple Formes est un plugin WordPress tr\u00e8s robuste et efficace qui poss\u00e8de la capacit\u00e9 remarquable de vous permettre de pr\u00e9senter et de pr\u00e9senter des donn\u00e9es sans effort \u00e0 partir de nombreuses formes dans un seul emplacement consolid\u00e9. Cet outil ing\u00e9nieux vous permet de fa\u00e7onner de mani\u00e8re transparente des vues personnalis\u00e9es et de parcourir les entr\u00e9es dans toutes les formes, facilitant ainsi la gestion r\u00e9form\u00e9e des donn\u00e9es et l&rsquo;am\u00e9lioration de vos processus d&rsquo;analyse des donn\u00e9es. L&rsquo;interface conviviale du plugin, englobant une fonctionnalit\u00e9 de glisser-d\u00e9poser intuitive, offre une flexibilit\u00e9 in\u00e9gal\u00e9e et vous permet d&rsquo;adapter sans effort la mise en page et la conception de vos vues en fonction de vos pr\u00e9f\u00e9rences. De plus, ce plugin exceptionnel \u00e9tend des fonctionnalit\u00e9s avanc\u00e9es de filtrage et de tri qui vous permettent de vous procurer rapidement les informations pr\u00e9cises que vous recherchez. En r\u00e9sum\u00e9, la gravit\u00e9 consid\u00e8re plusieurs formes \u00e9merge ind\u00e9niablement comme un actif indispensable, r\u00e9pondant sans effort aux exigences des personnes cherchant \u00e0 rationaliser leurs protocoles de gestion des donn\u00e9es et \u00e0 am\u00e9liorer leur efficacit\u00e9 globale de flux de travail.<\/p>\n<ul>\n<li>Vous permet d&rsquo;afficher des donn\u00e9es \u00e0 partir de plusieurs formulaires en une seule vue<\/li>\n<li>Gave le temps en rationalisant l&rsquo;organisation et la gestion des donn\u00e9es<\/li>\n<li>Personnalisable pour r\u00e9pondre \u00e0 vos besoins et pr\u00e9f\u00e9rences uniques<\/li>\n<li>Compatible avec divers plugins de formulaire, y compris les formulaires de gravit\u00e9, les formulaires ninja et le formulaire de contact 7<\/li>\n<li>Interface conviviale pour une navigation et une configuration faciles<\/li>\n<li>Fournit des options d&rsquo;affichage d\u00e9taill\u00e9es pour les champs de donn\u00e9es, tels que du texte, des images et des liens<\/li>\n<li>Permet le filtrage et la recherche de donn\u00e9es dans la vue<\/li>\n<li>Capacit\u00e9 \u00e0 exporter des donn\u00e9es pour une analyse et des rapports plus approfondis<\/li>\n<li>R\u00e9guli\u00e8rement mis \u00e0 jour avec de nouvelles fonctionnalit\u00e9s et des corrections de bogues pour des performances optimales<\/li>\n<li>\u00c9quipe de soutien comp\u00e9tente et r\u00e9active disponible pour le d\u00e9pannage et l&rsquo;assistance.<\/li>\n<\/ul>\n","protected":false},"excerpt":{"rendered":"<p>View Gravity Multiple Formes est un outil incroyablement robuste et puissant qui sert de solution exceptionnelle pour g\u00e9rer efficacement et efficacement plusieurs formes dans les formes de gravit\u00e9. Ce plugin exceptionnel accorde aux utilisateurs la possibilit\u00e9 de pr\u00e9senter et de personnaliser sans effort des donn\u00e9es d\u00e9riv\u00e9es de diverses formes dans une vue consolid\u00e9e, \u00e9liminant ainsi le besoin de processus de gestion des donn\u00e9es lourds et complexes. Par cons\u00e9quent, ce plugin innovant simplifie et acc\u00e9l\u00e8re la t\u00e2che de visualiser, de examiner et d&rsquo;exporter des donn\u00e9es obtenues \u00e0 partir des formes de gravit\u00e9. En int\u00e9grant de mani\u00e8re transparente la gravit\u00e9 Voir plusieurs formulaires dans votre flux de travail, vous pouvez sans aucun doute optimiser votre productivit\u00e9 et rationaliser vos op\u00e9rations en g\u00e9rant de mani\u00e8re transparente une multitude de formes dans un emplacement singulier et centralis\u00e9.<\/p>\n","protected":false},"featured_media":144143,"comment_status":"open","ping_status":"open","template":"","meta":[],"product_brand":[2568],"product_cat":[1189,1181,1186],"product_tag":[1279],"class_list":{"0":"post-121729","1":"product","2":"type-product","3":"status-publish","4":"has-post-thumbnail","6":"product_brand-gravityview","7":"product_cat-personnalisation","8":"product_cat-plugins","9":"product_cat-wordpress-plugins","10":"product_tag-gravityview","11":"member-discount","12":"discount-restricted","14":"first","15":"instock","16":"sale","17":"downloadable","18":"virtual","19":"sold-individually","20":"purchasable","21":"product-type-simple"},"_links":{"self":[{"href":"https:\/\/gpl-love.com\/fr\/wp-json\/wp\/v2\/product\/121729","targetHints":{"allow":["GET"]}}],"collection":[{"href":"https:\/\/gpl-love.com\/fr\/wp-json\/wp\/v2\/product"}],"about":[{"href":"https:\/\/gpl-love.com\/fr\/wp-json\/wp\/v2\/types\/product"}],"replies":[{"embeddable":true,"href":"https:\/\/gpl-love.com\/fr\/wp-json\/wp\/v2\/comments?post=121729"}],"wp:featuredmedia":[{"embeddable":true,"href":"https:\/\/gpl-love.com\/fr\/wp-json\/wp\/v2\/media\/144143"}],"wp:attachment":[{"href":"https:\/\/gpl-love.com\/fr\/wp-json\/wp\/v2\/media?parent=121729"}],"wp:term":[{"taxonomy":"product_brand","embeddable":true,"href":"https:\/\/gpl-love.com\/fr\/wp-json\/wp\/v2\/product_brand?post=121729"},{"taxonomy":"product_cat","embeddable":true,"href":"https:\/\/gpl-love.com\/fr\/wp-json\/wp\/v2\/product_cat?post=121729"},{"taxonomy":"product_tag","embeddable":true,"href":"https:\/\/gpl-love.com\/fr\/wp-json\/wp\/v2\/product_tag?post=121729"}],"curies":[{"name":"wp","href":"https:\/\/api.w.org\/{rel}","templated":true}]}}