{"id":121727,"date":"2021-02-09T00:00:00","date_gmt":"2021-02-08T23:00:00","guid":{"rendered":"https:\/\/gpl-love.com\/fr\/produit\/envira-gallery-breadcrumbs-addon\/"},"modified":"2026-03-20T23:04:04","modified_gmt":"2026-03-20T22:04:04","slug":"envira-gallery-breadcrumbs-addon","status":"publish","type":"product","link":"https:\/\/gpl-love.com\/fr\/produit\/envira-gallery-breadcrumbs-addon\/","title":{"rendered":"Envira Gallery Breadcrumbs Addon 1.2.2"},"content":{"rendered":"<h3>Envira Gallery Breadcrumbs Addon Traits<\/h3>\n<p>L&rsquo;addon de chapelure de la galerie Envira se pr\u00e9sente comme un outil tr\u00e8s efficace et efficiente, visant \u00e0 rationaliser et \u00e0 faciliter l&rsquo;exp\u00e9rience de navigation pour les visiteurs de votre site Web. En offrant une voie claire et concise vers la galerie sp\u00e9cifique qu&rsquo;ils explorent actuellement, cet addon s&rsquo;av\u00e8re inestimable pour am\u00e9liorer la satisfaction des utilisateurs. Gr\u00e2ce \u00e0 sa mise en \u0153uvre, les utilisateurs acqui\u00e8rent la capacit\u00e9 inestimable \u00e0 passer de mani\u00e8re transparente entre diverses galeries log\u00e9es sur votre site, leur accordant finalement un niveau de commodit\u00e9 accru. Notamment, cet addon poss\u00e8de une interface conviviale, garantissant que m\u00eame ceux qui ont une expertise technique limit\u00e9e peuvent facilement utiliser et naviguer dans ses fonctionnalit\u00e9s. De plus, l&rsquo;addon offre un degr\u00e9 \u00e9lev\u00e9 de personnalisation, permettant aux utilisateurs de modifier le texte de la chapelure et le style s\u00e9parateur pour s&rsquo;aligner de mani\u00e8re transparente sur la conception globale de leur site Web. Avec sa gamme compl\u00e8te de fonctionnalit\u00e9s, l&rsquo;addon de chapelure Envira Gallery sert d&rsquo;outil pivot pour \u00e9lever les capacit\u00e9s de navigation de votre site Web, servant de moyen pour acc\u00e9l\u00e9rer et simplifier la recherche de contenu sp\u00e9cifique que les visiteurs peuvent rechercher.<\/p>\n<ul>\n<li>Addon facile \u00e0 installer pour les utilisateurs de la galerie Envira<\/li>\n<li>Ajoute une navigation au fil du fil aux pages de la galerie Envira<\/li>\n<li>Permet aux utilisateurs de naviguer facilement entre les pages de galerie et les pages d&rsquo;albums<\/li>\n<li>Am\u00e9liore l&rsquo;exp\u00e9rience utilisateur et l&rsquo;utilisabilit\u00e9 du site Web<\/li>\n<li>Style de chapelure personnalisable pour correspondre \u00e0 la marque du site Web<\/li>\n<li>Compatible avec tous les th\u00e8mes de la galerie Envira<\/li>\n<li>N\u00e9cessite une licence Envira Gallery Pro ou Agency \u00e0 utiliser<\/li>\n<li>Adapt\u00e9 aux d\u00e9veloppeurs avec acc\u00e8s aux crochets et filtres personnalis\u00e9s.<\/li>\n<\/ul>\n","protected":false},"excerpt":{"rendered":"<p>L&rsquo;addon de chapelure de la galerie Envira, un outil exceptionnel et formidable, s&rsquo;av\u00e8re extr\u00eamement b\u00e9n\u00e9fique pour les propri\u00e9taires de sites Web qui comptent sur la galerie Envira pour pr\u00e9senter leur impressionnante gamme d&rsquo;images. Cet addon remarquable fournit sans effort la chapelure, qui englobe essentiellement des liens qui aident les visiteurs \u00e0 naviguer dans la galerie, simplifiant ainsi consid\u00e9rablement leur qu\u00eate pour localiser le contenu souhait\u00e9. En vertu de l&rsquo;addon de chapelure Envira Gallery, les propri\u00e9taires de sites Web sont accord\u00e9s \u00e0 l&rsquo;occasion inestimable pour augmenter l&rsquo;exp\u00e9rience utilisateur et renforcer les niveaux d&rsquo;engagement, tout en facilitant les visiteurs dans leur effort pour d\u00e9voiler l&rsquo;int\u00e9gralit\u00e9 des images impressionnantes. Ce fonctionnement de mani\u00e8re transparente s&rsquo;int\u00e8gre de mani\u00e8re transparente \u00e0 la galerie Envira et poss\u00e8de un processus et une interface d&rsquo;installation conviviaux, le rendant sans effort accessible et navigable.<\/p>\n","protected":false},"featured_media":143751,"comment_status":"open","ping_status":"open","template":"","meta":[],"product_brand":[2538],"product_cat":[1189,1181,1186],"product_tag":[2281],"class_list":{"0":"post-121727","1":"product","2":"type-product","3":"status-publish","4":"has-post-thumbnail","6":"product_brand-envira-gallery","7":"product_cat-personnalisation","8":"product_cat-plugins","9":"product_cat-wordpress-plugins","10":"product_tag-envira-gallery","11":"member-discount","12":"discount-restricted","14":"first","15":"instock","16":"sale","17":"downloadable","18":"virtual","19":"sold-individually","20":"purchasable","21":"product-type-simple"},"_links":{"self":[{"href":"https:\/\/gpl-love.com\/fr\/wp-json\/wp\/v2\/product\/121727","targetHints":{"allow":["GET"]}}],"collection":[{"href":"https:\/\/gpl-love.com\/fr\/wp-json\/wp\/v2\/product"}],"about":[{"href":"https:\/\/gpl-love.com\/fr\/wp-json\/wp\/v2\/types\/product"}],"replies":[{"embeddable":true,"href":"https:\/\/gpl-love.com\/fr\/wp-json\/wp\/v2\/comments?post=121727"}],"wp:featuredmedia":[{"embeddable":true,"href":"https:\/\/gpl-love.com\/fr\/wp-json\/wp\/v2\/media\/143751"}],"wp:attachment":[{"href":"https:\/\/gpl-love.com\/fr\/wp-json\/wp\/v2\/media?parent=121727"}],"wp:term":[{"taxonomy":"product_brand","embeddable":true,"href":"https:\/\/gpl-love.com\/fr\/wp-json\/wp\/v2\/product_brand?post=121727"},{"taxonomy":"product_cat","embeddable":true,"href":"https:\/\/gpl-love.com\/fr\/wp-json\/wp\/v2\/product_cat?post=121727"},{"taxonomy":"product_tag","embeddable":true,"href":"https:\/\/gpl-love.com\/fr\/wp-json\/wp\/v2\/product_tag?post=121727"}],"curies":[{"name":"wp","href":"https:\/\/api.w.org\/{rel}","templated":true}]}}