{"id":121723,"date":"2022-02-20T00:00:00","date_gmt":"2022-02-19T23:00:00","guid":{"rendered":"https:\/\/gpl-love.com\/fr\/produit\/elmastudio-zeitreise-wordpress-theme\/"},"modified":"2026-03-20T23:03:47","modified_gmt":"2026-03-20T22:03:47","slug":"elmastudio-zeitreise-wordpress-theme","status":"publish","type":"product","link":"https:\/\/gpl-love.com\/fr\/produit\/elmastudio-zeitreise-wordpress-theme\/","title":{"rendered":"ElmaStudio Zeitreise WordPress Theme 1.0.10"},"content":{"rendered":"<h3>ElmaStudio Zeitreise WordPress Theme Traits<\/h3>\n<p>Le th\u00e8me WordPress d&rsquo;Elmastudio Zeitreise, r\u00e9put\u00e9 pour son esth\u00e9tique visuelle remarquable et sa personnalisation \u00e9tendue, est d\u00e9lib\u00e9r\u00e9ment con\u00e7ue pour autonomiser les utilisateurs dans la fabrication sans effort d&rsquo;un site Web qui d\u00e9gage le professionnalisme et l&rsquo;\u00e9l\u00e9gance. B\u00e9n\u00e9ficiant d&rsquo;une conception minimaliste et immacul\u00e9e, ce th\u00e8me sert de plate-forme exceptionnelle pour pr\u00e9senter votre contenu, tout en offrant un \u00e9ventail d&rsquo;options de personnalisation qui facilitent la couture transparente de votre site Web pour r\u00e9aliser vos sp\u00e9cifications pr\u00e9cises. Compl\u00e9t\u00e9 par sa conception r\u00e9active et son optimisation SEO int\u00e9gr\u00e9e, le th\u00e8me WordPress Elmastudio Zeitre garantit un site Web visuellement captivant qui s&rsquo;adapte de mani\u00e8re transparente \u00e0 n&rsquo;importe quel appareil, tout en s\u00e9curisant un placement important dans les r\u00e9sultats des moteurs de recherche. Que vous vous identifiiez en tant que blogueur, pigiste ou propri\u00e9taire d&rsquo;entreprise, ce th\u00e8me incarne un choix exemplaire pour les personnes qui cherchent \u00e0 assumer une beaut\u00e9 in\u00e9gal\u00e9e et une fonctionnalit\u00e9 impeccable dans leur site Web.<\/p>\n<ul>\n<li>Conception r\u00e9active qui s&rsquo;adapte \u00e0 toutes les tailles d&rsquo;\u00e9cran<\/li>\n<li>Disposition \u00e9l\u00e9gante et minimaliste avec des zones de contenu personnalisables<\/li>\n<li>Prend en charge l&rsquo;\u00e9diteur de Gutenberg et les constructeurs de page comme Elementor et Beaver Builder<\/li>\n<li>Large gamme d&rsquo;options pour la personnalisation des polices, des couleurs et des arri\u00e8re-plans<\/li>\n<li>Int\u00e9gration int\u00e9gr\u00e9e des m\u00e9dias sociaux pour un partage facile<\/li>\n<li>Plusieurs options de navigation, y compris le menu du hamburger et l&rsquo;en-t\u00eate collant<\/li>\n<li>Compatible avec WooCommerce pour la cr\u00e9ation d&rsquo;une boutique en ligne<\/li>\n<li>Optimis\u00e9 pour le r\u00e9f\u00e9rencement et la vitesse, avec du code propre et des temps de chargement rapide<\/li>\n<li>Documentation compl\u00e8te et excellent support client propos\u00e9 par Elmastudio<\/li>\n<\/ul>\n","protected":false},"excerpt":{"rendered":"<p>Le th\u00e8me WordPress Elmastudio Zeitreise, connu pour sa polyvalence et son \u00e9l\u00e9gance, pr\u00e9sente aux utilisateurs la possibilit\u00e9 d&rsquo;\u00e9laborer sans effort des sites Web agr\u00e9ables et tr\u00e8s fonctionnels dans un court laps de temps. B\u00e9n\u00e9ficiant d&rsquo;une conception vintage extraordinaire et d&rsquo;un \u00e9ventail d&rsquo;options personnalisables, ce th\u00e8me s&rsquo;av\u00e8re \u00eatre un choix id\u00e9al pour les blogueurs, les photographes, les artistes et les individus aspirant \u00e0 \u00e9tablir une pr\u00e9sence en ligne commandante. Pr\u00e9sentant des attributs conviviaux tels qu&rsquo;un constructeur de pages \u00e0 glisser-d\u00e9poser et la commodit\u00e9 des installations en un clic, le th\u00e8me WordPress Elmastudio Zeitreise rationalise le processus de fa\u00e7on de fa\u00e7onner un site Web visuellement captivant et r\u00e9actif qui se distingue ind\u00e9niablement du reste.<\/p>\n","protected":false},"featured_media":143732,"comment_status":"open","ping_status":"open","template":"","meta":[],"product_brand":[2535],"product_cat":[1242,1212,1213],"product_tag":[2305],"class_list":{"0":"post-121723","1":"product","2":"type-product","3":"status-publish","4":"has-post-thumbnail","6":"product_brand-elma-studio","7":"product_cat-creatif","8":"product_cat-themes","9":"product_cat-wordpress-themes","10":"product_tag-elma-studio","11":"member-discount","12":"discount-restricted","14":"first","15":"instock","16":"sale","17":"downloadable","18":"virtual","19":"sold-individually","20":"purchasable","21":"product-type-simple"},"_links":{"self":[{"href":"https:\/\/gpl-love.com\/fr\/wp-json\/wp\/v2\/product\/121723","targetHints":{"allow":["GET"]}}],"collection":[{"href":"https:\/\/gpl-love.com\/fr\/wp-json\/wp\/v2\/product"}],"about":[{"href":"https:\/\/gpl-love.com\/fr\/wp-json\/wp\/v2\/types\/product"}],"replies":[{"embeddable":true,"href":"https:\/\/gpl-love.com\/fr\/wp-json\/wp\/v2\/comments?post=121723"}],"wp:featuredmedia":[{"embeddable":true,"href":"https:\/\/gpl-love.com\/fr\/wp-json\/wp\/v2\/media\/143732"}],"wp:attachment":[{"href":"https:\/\/gpl-love.com\/fr\/wp-json\/wp\/v2\/media?parent=121723"}],"wp:term":[{"taxonomy":"product_brand","embeddable":true,"href":"https:\/\/gpl-love.com\/fr\/wp-json\/wp\/v2\/product_brand?post=121723"},{"taxonomy":"product_cat","embeddable":true,"href":"https:\/\/gpl-love.com\/fr\/wp-json\/wp\/v2\/product_cat?post=121723"},{"taxonomy":"product_tag","embeddable":true,"href":"https:\/\/gpl-love.com\/fr\/wp-json\/wp\/v2\/product_tag?post=121723"}],"curies":[{"name":"wp","href":"https:\/\/api.w.org\/{rel}","templated":true}]}}