{"id":121721,"date":"2021-02-09T00:00:00","date_gmt":"2021-02-08T23:00:00","guid":{"rendered":"https:\/\/gpl-love.com\/fr\/produit\/elmastudio-waipoua-wordpress-theme\/"},"modified":"2026-03-20T23:03:46","modified_gmt":"2026-03-20T22:03:46","slug":"elmastudio-waipoua-wordpress-theme","status":"publish","type":"product","link":"https:\/\/gpl-love.com\/fr\/produit\/elmastudio-waipoua-wordpress-theme\/","title":{"rendered":"ElmaStudio Waipoua WordPress Theme 1.1.3"},"content":{"rendered":"<h3>ElmaStudio Waipoua WordPress Theme Traits<\/h3>\n<p>Le th\u00e8me WordPress Elmastudio Waipoua, r\u00e9put\u00e9 pour son attrait visuel frappant et sa personnalisation \u00e9tendue, a \u00e9t\u00e9 m\u00e9ticuleusement con\u00e7u pour r\u00e9pondre aux besoins des blogueurs, des photographes et des professionnels cr\u00e9atifs. Offrant une pl\u00e9thore de possibilit\u00e9s de mise en page, de sch\u00e9mas de couleurs et d&rsquo;options de typographie, ce th\u00e8me permet aux utilisateurs de fa\u00e7onner un site Web vraiment distinctif et raffin\u00e9 qui refl\u00e8te leur style et leur personnalit\u00e9 idiosyncratiques. Son design \u00e9l\u00e9gant et contemporain a \u00e9t\u00e9 m\u00e9ticuleusement optimis\u00e9 pour l&rsquo;optimisation des moteurs de recherche (SEO) et la r\u00e9activit\u00e9 mobile impeccable, garantissant une exp\u00e9rience utilisateur parfaitement immersive sur toutes les plateformes imaginables. En plus de cela, ce th\u00e8me extraordinaire poss\u00e8de une myriade de fonctionnalit\u00e9s inh\u00e9rentes, y compris l&rsquo;int\u00e9gration des m\u00e9dias sociaux sans couture, des widgets personnalisables et un groupe d&rsquo;options de th\u00e8me puissant, qui facilitent collectivement la gestion sans effort et la mise \u00e0 jour p\u00e9riodique du contenu de votre site Web. En fin de compte, il est ind\u00e9niable que le th\u00e8me Elmastudio Waipoua WordPress est un choix in\u00e9gal\u00e9 pour les individus aspirant \u00e0 forger une pr\u00e9sence en ligne vraiment professionnelle et \u00e0 couper le souffle.<\/p>\n<ul>\n<li>Th\u00e8me WordPress premium et moderne con\u00e7u pour les blogueurs et les cr\u00e9atifs<\/li>\n<li>La conception enti\u00e8rement r\u00e9active et adapt\u00e9e aux mobiles garantit que votre site Web a fi\u00e8re allure sur tous les appareils<\/li>\n<li>Le constructeur de pages glisser-d\u00e9poser facile \u00e0 utiliser vous permet de cr\u00e9er des dispositions uniques sans aucune connaissance de codage<\/li>\n<li>Comprend plusieurs dispositions de page d&rsquo;accueil, de publication et d&rsquo;archives pour pr\u00e9senter votre contenu de diverses mani\u00e8res<\/li>\n<li>Optimis\u00e9 pour le r\u00e9f\u00e9rencement et comprend le support pour les options de partage des m\u00e9dias sociaux populaires<\/li>\n<li>Livr\u00e9 avec un formulaire de contact int\u00e9gr\u00e9, un formulaire d&rsquo;abonnement \u00e0 newsletter et une int\u00e9gration WooCommerce pour les magasins en ligne<\/li>\n<li>Sch\u00e9mas de couleurs personnalisables et polices pour correspondre \u00e0 votre marque ou \u00e0 votre style personnel<\/li>\n<li>Mises \u00e0 jour r\u00e9guli\u00e8res et excellent support client de l&rsquo;\u00e9quipe d&rsquo;Elmastudio<\/li>\n<\/ul>\n","protected":false},"excerpt":{"rendered":"<p>Le th\u00e8me WordPress Elmastudio Waipoua, r\u00e9put\u00e9 pour son esth\u00e9tique \u00e9tonnante et son adaptabilit\u00e9 exceptionnelle, est un choix exemplaire pour un \u00e9ventail diversifi\u00e9 d&rsquo;individus, y compris des blogueurs, des photographes et des professionnels. Son design propre et minimaliste in\u00e9gal\u00e9 permet aux utilisateurs la possibilit\u00e9 d&rsquo;adapter sans effort leur site Web \u00e0 incarner authentiquement leur marque et leur personnalit\u00e9 uniques. De plus, ce th\u00e8me remarquable offre une pl\u00e9thore d&rsquo;options de mise en page, de widgets personnalis\u00e9s et une vaste gamme de sch\u00e9mas de couleurs captivants pour r\u00e9pondre aux pr\u00e9f\u00e9rences individuelles. Notamment, la r\u00e9activit\u00e9 compl\u00e8te du th\u00e8me garantit une exp\u00e9rience visuelle impeccable sur tous les appareils, solidant ainsi son statut de solution ultime pour tous ceux qui cherchent \u00e0 pr\u00e9senter leur portefeuille ou \u00e0 diffuser leur dernier article de blog.<\/p>\n","protected":false},"featured_media":143731,"comment_status":"open","ping_status":"open","template":"","meta":[],"product_brand":[2535],"product_cat":[1242,1212,1213],"product_tag":[2305],"class_list":{"0":"post-121721","1":"product","2":"type-product","3":"status-publish","4":"has-post-thumbnail","6":"product_brand-elma-studio","7":"product_cat-creatif","8":"product_cat-themes","9":"product_cat-wordpress-themes","10":"product_tag-elma-studio","11":"member-discount","12":"discount-restricted","14":"first","15":"instock","16":"sale","17":"downloadable","18":"virtual","19":"sold-individually","20":"purchasable","21":"product-type-simple"},"_links":{"self":[{"href":"https:\/\/gpl-love.com\/fr\/wp-json\/wp\/v2\/product\/121721","targetHints":{"allow":["GET"]}}],"collection":[{"href":"https:\/\/gpl-love.com\/fr\/wp-json\/wp\/v2\/product"}],"about":[{"href":"https:\/\/gpl-love.com\/fr\/wp-json\/wp\/v2\/types\/product"}],"replies":[{"embeddable":true,"href":"https:\/\/gpl-love.com\/fr\/wp-json\/wp\/v2\/comments?post=121721"}],"wp:featuredmedia":[{"embeddable":true,"href":"https:\/\/gpl-love.com\/fr\/wp-json\/wp\/v2\/media\/143731"}],"wp:attachment":[{"href":"https:\/\/gpl-love.com\/fr\/wp-json\/wp\/v2\/media?parent=121721"}],"wp:term":[{"taxonomy":"product_brand","embeddable":true,"href":"https:\/\/gpl-love.com\/fr\/wp-json\/wp\/v2\/product_brand?post=121721"},{"taxonomy":"product_cat","embeddable":true,"href":"https:\/\/gpl-love.com\/fr\/wp-json\/wp\/v2\/product_cat?post=121721"},{"taxonomy":"product_tag","embeddable":true,"href":"https:\/\/gpl-love.com\/fr\/wp-json\/wp\/v2\/product_tag?post=121721"}],"curies":[{"name":"wp","href":"https:\/\/api.w.org\/{rel}","templated":true}]}}