{"id":121719,"date":"2022-02-20T00:00:00","date_gmt":"2022-02-19T23:00:00","guid":{"rendered":"https:\/\/gpl-love.com\/fr\/produit\/elmastudio-uku-wordpress-theme\/"},"modified":"2026-03-20T23:03:45","modified_gmt":"2026-03-20T22:03:45","slug":"elmastudio-uku-wordpress-theme","status":"publish","type":"product","link":"https:\/\/gpl-love.com\/fr\/produit\/elmastudio-uku-wordpress-theme\/","title":{"rendered":"ElmaStudio Uku WordPress Theme 1.4.1"},"content":{"rendered":"<h3>ElmaStudio Uku WordPress Theme Traits<\/h3>\n<p>Le th\u00e8me Elmastudio UKU WordPress est une option remarquable pour les individus \u00e0 la recherche d&rsquo;un design \u00e9l\u00e9gant et contemporain, car il poss\u00e8de une mise en page minimaliste qui est faite sur mesure pour pr\u00e9senter votre contenu, que ce soit un blog personnel ou un site Web d&rsquo;entreprise. Ce th\u00e8me offre un \u00e9norme degr\u00e9 de personnalisation, accordant aux utilisateurs l&rsquo;acc\u00e8s \u00e0 diverses options de mise en page, sch\u00e9mas de couleurs et s\u00e9lections de polices. De plus, il est optimis\u00e9 pour le r\u00e9f\u00e9rencement, garantissant que votre site atteint un classement louable sur les moteurs de recherche. Avec son interface conviviale et facilement navigable, le th\u00e8me UKU s&rsquo;av\u00e8re \u00eatre un excellent choix pour les novices et les utilisateurs de WordPress chevronn\u00e9s. De plus, sa conception r\u00e9active garantit que votre site maintient son attrait esth\u00e9tique sur tous les appareils, des ordinateurs de bureau aux t\u00e9l\u00e9phones mobiles. Essentiellement, investir dans le th\u00e8me Elmastudio UKU WordPress est une excellente d\u00e9cision pour les individus aspirant \u00e0 un site Web poli et sophistiqu\u00e9.<\/p>\n<ul>\n<li>Le th\u00e8me Elmastudio UKU WordPress est un th\u00e8me moderne et polyvalent con\u00e7u pour \u00eatre utilis\u00e9 avec les sites Web WordPress.<\/li>\n<li>Avec un design \u00e9l\u00e9gant et minimaliste, c&rsquo;est le choix parfait pour les blogueurs, les \u00e9crivains et les cr\u00e9ateurs de contenu qui veulent faire une d\u00e9claration avec leur site Web.<\/li>\n<li>Le th\u00e8me comprend plusieurs options de mise en page, des widgets personnalisables et une gamme de polices et de sch\u00e9mas de couleurs \u00e0 choisir, ce qui facilite la cr\u00e9ation d&rsquo;un site Web unique et personnalis\u00e9.<\/li>\n<li>Le th\u00e8me UKU WordPress est enti\u00e8rement r\u00e9actif, ce qui signifie que votre site Web aura fi\u00e8re allure et fonctionnera bien sur n&rsquo;importe quel appareil, qu&rsquo;il s&rsquo;agisse d&rsquo;un bureau, d&rsquo;une tablette ou d&rsquo;un t\u00e9l\u00e9phone mobile.<\/li>\n<li>Le th\u00e8me comprend \u00e9galement des fonctionnalit\u00e9s puissantes telles qu&rsquo;un code de r\u00e9f\u00e9rencement, des en-t\u00eates et des pieds de page personnalisables, et une prise en charge de plugins populaires tels que WooCommerce et Jetpack.<\/li>\n<li>Con\u00e7u avec la facilit\u00e9 d&rsquo;utilisation, le th\u00e8me Elmastudio UKU WordPress est facile \u00e0 installer et est livr\u00e9 avec une documentation approfondie, un support client et des mises \u00e0 jour r\u00e9guli\u00e8res pour vous assurer que votre site Web se d\u00e9roule bien et en toute s\u00e9curit\u00e9.<\/li>\n<li>Que vous cr\u00e9iez un nouveau blog, r\u00e9organisez votre site Web existant ou cr\u00e9ez une boutique de commerce \u00e9lectronique, le th\u00e8me Elmastudio UKU WordPress offre une solution puissante et flexible qui est parfaite pour tout type de site Web.<\/li>\n<\/ul>\n","protected":false},"excerpt":{"rendered":"<p>\u00cates-vous \u00e0 la recherche d&rsquo;un th\u00e8me WordPress de premier ordre qui peut fournir \u00e0 votre site Web une apparence polie et contemporaine? Votre recherche se termine ici par le th\u00e8me Elmastudio UKU WordPress. Ce th\u00e8me exceptionnel poss\u00e8de un design \u00e9l\u00e9gant et \u00e9pur\u00e9, ce qui en fait un choix id\u00e9al pour ceux qui d\u00e9sirent la simplicit\u00e9. De plus, le th\u00e8me UKU est enti\u00e8rement r\u00e9actif, garantissant que votre site Web conservera son esth\u00e9tique et ses fonctionnalit\u00e9s \u00e9tonnantes, quel que soit l&rsquo;appareil sur lequel il est vu. De plus, ce th\u00e8me est \u00e9quip\u00e9 d&rsquo;un large \u00e9ventail d&rsquo;options de personnalisation robustes, vous permettant d&rsquo;adapter votre site Web \u00e0 s&rsquo;aligner parfaitement sur votre vision. En outre, le processus d&rsquo;installation et d&rsquo;utilisation du th\u00e8me WordPress Elmastudio UKU est un jeu d&rsquo;enfant, assurant une exp\u00e9rience sans tracas. Que votre objectif soit d&rsquo;\u00e9tablir un site de portefeuille captivant ou un magasin de commerce \u00e9lectronique attrayant, ne cherchez pas plus loin que le th\u00e8me Elmastudio UKU WordPress, car il est sans \u00e9quivoque le choix optimal pour votre prochain projet Web.<\/p>\n","protected":false},"featured_media":143730,"comment_status":"open","ping_status":"open","template":"","meta":[],"product_brand":[2535],"product_cat":[1242,1212,1213],"product_tag":[2305],"class_list":{"0":"post-121719","1":"product","2":"type-product","3":"status-publish","4":"has-post-thumbnail","6":"product_brand-elma-studio","7":"product_cat-creatif","8":"product_cat-themes","9":"product_cat-wordpress-themes","10":"product_tag-elma-studio","11":"member-discount","12":"discount-restricted","14":"first","15":"instock","16":"sale","17":"downloadable","18":"virtual","19":"sold-individually","20":"purchasable","21":"product-type-simple"},"_links":{"self":[{"href":"https:\/\/gpl-love.com\/fr\/wp-json\/wp\/v2\/product\/121719","targetHints":{"allow":["GET"]}}],"collection":[{"href":"https:\/\/gpl-love.com\/fr\/wp-json\/wp\/v2\/product"}],"about":[{"href":"https:\/\/gpl-love.com\/fr\/wp-json\/wp\/v2\/types\/product"}],"replies":[{"embeddable":true,"href":"https:\/\/gpl-love.com\/fr\/wp-json\/wp\/v2\/comments?post=121719"}],"wp:featuredmedia":[{"embeddable":true,"href":"https:\/\/gpl-love.com\/fr\/wp-json\/wp\/v2\/media\/143730"}],"wp:attachment":[{"href":"https:\/\/gpl-love.com\/fr\/wp-json\/wp\/v2\/media?parent=121719"}],"wp:term":[{"taxonomy":"product_brand","embeddable":true,"href":"https:\/\/gpl-love.com\/fr\/wp-json\/wp\/v2\/product_brand?post=121719"},{"taxonomy":"product_cat","embeddable":true,"href":"https:\/\/gpl-love.com\/fr\/wp-json\/wp\/v2\/product_cat?post=121719"},{"taxonomy":"product_tag","embeddable":true,"href":"https:\/\/gpl-love.com\/fr\/wp-json\/wp\/v2\/product_tag?post=121719"}],"curies":[{"name":"wp","href":"https:\/\/api.w.org\/{rel}","templated":true}]}}