{"id":121717,"date":"2022-02-20T00:00:00","date_gmt":"2022-02-19T23:00:00","guid":{"rendered":"https:\/\/gpl-love.com\/fr\/produit\/elmastudio-ubud-wordpress-theme\/"},"modified":"2026-03-20T23:03:44","modified_gmt":"2026-03-20T22:03:44","slug":"elmastudio-ubud-wordpress-theme","status":"publish","type":"product","link":"https:\/\/gpl-love.com\/fr\/produit\/elmastudio-ubud-wordpress-theme\/","title":{"rendered":"ElmaStudio Ubud WordPress Theme 1.0.9"},"content":{"rendered":"<h3>ElmaStudio Ubud WordPress Theme Traits<\/h3>\n<p>Le th\u00e8me Elmastudio Ubud WordPress poss\u00e8de un design polyvalent et visuellement magnifique, m\u00e9ticuleusement con\u00e7u pour pr\u00e9senter votre contenu d&rsquo;une mani\u00e8re extr\u00eamement \u00e9l\u00e9gante. Son accent mis sur le minimalisme et l&rsquo;esth\u00e9tique propre le rend un choix impeccable pour un \u00e9ventail d&rsquo;utilisateurs, notamment des blogueurs, des pigistes, des cr\u00e9atifs et des entreprises. En outre, ce th\u00e8me est enti\u00e8rement r\u00e9actif, garantissant que votre site Web conserve sa splendeur quel que soit l&rsquo;appareil \u00e0 partir de laquelle il est accessible. De plus, il a \u00e9t\u00e9 optimis\u00e9 pour l&rsquo;optimisation des moteurs de recherche (SEO), facilitant un classement plus \u00e9lev\u00e9 dans les r\u00e9sultats de recherche et augmentant son potentiel pour attirer le trafic organique. La personnalisation est un jeu d&rsquo;enfant avec le personnalisateur de th\u00e8me convivial, permettant aux modifications sans effort des couleurs, des polices et des dispositions pour r\u00e9pondre \u00e0 vos pr\u00e9f\u00e9rences uniques. En plus de cela, le th\u00e8me profite \u00e0 un assortiment de formats post, allant des galeries captivantes aux vid\u00e9os convaincantes et aux citations inspirantes, permettant ainsi la cr\u00e9ation sans effort de contenu engageant et dynamique. En adh\u00e9rant fermement aux principes de la simplicit\u00e9 et des fonctionnalit\u00e9s, le th\u00e8me Elmastudio Ubud WordPress appara\u00eet comme la quintessence de la conception de sites Web contemporains et professionnels, ce qui en fait un choix convaincant pour les individus astucieux \u00e0 la recherche d&rsquo;un site Web qui se d\u00e9marque vraiment.<\/p>\n<ul>\n<li>Un th\u00e8me WordPress chic et moderne avec un design minimaliste<\/li>\n<li>Prise en charge int\u00e9gr\u00e9e pour les plugins populaires tels que Jetpack et WooCommerce<\/li>\n<li>Mod\u00e8les de plusieurs pages disponibles pour pr\u00e9senter votre contenu de diff\u00e9rentes mani\u00e8res<\/li>\n<li>Zones de t\u00eate et de pied de page personnalisables pour ajouter votre propre touche personnelle \u00e0 votre site Web<\/li>\n<li>La conception r\u00e9active garantit que votre site Web a fi\u00e8re allure sur n&rsquo;importe quel appareil<\/li>\n<li>Le contenu de d\u00e9monstration inclus et l&rsquo;installation en un clic rend la configuration rapide et facile<\/li>\n<li>SEO optimis\u00e9 pour aider \u00e0 augmenter la visibilit\u00e9 et \u00e0 attirer plus de visiteurs sur votre site Web<\/li>\n<li>Mises \u00e0 jour r\u00e9guli\u00e8res et support client fourni par l&rsquo;\u00e9quipe d&rsquo;Elmastudio<\/li>\n<\/ul>\n","protected":false},"excerpt":{"rendered":"<p>Le th\u00e8me Elmastudio Ubud WordPress, avec sa conception exquise qui fusionne parfaitement la simplicit\u00e9 et l&rsquo;\u00e9l\u00e9gance, est un chef-d&rsquo;\u0153uvre absolu. B\u00e9n\u00e9ficiant d&rsquo;une disposition vierge et d&rsquo;un design incroyablement r\u00e9actif, ce th\u00e8me est une aubaine absolue pour les blogueurs et les propri\u00e9taires de petites entreprises qui aspirent \u00e0 montrer leur contenu d&rsquo;une mani\u00e8re vraiment contemporaine et professionnelle. Emball\u00e9 \u00e0 ras bord avec une gamme d&rsquo;options de personnalisation qui incluent, sans s&rsquo;y limiter, aux sch\u00e9mas de couleurs, aux images d&rsquo;en-t\u00eate et aux choix de polices, ce th\u00e8me vous accorde la capacit\u00e9 in\u00e9gal\u00e9e \u00e0 adapter la conception pour r\u00e9pondre parfaitement \u00e0 vos besoins uniques et sp\u00e9cifiques. Sans oublier, le processus d&rsquo;installation est une brise absolue, et le th\u00e8me est m\u00eame complet avec une documentation m\u00e9ticuleusement d\u00e9taill\u00e9e qui assure une configuration sans tracas sans tracas. Dans l&rsquo;ensemble, le th\u00e8me Elmastudio Ubud WordPress r\u00e8gne incontestablement le choix ultime pour ceux qui recherchent un th\u00e8me WordPress WordPress visuellement \u00e9tonnant et supr\u00eamement fonctionnel.<\/p>\n","protected":false},"featured_media":143729,"comment_status":"open","ping_status":"open","template":"","meta":[],"product_brand":[2535],"product_cat":[1242,1212,1213],"product_tag":[2305],"class_list":{"0":"post-121717","1":"product","2":"type-product","3":"status-publish","4":"has-post-thumbnail","6":"product_brand-elma-studio","7":"product_cat-creatif","8":"product_cat-themes","9":"product_cat-wordpress-themes","10":"product_tag-elma-studio","11":"member-discount","12":"discount-restricted","14":"first","15":"instock","16":"sale","17":"downloadable","18":"virtual","19":"sold-individually","20":"purchasable","21":"product-type-simple"},"_links":{"self":[{"href":"https:\/\/gpl-love.com\/fr\/wp-json\/wp\/v2\/product\/121717","targetHints":{"allow":["GET"]}}],"collection":[{"href":"https:\/\/gpl-love.com\/fr\/wp-json\/wp\/v2\/product"}],"about":[{"href":"https:\/\/gpl-love.com\/fr\/wp-json\/wp\/v2\/types\/product"}],"replies":[{"embeddable":true,"href":"https:\/\/gpl-love.com\/fr\/wp-json\/wp\/v2\/comments?post=121717"}],"wp:featuredmedia":[{"embeddable":true,"href":"https:\/\/gpl-love.com\/fr\/wp-json\/wp\/v2\/media\/143729"}],"wp:attachment":[{"href":"https:\/\/gpl-love.com\/fr\/wp-json\/wp\/v2\/media?parent=121717"}],"wp:term":[{"taxonomy":"product_brand","embeddable":true,"href":"https:\/\/gpl-love.com\/fr\/wp-json\/wp\/v2\/product_brand?post=121717"},{"taxonomy":"product_cat","embeddable":true,"href":"https:\/\/gpl-love.com\/fr\/wp-json\/wp\/v2\/product_cat?post=121717"},{"taxonomy":"product_tag","embeddable":true,"href":"https:\/\/gpl-love.com\/fr\/wp-json\/wp\/v2\/product_tag?post=121717"}],"curies":[{"name":"wp","href":"https:\/\/api.w.org\/{rel}","templated":true}]}}