{"id":121715,"date":"2021-02-09T00:00:00","date_gmt":"2021-02-08T23:00:00","guid":{"rendered":"https:\/\/gpl-love.com\/fr\/produit\/elmastudio-tatami-wordpress-theme\/"},"modified":"2026-03-20T23:03:43","modified_gmt":"2026-03-20T22:03:43","slug":"elmastudio-tatami-wordpress-theme","status":"publish","type":"product","link":"https:\/\/gpl-love.com\/fr\/produit\/elmastudio-tatami-wordpress-theme\/","title":{"rendered":"ElmaStudio Tatami WordPress Theme 1.0.9"},"content":{"rendered":"<h3>ElmaStudio Tatami WordPress Theme Traits<\/h3>\n<p>Le th\u00e8me Tatami WordPress, d\u00e9velopp\u00e9 par Elmastudio, est un th\u00e8me tr\u00e8s polyvalent et contemporain qui poss\u00e8de un design \u00e9l\u00e9gant et \u00e9pur\u00e9, ce qui en fait un choix id\u00e9al pour les individus ou les entreprises \u00e0 la recherche d&rsquo;un site Web visuellement attrayant et convivial. La disposition r\u00e9active de ce th\u00e8me garantit que votre site s&rsquo;adaptera parfaitement \u00e0 divers appareils, tandis que sa page d&rsquo;accueil personnalisable et sa large gamme d&rsquo;options pour modifier les couleurs, les polices et les dispositions de votre site vous permettent de cr\u00e9er une pr\u00e9sence en ligne vraiment personnalis\u00e9e. En outre, les utilisateurs du th\u00e8me Tatami WordPress ont acc\u00e8s \u00e0 une vaste gamme de fonctionnalit\u00e9s et de ressources, y compris le support de premier ordre de l&rsquo;\u00e9quipe Elmastudio comp\u00e9tente et un guide de documentation approfondi qui vous aidera \u00e0 d\u00e9marrer. Sans aucun doute, Tatami est une superbe option pour ceux qui recherchent une solution simple mais sophistiqu\u00e9e pour leur site WordPress.<\/p>\n<ul>\n<li>Conception de blogs propre et minimaliste en mettant l&rsquo;accent sur la typographie et l&rsquo;espace.<\/li>\n<li>Disposition r\u00e9active optimis\u00e9e pour tous les appareils, y compris le mobile et la tablette.<\/li>\n<li>Sch\u00e9mas de couleurs personnalisables et int\u00e9gration de polices Google pour l&rsquo;image de marque personnalis\u00e9e.<\/li>\n<li>Formats de poteau et de post en vedette pour pr\u00e9senter du contenu de mani\u00e8re unique.<\/li>\n<li>Traduction et soutien du langage RTL pour le public international.<\/li>\n<li>Optimisation du r\u00e9f\u00e9rencement pour une am\u00e9lioration de la visibilit\u00e9 des moteurs de recherche.<\/li>\n<li>Prise en charge des plugins WordPress populaires, y compris Jetpack et WooCommerce.<\/li>\n<li>Options de configuration et de personnalisation intuitives faciles avec le panneau d&rsquo;options de th\u00e8me inclus.<\/li>\n<li>Mises \u00e0 jour \u00e0 vie et soutien d\u00e9di\u00e9 de l&rsquo;\u00e9quipe d&rsquo;Elmastudio.<\/li>\n<\/ul>\n","protected":false},"excerpt":{"rendered":"<p>Elmastudio Tatami est un th\u00e8me WordPress exemplaire qui adh\u00e8re \u00e0 une esth\u00e9tique minimaliste et propre, ce qui le rend un choix impeccable pour les individus dans les domaines des blogs, de la photographie et des professions cr\u00e9atives. B\u00e9n\u00e9ficiant d&rsquo;un design remarquablement \u00e9l\u00e9gant, ce th\u00e8me est \u00e9quip\u00e9 d&rsquo;une r\u00e9activit\u00e9 compl\u00e8te et de capacit\u00e9s de personnalisation, permettant aux utilisateurs d&rsquo;adapter leur pr\u00e9sence en ligne en fonction de leurs pr\u00e9f\u00e9rences. De plus, Tatami propose un \u00e9ventail d&rsquo;options, dont trois alternatives de page d&rsquo;accueil distinctes et de nombreux mod\u00e8les de pages, accordant ainsi aux utilisateurs une large gamme de choix. En exploitant le pouvoir de Tatami, on peut montrer sans effort leur contenu d&rsquo;une mani\u00e8re visuellement \u00e9tonnante et sans pr\u00e9c\u00e9dent, s&rsquo;\u00e9tablissant ainsi comme une entit\u00e9 en ligne de premier plan capable de faire une d\u00e9claration retentissante.<\/p>\n","protected":false},"featured_media":143728,"comment_status":"open","ping_status":"open","template":"","meta":[],"product_brand":[2535],"product_cat":[1242,1212,1213],"product_tag":[2305],"class_list":{"0":"post-121715","1":"product","2":"type-product","3":"status-publish","4":"has-post-thumbnail","6":"product_brand-elma-studio","7":"product_cat-creatif","8":"product_cat-themes","9":"product_cat-wordpress-themes","10":"product_tag-elma-studio","11":"member-discount","12":"discount-restricted","14":"first","15":"instock","16":"sale","17":"downloadable","18":"virtual","19":"sold-individually","20":"purchasable","21":"product-type-simple"},"_links":{"self":[{"href":"https:\/\/gpl-love.com\/fr\/wp-json\/wp\/v2\/product\/121715","targetHints":{"allow":["GET"]}}],"collection":[{"href":"https:\/\/gpl-love.com\/fr\/wp-json\/wp\/v2\/product"}],"about":[{"href":"https:\/\/gpl-love.com\/fr\/wp-json\/wp\/v2\/types\/product"}],"replies":[{"embeddable":true,"href":"https:\/\/gpl-love.com\/fr\/wp-json\/wp\/v2\/comments?post=121715"}],"wp:featuredmedia":[{"embeddable":true,"href":"https:\/\/gpl-love.com\/fr\/wp-json\/wp\/v2\/media\/143728"}],"wp:attachment":[{"href":"https:\/\/gpl-love.com\/fr\/wp-json\/wp\/v2\/media?parent=121715"}],"wp:term":[{"taxonomy":"product_brand","embeddable":true,"href":"https:\/\/gpl-love.com\/fr\/wp-json\/wp\/v2\/product_brand?post=121715"},{"taxonomy":"product_cat","embeddable":true,"href":"https:\/\/gpl-love.com\/fr\/wp-json\/wp\/v2\/product_cat?post=121715"},{"taxonomy":"product_tag","embeddable":true,"href":"https:\/\/gpl-love.com\/fr\/wp-json\/wp\/v2\/product_tag?post=121715"}],"curies":[{"name":"wp","href":"https:\/\/api.w.org\/{rel}","templated":true}]}}