{"id":121713,"date":"2022-02-20T00:00:00","date_gmt":"2022-02-19T23:00:00","guid":{"rendered":"https:\/\/gpl-love.com\/fr\/produit\/elmastudio-suidobashi-wordpress-theme\/"},"modified":"2026-03-20T23:03:43","modified_gmt":"2026-03-20T22:03:43","slug":"elmastudio-suidobashi-wordpress-theme","status":"publish","type":"product","link":"https:\/\/gpl-love.com\/fr\/produit\/elmastudio-suidobashi-wordpress-theme\/","title":{"rendered":"ElmaStudio Suidobashi WordPress Theme 1.0.11"},"content":{"rendered":"<h3>ElmaStudio Suidobashi WordPress Theme Traits<\/h3>\n<p>Le th\u00e8me WordPress Elmastudio Suidobashi se pr\u00e9sente comme un th\u00e8me tr\u00e8s polyvalent et convivial, offrant un design \u00e9l\u00e9gant et moderne qui s&rsquo;adresse \u00e0 un large \u00e9ventail de types de sites Web. Sa disposition pleinement r\u00e9active garantit que votre site maintiendra son attrait visuel sur tous les appareils. De plus, ce th\u00e8me offre une abondance d&rsquo;options de personnalisation, y compris plusieurs sch\u00e9mas de couleurs et choix de polices, vous permettant de vraiment personnaliser votre site. De plus, le th\u00e8me Suidobashi fournit divers mod\u00e8les de pages pr\u00e9d\u00e9finis, garantissant que m\u00eame les individus d\u00e9pourvus d&rsquo;expertise technique \u00e9tendue peuvent cr\u00e9er sans effort un site Web d&rsquo;aspect professionnel. Notamment, l&rsquo;optimisation de ce th\u00e8me pour la vitesse et le r\u00e9f\u00e9rencement assure des temps de chargement rapides et une visibilit\u00e9 am\u00e9lior\u00e9e sur les moteurs de recherche. En r\u00e9sum\u00e9, le th\u00e8me WordPress Elmastudio Suidobashi sert de solution exceptionnelle \u00e0 quiconque \u00e0 la recherche d&rsquo;un th\u00e8me robuste et adaptable pour son site WordPress.<\/p>\n<ul>\n<li>Design \u00e9l\u00e9gant et moderne, parfait pour une vari\u00e9t\u00e9 de sites Web<\/li>\n<li>La disposition enti\u00e8rement r\u00e9active garantit que votre site Web a fi\u00e8re allure sur n&rsquo;importe quel appareil<\/li>\n<li>Les sch\u00e9mas de couleurs personnalisables et la typographie permettent une personnalisation unique<\/li>\n<li>Int\u00e9gration avec des plugins WordPress populaires tels que les formulaires de gravit\u00e9 et le formulaire de contact 7<\/li>\n<li>Prise en charge int\u00e9gr\u00e9e pour WooCommerce, ce qui facilite la cr\u00e9ation d&rsquo;une boutique en ligne<\/li>\n<li>Panneau d&rsquo;options de th\u00e8me facile \u00e0 utiliser pour une personnalisation rapide et facile<\/li>\n<li>Traduction pr\u00eate avec des fichiers .po et .mo inclus pour une localisation facile<\/li>\n<li>Documentation approfondie et \u00e9quipe de support d\u00e9di\u00e9e pour toutes les questions ou probl\u00e8mes<\/li>\n<li>R\u00e9guli\u00e8rement mis \u00e0 jour pour assurer la compatibilit\u00e9 avec la derni\u00e8re version de WordPress<\/li>\n<\/ul>\n","protected":false},"excerpt":{"rendered":"<p>Elmastudio Suidobashi, un th\u00e8me WordPress caract\u00e9ris\u00e9 par son design \u00e9l\u00e9gant et moderne, a \u00e9t\u00e9 m\u00e9ticuleusement con\u00e7u pour r\u00e9pondre aux besoins des blogueurs et des professionnels cr\u00e9atifs. Sa disposition propre et bien organis\u00e9e, associ\u00e9e \u00e0 sa vaste gamme de fonctionnalit\u00e9s personnalisables, permet aux utilisateurs de pr\u00e9senter sans effort leur contenu et d&rsquo;\u00e9tablir une pr\u00e9sence en ligne impressionnante. De plus, ce th\u00e8me poss\u00e8de une r\u00e9activit\u00e9 compl\u00e8te, garantissant une exp\u00e9rience utilisateur transparente sur divers appareils, tout en \u00e9tant tr\u00e8s optimis\u00e9 \u00e0 des fins d&rsquo;optimisation des moteurs de recherche (SEO). De plus, Suidobashi s&rsquo;int\u00e8gre de mani\u00e8re transparente \u00e0 des plugins populaires tels que WooCommerce et Contact Form 7, permettant ainsi aux utilisateurs d&rsquo;incorporer sans effort les fonctionnalit\u00e9s de commerce \u00e9lectronique et de cr\u00e9er des formulaires de contact interactifs. En outre, l&rsquo;engagement in\u00e9branlable d&rsquo;Elmastudio \u00e0 fournir un soutien exceptionnel et des mises \u00e0 jour r\u00e9guli\u00e8res renforce le statut de Suidobashi en tant que choix ultime pour les personnes cherchant \u00e0 transcender les limites de leur site Web et \u00e0 atteindre des niveaux d&rsquo;excellence in\u00e9gal\u00e9s.<\/p>\n","protected":false},"featured_media":143727,"comment_status":"open","ping_status":"open","template":"","meta":[],"product_brand":[2535],"product_cat":[1242,1212,1213],"product_tag":[2305],"class_list":{"0":"post-121713","1":"product","2":"type-product","3":"status-publish","4":"has-post-thumbnail","6":"product_brand-elma-studio","7":"product_cat-creatif","8":"product_cat-themes","9":"product_cat-wordpress-themes","10":"product_tag-elma-studio","11":"member-discount","12":"discount-restricted","14":"first","15":"instock","16":"sale","17":"downloadable","18":"virtual","19":"sold-individually","20":"purchasable","21":"product-type-simple"},"_links":{"self":[{"href":"https:\/\/gpl-love.com\/fr\/wp-json\/wp\/v2\/product\/121713","targetHints":{"allow":["GET"]}}],"collection":[{"href":"https:\/\/gpl-love.com\/fr\/wp-json\/wp\/v2\/product"}],"about":[{"href":"https:\/\/gpl-love.com\/fr\/wp-json\/wp\/v2\/types\/product"}],"replies":[{"embeddable":true,"href":"https:\/\/gpl-love.com\/fr\/wp-json\/wp\/v2\/comments?post=121713"}],"wp:featuredmedia":[{"embeddable":true,"href":"https:\/\/gpl-love.com\/fr\/wp-json\/wp\/v2\/media\/143727"}],"wp:attachment":[{"href":"https:\/\/gpl-love.com\/fr\/wp-json\/wp\/v2\/media?parent=121713"}],"wp:term":[{"taxonomy":"product_brand","embeddable":true,"href":"https:\/\/gpl-love.com\/fr\/wp-json\/wp\/v2\/product_brand?post=121713"},{"taxonomy":"product_cat","embeddable":true,"href":"https:\/\/gpl-love.com\/fr\/wp-json\/wp\/v2\/product_cat?post=121713"},{"taxonomy":"product_tag","embeddable":true,"href":"https:\/\/gpl-love.com\/fr\/wp-json\/wp\/v2\/product_tag?post=121713"}],"curies":[{"name":"wp","href":"https:\/\/api.w.org\/{rel}","templated":true}]}}