{"id":121711,"date":"2021-02-09T00:00:00","date_gmt":"2021-02-08T23:00:00","guid":{"rendered":"https:\/\/gpl-love.com\/fr\/produit\/elmastudio-renkon-wordpress-theme\/"},"modified":"2026-03-20T23:03:42","modified_gmt":"2026-03-20T22:03:42","slug":"elmastudio-renkon-wordpress-theme","status":"publish","type":"product","link":"https:\/\/gpl-love.com\/fr\/produit\/elmastudio-renkon-wordpress-theme\/","title":{"rendered":"ElmaStudio Renkon WordPress Theme 1.0.11"},"content":{"rendered":"<h3>ElmaStudio Renkon WordPress Theme Traits<\/h3>\n<p>Le th\u00e8me Elmastudio Renkon WordPress, aim\u00e9 des blogueurs et des professionnels de la cr\u00e9ation, est une merveille de personnalisation et de convivialit\u00e9. Son design \u00e9l\u00e9gant et discret offre une toile de fond exquise pour que les utilisateurs montrent fi\u00e8rement leur contenu d&rsquo;une mani\u00e8re contemporaine et captivante. Ce th\u00e8me remarquable est non seulement enti\u00e8rement r\u00e9actif, garantissant une exp\u00e9rience de visualisation optimale sur tous les appareils, mais il est \u00e9galement m\u00e9ticuleusement optimis\u00e9 pour l&rsquo;optimisation des moteurs de recherche (SEO), accordant aux utilisateurs la meilleure chance possible d&rsquo;\u00eatre d\u00e9couverte en ligne. De plus, ce th\u00e8me exceptionnel poss\u00e8de un \u00e9ventail impressionnant d&rsquo;options personnalisables, allant d&rsquo;une multitude de dispositions de page d&rsquo;accueil et de blogs \u00e0 une multitude de formats de poste uniques et m\u00eame \u00e0 la possibilit\u00e9 d&rsquo;affiner les sch\u00e9mas de couleurs au d\u00e9sir de son c\u0153ur. Comme si cela ne suffisait pas, le th\u00e8me Elmastudio Renkon WordPress int\u00e8gre \u00e9galement une s\u00e9lection diversifi\u00e9e de widgets et de plugins, y compris une int\u00e9gration transparente avec diverses plateformes de m\u00e9dias sociaux et un en-t\u00eate qui peut \u00eatre adapt\u00e9 aux pr\u00e9f\u00e9rences individuelles. Que vous soyez un blogueur estim\u00e9, un passionn\u00e9 de photographie ou un artiste dou\u00e9, le th\u00e8me Elmastudio Renkon WordPress est sans \u00e9quivoque le choix id\u00e9al pour cr\u00e9er un site Web \u00e0 la fois esth\u00e9tiquement agr\u00e9able et efficace.<\/p>\n<ul>\n<li>Th\u00e8me WordPress personnalisable et polyvalent parfait pour les blogueurs, les cr\u00e9atifs et les entreprises<\/li>\n<li>Design moderne et propre avec des \u00e9l\u00e9ments d&rsquo;inspiration japonaise tels que les fleurs de cerisier et les tons de bois<\/li>\n<li>R\u00e9actif et adapt\u00e9 aux mobiles, assurant une exp\u00e9rience utilisateur transparente sur tous les appareils<\/li>\n<li>Variations de page d&rsquo;accueil multiples et options de mise en page parmi lesquelles choisir<\/li>\n<li>Options de mise en page pleine largeur ou en bo\u00eete disponibles<\/li>\n<li>WooCommerce compatible pour une int\u00e9gration de commerce \u00e9lectronique facile<\/li>\n<li>Zones de t\u00eate et de pied de page personnalisables pour r\u00e9pondre \u00e0 vos besoins de marque<\/li>\n<li>Int\u00e9gration avec des plugins populaires comme Jetpack et Yoast SEO pour une fonctionnalit\u00e9 am\u00e9lior\u00e9e<\/li>\n<li>Documentation approfondie et soutien fourni par l&rsquo;\u00e9quipe d&rsquo;Elmastudio<\/li>\n<li>Mises \u00e0 jour et am\u00e9liorations r\u00e9guli\u00e8res pour assurer des performances et une compatibilit\u00e9 optimales<\/li>\n<\/ul>\n","protected":false},"excerpt":{"rendered":"<p>Le th\u00e8me Renkon WordPress, d\u00e9velopp\u00e9 par Elmastudio, pr\u00e9sente un design exquis et contemporain qui d\u00e9gage la perfection pour un large \u00e9ventail d&rsquo;individus, y compris des blogueurs, des artistes, des photographes et d&rsquo;autres professionnels cr\u00e9atifs. Gr\u00e2ce \u00e0 sa disposition remarquablement \u00e9l\u00e9gante et minimaliste, Renkon fournit sans effort une plate-forme sophistiqu\u00e9e et utilitaire qui pr\u00e9sente de mani\u00e8re transparente vos cr\u00e9ations artistiques tout en facilitant la diffusion de vos pens\u00e9es innovantes. De plus, ce th\u00e8me comprend un assortiment d&rsquo;options personnalisables, englobant une myriade de sch\u00e9mas de couleurs, des alternatives de police et des configurations de mise en page, vous permettant d&rsquo;adapter m\u00e9ticuleusement votre blog ou votre site Web pour refl\u00e9ter votre style distinct et r\u00e9pondre \u00e0 vos besoins sp\u00e9cifiques. Que vous soyez un blogueur en herbe qui se lance dans votre voyage ou un artiste accompli avec une r\u00e9putation bien \u00e9tablie, Renkon vous offre impeccablement tous les outils n\u00e9cessaires pour \u00e9tablir une pr\u00e9sence en ligne poli et captivante qui r\u00e9sonne le professionnalisme.<\/p>\n","protected":false},"featured_media":143726,"comment_status":"open","ping_status":"open","template":"","meta":[],"product_brand":[2535],"product_cat":[1242,1212,1213],"product_tag":[2305],"class_list":{"0":"post-121711","1":"product","2":"type-product","3":"status-publish","4":"has-post-thumbnail","6":"product_brand-elma-studio","7":"product_cat-creatif","8":"product_cat-themes","9":"product_cat-wordpress-themes","10":"product_tag-elma-studio","11":"member-discount","12":"discount-restricted","14":"first","15":"instock","16":"sale","17":"downloadable","18":"virtual","19":"sold-individually","20":"purchasable","21":"product-type-simple"},"_links":{"self":[{"href":"https:\/\/gpl-love.com\/fr\/wp-json\/wp\/v2\/product\/121711","targetHints":{"allow":["GET"]}}],"collection":[{"href":"https:\/\/gpl-love.com\/fr\/wp-json\/wp\/v2\/product"}],"about":[{"href":"https:\/\/gpl-love.com\/fr\/wp-json\/wp\/v2\/types\/product"}],"replies":[{"embeddable":true,"href":"https:\/\/gpl-love.com\/fr\/wp-json\/wp\/v2\/comments?post=121711"}],"wp:featuredmedia":[{"embeddable":true,"href":"https:\/\/gpl-love.com\/fr\/wp-json\/wp\/v2\/media\/143726"}],"wp:attachment":[{"href":"https:\/\/gpl-love.com\/fr\/wp-json\/wp\/v2\/media?parent=121711"}],"wp:term":[{"taxonomy":"product_brand","embeddable":true,"href":"https:\/\/gpl-love.com\/fr\/wp-json\/wp\/v2\/product_brand?post=121711"},{"taxonomy":"product_cat","embeddable":true,"href":"https:\/\/gpl-love.com\/fr\/wp-json\/wp\/v2\/product_cat?post=121711"},{"taxonomy":"product_tag","embeddable":true,"href":"https:\/\/gpl-love.com\/fr\/wp-json\/wp\/v2\/product_tag?post=121711"}],"curies":[{"name":"wp","href":"https:\/\/api.w.org\/{rel}","templated":true}]}}