{"id":121709,"date":"2022-02-20T00:00:00","date_gmt":"2022-02-19T23:00:00","guid":{"rendered":"https:\/\/gpl-love.com\/fr\/produit\/elmastudio-pukeko-wordpress-theme\/"},"modified":"2026-03-20T23:03:41","modified_gmt":"2026-03-20T22:03:41","slug":"elmastudio-pukeko-wordpress-theme","status":"publish","type":"product","link":"https:\/\/gpl-love.com\/fr\/produit\/elmastudio-pukeko-wordpress-theme\/","title":{"rendered":"ElmaStudio Pukeko WordPress Theme 1.2.4"},"content":{"rendered":"<h3>ElmaStudio Pukeko WordPress Theme Traits<\/h3>\n<p>Le th\u00e8me WordPress Elmastudio Pukeko se pr\u00e9sente comme un choix id\u00e9al pour les individus dans le domaine des blogs, de la photographie et de toute personne qui cherche \u00e0 pr\u00e9senter leurs \u0153uvres cr\u00e9atives sur Internet. Ce th\u00e8me remarquable a \u00e9t\u00e9 m\u00e9ticuleusement con\u00e7u pour accentuer votre contenu et permettre \u00e0 votre site Web de se distinguer au milieu de la myriade de plateformes en ligne. Poss\u00e9dant une interface propre et contemporaine, Pukeko offre une exp\u00e9rience utilisateur sans effort et sans effort qui vous accorde la possibilit\u00e9 d&rsquo;adapter votre site Web \u00e0 vos pr\u00e9f\u00e9rences. De plus, ce th\u00e8me est enti\u00e8rement r\u00e9actif, garantissant que votre site Web maintient son attrait visuel quel que soit l&rsquo;appareil \u00e0 partir de laquelle il est accessible. En outre, il englobe une pl\u00e9thore de fonctionnalit\u00e9s pratiques, y compris des widgets personnalis\u00e9s, l&rsquo;entrelacement avec les plateformes de m\u00e9dias sociaux et l&rsquo;optimisation pour les classements des moteurs de recherche, facilitant ainsi la gestion de votre site Web. Que vous aspirez \u00e0 construire un portefeuille professionnel, \u00e0 inaugurer un blog ou \u00e0 promouvoir votre entreprise, le th\u00e8me Elmastudio Pukeko WordPress se r\u00e9v\u00e8le sans aucun doute \u00eatre une option polyvalente et puissante qui vous aide efficacement \u00e0 r\u00e9aliser vos objectifs.<\/p>\n<ul>\n<li>Design moderne et minimaliste<\/li>\n<li>Disposition enti\u00e8rement r\u00e9active et adapt\u00e9e aux mobiles<\/li>\n<li>Options de personnalisation pour les couleurs, les polices et les arri\u00e8re-plans<\/li>\n<li>Outil de personnalisation facile \u00e0 utiliser pour l&rsquo;aper\u00e7u et les ajustements en direct<\/li>\n<li>Options de page d&rsquo;accueil multiples et de blog<\/li>\n<li>Ic\u00f4nes de m\u00e9dias sociaux int\u00e9gr\u00e9s pour un partage facile<\/li>\n<li>Compatibilit\u00e9 avec des plugins populaires comme WooCommerce et Formulaire de contact 7<\/li>\n<li>Pr\u00e9cision de la traduction pour le public mondial<\/li>\n<li>Soutien d\u00e9di\u00e9 de l&rsquo;\u00e9quipe d&rsquo;Elmastudio<\/li>\n<li>Mises \u00e0 jour r\u00e9guli\u00e8res et am\u00e9liorations pour assurer des performances optimales<\/li>\n<\/ul>\n","protected":false},"excerpt":{"rendered":"<p>Le th\u00e8me Pukeko WordPress, d\u00e9velopp\u00e9 par Elmastudio, est un th\u00e8me exquis et contemporain qui s&rsquo;av\u00e8re \u00eatre une solution id\u00e9ale pour les blogueurs, les cr\u00e9atifs et les entreprises. Son design \u00e9l\u00e9gant et moderne captive non seulement l&rsquo;attention du spectateur, mais permet \u00e9galement au contenu d&rsquo;\u00eatre le point focal. De plus, ce th\u00e8me offre un \u00e9ventail impressionnant d&rsquo;options de personnalisation qui permet aux utilisateurs de cr\u00e9er un site Web vraiment unique en son genre. De plus, le th\u00e8me est pleinement r\u00e9actif, garantissant qu&rsquo;il s&rsquo;affiche parfaitement sur tous les appareils. En outre, il poss\u00e8de un assortiment de fonctionnalit\u00e9s telles qu&rsquo;une page d&rsquo;accueil personnalisable, diverses mises en page de blog, ainsi qu&rsquo;une int\u00e9gration transparente avec les plateformes de m\u00e9dias sociaux. Enfin, ce th\u00e8me est convivial et peut \u00eatre install\u00e9 sans effort, ce qui en fait le choix ultime pour les personnes qui cherchent \u00e0 \u00e9tablir une pr\u00e9sence en ligne esth\u00e9tique et polie.<\/p>\n","protected":false},"featured_media":143725,"comment_status":"open","ping_status":"open","template":"","meta":[],"product_brand":[2535],"product_cat":[1214,1212,1213],"product_tag":[2305],"class_list":{"0":"post-121709","1":"product","2":"type-product","3":"status-publish","4":"has-post-thumbnail","6":"product_brand-elma-studio","7":"product_cat-polyvalent","8":"product_cat-themes","9":"product_cat-wordpress-themes","10":"product_tag-elma-studio","11":"member-discount","12":"discount-restricted","14":"first","15":"instock","16":"sale","17":"downloadable","18":"virtual","19":"sold-individually","20":"purchasable","21":"product-type-simple"},"_links":{"self":[{"href":"https:\/\/gpl-love.com\/fr\/wp-json\/wp\/v2\/product\/121709","targetHints":{"allow":["GET"]}}],"collection":[{"href":"https:\/\/gpl-love.com\/fr\/wp-json\/wp\/v2\/product"}],"about":[{"href":"https:\/\/gpl-love.com\/fr\/wp-json\/wp\/v2\/types\/product"}],"replies":[{"embeddable":true,"href":"https:\/\/gpl-love.com\/fr\/wp-json\/wp\/v2\/comments?post=121709"}],"wp:featuredmedia":[{"embeddable":true,"href":"https:\/\/gpl-love.com\/fr\/wp-json\/wp\/v2\/media\/143725"}],"wp:attachment":[{"href":"https:\/\/gpl-love.com\/fr\/wp-json\/wp\/v2\/media?parent=121709"}],"wp:term":[{"taxonomy":"product_brand","embeddable":true,"href":"https:\/\/gpl-love.com\/fr\/wp-json\/wp\/v2\/product_brand?post=121709"},{"taxonomy":"product_cat","embeddable":true,"href":"https:\/\/gpl-love.com\/fr\/wp-json\/wp\/v2\/product_cat?post=121709"},{"taxonomy":"product_tag","embeddable":true,"href":"https:\/\/gpl-love.com\/fr\/wp-json\/wp\/v2\/product_tag?post=121709"}],"curies":[{"name":"wp","href":"https:\/\/api.w.org\/{rel}","templated":true}]}}