{"id":121707,"date":"2022-02-20T00:00:00","date_gmt":"2022-02-19T23:00:00","guid":{"rendered":"https:\/\/gpl-love.com\/fr\/produit\/elmastudio-ponsonby-wordpress-theme\/"},"modified":"2026-03-20T23:03:40","modified_gmt":"2026-03-20T22:03:40","slug":"elmastudio-ponsonby-wordpress-theme","status":"publish","type":"product","link":"https:\/\/gpl-love.com\/fr\/produit\/elmastudio-ponsonby-wordpress-theme\/","title":{"rendered":"ElmaStudio Ponsonby WordPress Theme 1.1.8"},"content":{"rendered":"<h3>ElmaStudio Ponsonby WordPress Theme Traits<\/h3>\n<p>Le th\u00e8me WordPress Elmastudio Ponsonby pr\u00e9sente une apparence esth\u00e9tiquement fascinante et sophistiqu\u00e9e, ce qui en fait une option impeccable pour les blogueurs, les cr\u00e9atifs et les propri\u00e9taires de petites entreprises. B\u00e9n\u00e9ficiant d&rsquo;une disposition vierge et simpliste, ce th\u00e8me facilite la personnalisation sans effort, qui s&rsquo;adresse ainsi aux individus souhaitant une plate-forme en ligne exclusive et personnalis\u00e9e. Accompagn\u00e9 d&rsquo;un cadre r\u00e9actif, le th\u00e8me s&rsquo;adapte parfaitement \u00e0 une myriade de tailles d&rsquo;\u00e9cran et de variations, assurant un site Web visuellement attrayant sur tous les appareils. En outre, un vaste \u00e9ventail de fonctionnalit\u00e9s et de fonctionnalit\u00e9s, y compris des widgets personnalis\u00e9s, l&rsquo;int\u00e9gration avec les plateformes de m\u00e9dias sociaux et le support de traduction linguistique, entre autres, sont englob\u00e9s dans ce th\u00e8me. En fusionnant un design contemporain avec des attributs robustes, le th\u00e8me WordPress Elmastudio Ponsonby est incontestablement un choix exceptionnel pour les personnes cherchant \u00e0 \u00e9tablir une existence en ligne r\u00e9put\u00e9e et captivante.<\/p>\n<ul>\n<li>Elmastudio Ponsonby est un th\u00e8me WordPress premium qui est parfait pour les blogueurs, les pigistes et les propri\u00e9taires de petites entreprises.<\/li>\n<li>Le th\u00e8me est con\u00e7u pour \u00eatre pleinement r\u00e9actif, ce qui signifie qu&rsquo;il aura fi\u00e8re allure sur n&rsquo;importe quel appareil, y compris les t\u00e9l\u00e9phones et les tablettes.<\/li>\n<li>Le design propre et \u00e9l\u00e9gant du th\u00e8me de Ponsonby est parfait pour ceux qui veulent un look moderne et professionnel pour leur site Web.<\/li>\n<li>Le th\u00e8me comprend une vari\u00e9t\u00e9 de widgets personnalis\u00e9s, y compris des widgets pour afficher des articles r\u00e9cents, des liens de m\u00e9dias sociaux et une section About Me.<\/li>\n<li>Ponsonby comprend \u00e9galement un puissant curseur int\u00e9gr\u00e9 qui vous permet d&rsquo;afficher facilement votre contenu et vos promotions les plus populaires sur la page d&rsquo;accueil de votre site Web.<\/li>\n<li>Le th\u00e8me est hautement personnalisable, avec des options pour changer les couleurs, les polices et une vari\u00e9t\u00e9 d&rsquo;autres \u00e9l\u00e9ments de conception.<\/li>\n<li>Elmastudio fournit une documentation et un support approfondis pour le th\u00e8me Ponsonby, en vous assurant que vous pouvez faire fonctionner votre site Web rapidement et facilement.<\/li>\n<li>Avec son design moderne et ses fonctionnalit\u00e9s puissantes, le th\u00e8me de Ponsonby est un excellent choix pour tous ceux qui cherchent \u00e0 cr\u00e9er un site Web WordPress professionnel et engageant.<\/li>\n<\/ul>\n","protected":false},"excerpt":{"rendered":"<p>Le th\u00e8me Elmastudio Ponsonby WordPress est une option exceptionnelle pour les personnes \u00e0 la recherche d&rsquo;une conception de site Web id\u00e9ale, en particulier des blogueurs, des photographes et des professionnels de la cr\u00e9ation. Son attractivit\u00e9 et sa flexibilit\u00e9 sont \u00e9vidents dans sa conception \u00e9l\u00e9gante et minimaliste, ce qui permet aux utilisateurs de personnaliser divers aspects tels que les dispositions de page d&rsquo;accueil, les sch\u00e9mas de couleurs, les styles de police et les options de grille. De plus, son exp\u00e9rience d&rsquo;installation et d&rsquo;utilisation est sans effort, et elle s&rsquo;int\u00e8gre parfaitement aux mises \u00e0 jour WordPress les plus r\u00e9centes. Lib\u00e9rez votre cr\u00e9ativit\u00e9 et \u00e9levez votre site Web \u00e0 de nouveaux sommets en embrassant le th\u00e8me de Ponsonby.<\/p>\n","protected":false},"featured_media":143724,"comment_status":"open","ping_status":"open","template":"","meta":[],"product_brand":[2535],"product_cat":[1220,1212,1213],"product_tag":[2305],"class_list":{"0":"post-121707","1":"product","2":"type-product","3":"status-publish","4":"has-post-thumbnail","6":"product_brand-elma-studio","7":"product_cat-blog-magazine","8":"product_cat-themes","9":"product_cat-wordpress-themes","10":"product_tag-elma-studio","11":"member-discount","12":"discount-restricted","14":"first","15":"instock","16":"sale","17":"downloadable","18":"virtual","19":"sold-individually","20":"purchasable","21":"product-type-simple"},"_links":{"self":[{"href":"https:\/\/gpl-love.com\/fr\/wp-json\/wp\/v2\/product\/121707","targetHints":{"allow":["GET"]}}],"collection":[{"href":"https:\/\/gpl-love.com\/fr\/wp-json\/wp\/v2\/product"}],"about":[{"href":"https:\/\/gpl-love.com\/fr\/wp-json\/wp\/v2\/types\/product"}],"replies":[{"embeddable":true,"href":"https:\/\/gpl-love.com\/fr\/wp-json\/wp\/v2\/comments?post=121707"}],"wp:featuredmedia":[{"embeddable":true,"href":"https:\/\/gpl-love.com\/fr\/wp-json\/wp\/v2\/media\/143724"}],"wp:attachment":[{"href":"https:\/\/gpl-love.com\/fr\/wp-json\/wp\/v2\/media?parent=121707"}],"wp:term":[{"taxonomy":"product_brand","embeddable":true,"href":"https:\/\/gpl-love.com\/fr\/wp-json\/wp\/v2\/product_brand?post=121707"},{"taxonomy":"product_cat","embeddable":true,"href":"https:\/\/gpl-love.com\/fr\/wp-json\/wp\/v2\/product_cat?post=121707"},{"taxonomy":"product_tag","embeddable":true,"href":"https:\/\/gpl-love.com\/fr\/wp-json\/wp\/v2\/product_tag?post=121707"}],"curies":[{"name":"wp","href":"https:\/\/api.w.org\/{rel}","templated":true}]}}