{"id":121694,"date":"2021-02-09T00:00:00","date_gmt":"2021-02-08T23:00:00","guid":{"rendered":"https:\/\/gpl-love.com\/fr\/produit\/elegant-themes-vertex-wordpress-theme\/"},"modified":"2026-03-20T23:03:13","modified_gmt":"2026-03-20T22:03:13","slug":"elegant-themes-vertex-wordpress-theme","status":"publish","type":"product","link":"https:\/\/gpl-love.com\/fr\/produit\/elegant-themes-vertex-wordpress-theme\/","title":{"rendered":"Elegant Themes Vertex WordPress Theme 1.8.15"},"content":{"rendered":"<h3>Elegant Themes Vertex WordPress Theme Traits<\/h3>\n<p>Le th\u00e8me WordPress des th\u00e8mes \u00e9l\u00e9gants, avec sa conception exquise et ses caract\u00e9ristiques abondantes, s&rsquo;adresse \u00e0 ceux qui recherchent du raffinement et de la sophistication. Ce th\u00e8me est un choix id\u00e9al pour les entreprises et les professionnels visant \u00e0 montrer leurs offres d&rsquo;une mani\u00e8re qui d\u00e9gage le style et le professionnalisme. Son esth\u00e9tique contemporaine, ainsi que sa disposition personnalisable et ses attributs r\u00e9actifs, assure une exp\u00e9rience utilisateur transparente sur tous les appareils. De plus, ce th\u00e8me poss\u00e8de un tableau de fonctionnalit\u00e9s int\u00e9gr\u00e9es, telles que des mod\u00e8les de pages multiples, des widgets personnalis\u00e9s et un puissant constructeur de pages qui permet aux utilisateurs de g\u00e9rer des dispositions et des conceptions distinctes. Notamment, sa compatibilit\u00e9 avec des plugins renomm\u00e9s comme WooCommerce et Gravity Forms \u00e9tend son utilitaire. Essentiellement, le th\u00e8me WordPress des th\u00e8mes \u00e9l\u00e9gants sert d&rsquo;option exceptionnelle aux individus aspirant \u00e0 un th\u00e8me polyvalent et raffin\u00e9 capable de propulser leur site Web \u00e0 de nouveaux sommets.<\/p>\n<ul>\n<li>Design \u00e9l\u00e9gant et moderne pour les sites Web professionnels<\/li>\n<li>Personnalisation facile avec le g\u00e9n\u00e9rateur de pages glisser-d\u00e9poser<\/li>\n<li>Plusieurs dispositions pr\u00e9-con\u00e7ues pour divers types d&rsquo;entreprises<\/li>\n<li>Option pour la largeur compl\u00e8te ou la disposition en bo\u00eete<\/li>\n<li>Int\u00e9gration avec des plugins WordPress populaires pour des fonctionnalit\u00e9s suppl\u00e9mentaires<\/li>\n<li>Conception r\u00e9active mobile pour une visualisation transparente sur n&rsquo;importe quel appareil<\/li>\n<li>Optimisation int\u00e9gr\u00e9e du moteur de recherche pour une meilleure visibilit\u00e9 en ligne<\/li>\n<li>Excellent support client et documentation pour le d\u00e9pannage et l&rsquo;assistance<\/li>\n<li>Mises \u00e0 jour r\u00e9guli\u00e8res et am\u00e9liorations pour l&rsquo;am\u00e9lioration continue des fonctionnalit\u00e9s<\/li>\n<li>Acc\u00e8s \u00e0 la biblioth\u00e8que compl\u00e8te des th\u00e8mes premium des th\u00e8mes \u00e9l\u00e9gants avec un seul achat.<\/li>\n<\/ul>\n","protected":false},"excerpt":{"rendered":"<p>Le th\u00e8me Vertex WordPress, d\u00e9velopp\u00e9 par des th\u00e8mes \u00e9l\u00e9gants, est un exemple exquis de conception raffin\u00e9e, pr\u00e9sentant une polyvalence et une r\u00e9activit\u00e9 compl\u00e8te, ce qui le rend id\u00e9al pour une multiplicit\u00e9 de sites Web. Arborant une apparence contemporaine et polie, il poss\u00e8de une vaste gamme de fonctionnalit\u00e9s et d&rsquo;options personnalisables, facilitant la cr\u00e9ation d&rsquo;une pr\u00e9sence en ligne distinctive et captivante qui ne laissera pas une impression durable sur vos visiteurs estim\u00e9s. Sa disposition flexible coupl\u00e9e \u00e0 sa vaste gamme de fonctionnalit\u00e9s lui rend la s\u00e9lection par excellence pour les entreprises, les blogueurs, les artistes et les personnes cherchant \u00e0 pr\u00e9senter leurs efforts dans le domaine num\u00e9rique. Que votre effort consiste \u00e0 \u00e9tablir un portefeuille, \u00e0 cr\u00e9er un blog ou \u00e0 \u00e9riger une plate-forme de commerce \u00e9lectronique, le th\u00e8me du sommet est indubitablement pr\u00eat \u00e0 vous aider \u00e0 atteindre vos objectifs et \u00e0 mat\u00e9rialiser un site Web de haut niveau extr\u00eamement beau qui d\u00e9passe sans effort ses concurrents.<\/p>\n","protected":false},"featured_media":143696,"comment_status":"open","ping_status":"open","template":"","meta":[],"product_brand":[2511],"product_cat":[1242,1212,1213],"product_tag":[1261],"class_list":{"0":"post-121694","1":"product","2":"type-product","3":"status-publish","4":"has-post-thumbnail","6":"product_brand-elegant-themes","7":"product_cat-creatif","8":"product_cat-themes","9":"product_cat-wordpress-themes","10":"product_tag-elegant-themes","11":"member-discount","12":"discount-restricted","14":"first","15":"instock","16":"sale","17":"downloadable","18":"virtual","19":"sold-individually","20":"purchasable","21":"product-type-simple"},"_links":{"self":[{"href":"https:\/\/gpl-love.com\/fr\/wp-json\/wp\/v2\/product\/121694","targetHints":{"allow":["GET"]}}],"collection":[{"href":"https:\/\/gpl-love.com\/fr\/wp-json\/wp\/v2\/product"}],"about":[{"href":"https:\/\/gpl-love.com\/fr\/wp-json\/wp\/v2\/types\/product"}],"replies":[{"embeddable":true,"href":"https:\/\/gpl-love.com\/fr\/wp-json\/wp\/v2\/comments?post=121694"}],"wp:featuredmedia":[{"embeddable":true,"href":"https:\/\/gpl-love.com\/fr\/wp-json\/wp\/v2\/media\/143696"}],"wp:attachment":[{"href":"https:\/\/gpl-love.com\/fr\/wp-json\/wp\/v2\/media?parent=121694"}],"wp:term":[{"taxonomy":"product_brand","embeddable":true,"href":"https:\/\/gpl-love.com\/fr\/wp-json\/wp\/v2\/product_brand?post=121694"},{"taxonomy":"product_cat","embeddable":true,"href":"https:\/\/gpl-love.com\/fr\/wp-json\/wp\/v2\/product_cat?post=121694"},{"taxonomy":"product_tag","embeddable":true,"href":"https:\/\/gpl-love.com\/fr\/wp-json\/wp\/v2\/product_tag?post=121694"}],"curies":[{"name":"wp","href":"https:\/\/api.w.org\/{rel}","templated":true}]}}