{"id":121692,"date":"2021-02-09T00:00:00","date_gmt":"2021-02-08T23:00:00","guid":{"rendered":"https:\/\/gpl-love.com\/fr\/produit\/easy-digital-downloads-xero\/"},"modified":"2026-03-20T23:02:37","modified_gmt":"2026-03-20T22:02:37","slug":"easy-digital-downloads-xero","status":"publish","type":"product","link":"https:\/\/gpl-love.com\/fr\/produit\/easy-digital-downloads-xero\/","title":{"rendered":"Easy Digital Downloads Xero 1.2.12"},"content":{"rendered":"<h3>Easy Digital Downloads Xero Traits<\/h3>\n<p>T\u00e9l\u00e9chargements num\u00e9riques faciles Xero est un outil extr\u00eamement robuste et efficace qui a \u00e9t\u00e9 sp\u00e9cialement d\u00e9velopp\u00e9 pour r\u00e9pondre aux besoins des entrepreneurs et des propri\u00e9taires d&rsquo;entreprises en ligne, en les aidant \u00e0 faciliter la gestion de leurs activit\u00e9s financi\u00e8res avec la plus grande commodit\u00e9. Ce logiciel de pointe et de pionnier s&rsquo;int\u00e8gre impeccablement \u00e0 la plate-forme comptable tr\u00e8s populaire et largement utilis\u00e9e Xero, fournissant ainsi aux utilisateurs une solution holistique et globale qui r\u00e9pond habilement aux exigences de la maintenance des ventes et des d\u00e9penses, de la gestion efficace des factures, et de mani\u00e8re transparente et de mani\u00e8re transparente traitement des paiements. En tirant parti de la puissance et des fonctionnalit\u00e9s offertes par les t\u00e9l\u00e9chargements num\u00e9riques Easy Xero, les individus peuvent automatiser sans effort leurs t\u00e2ches de comptabilit\u00e9, diminuant ainsi consid\u00e9rablement la probabilit\u00e9 de rencontrer des erreurs, tout en rationalisant simultan\u00e9ment leurs op\u00e9rations financi\u00e8res, conduisant finalement \u00e0 une utilisation temporelle optimis\u00e9e et \u00e0 une pr\u00e9cision accrue. Peu importe que l&rsquo;on soit un propri\u00e9taire d&rsquo;entreprise diminutif ou un entrepreneur accompli et exp\u00e9riment\u00e9, l&rsquo;indistensitabilit\u00e9 d&rsquo;incorporer ce logiciel inestimable dans son r\u00e9pertoire ne peut pas \u00eatre surestim\u00e9, car il servira ind\u00e9niablement \u00e0 l&rsquo;outil inestimable qui augmente sans \u00e9quivoque l&rsquo;efficacit\u00e9 financi\u00e8re et stimulera l&rsquo;expansion de la prolongation de la proc\u00e9dure inestimable leurs efforts commerciaux.<\/p>\n<ul>\n<li>Int\u00e8gre de mani\u00e8re transparente les donn\u00e9es de vente de t\u00e9l\u00e9chargement num\u00e9rique dans le logiciel de comptabilit\u00e9 Xero<\/li>\n<li>Synchronisation automatis\u00e9e des donn\u00e9es pour un suivi et une gestion financi\u00e8res faciles<\/li>\n<li>Permet une r\u00e9conciliation simple des donn\u00e9es de vente et de revenus<\/li>\n<li>Param\u00e8tres personnalisables pour g\u00e9rer facilement les imp\u00f4ts et autres param\u00e8tres comptables<\/li>\n<li>Gave le temps et r\u00e9duit les erreurs avec la saisie et la r\u00e9conciliation automatis\u00e9es<\/li>\n<li>Fournit des informations pr\u00e9cieuses sur les performances des ventes et les tendances des revenus<\/li>\n<li>Facile \u00e0 configurer et \u00e0 utiliser, avec une documentation compl\u00e8te et un support<\/li>\n<li>Compatible avec une large gamme de plateformes de vente de t\u00e9l\u00e9chargement num\u00e9rique<\/li>\n<li>Aide \u00e0 garantir la conformit\u00e9 aux lois fiscales et aux r\u00e9glementations comptables<\/li>\n<li>Permet aux entreprises de rationaliser les processus financiers et de se concentrer sur la croissance et la rentabilit\u00e9.<\/li>\n<\/ul>\n","protected":false},"excerpt":{"rendered":"<p>L&rsquo;int\u00e9gration Easy Digital Downloads Xero offre un \u00e9ventail impressionnant de fonctions visant \u00e0 rationaliser et \u00e0 simplifier les t\u00e2ches comptables et comptables associ\u00e9es aux entreprises en ligne. Cet outil robuste fusionne parfaitement vos donn\u00e9es de vente num\u00e9rique avec Xero, \u00e9liminant le besoin de suivi manuel des revenus, des taxes et des d\u00e9penses. En outre, il vous permet de concilier sans effort les transactions, vous accordant ainsi un acc\u00e8s \u00e0 des informations financi\u00e8res \u00e0 la minute, ce qui facilite la prise de d\u00e9cision bien inform\u00e9e lorsqu&rsquo;il s&rsquo;agit de g\u00e9rer votre entreprise. En outre, ce plugin est compatible avec les appareils de bureau et mobiles, ce qui en fait une solution attrayante pour les petites et moyennes entreprises cherchant \u00e0 optimiser leurs processus de gestion financi\u00e8re.<\/p>\n","protected":false},"featured_media":143656,"comment_status":"open","ping_status":"open","template":"","meta":[],"product_brand":[2523],"product_cat":[1182,1223,1181],"product_tag":[1255],"class_list":{"0":"post-121692","1":"product","2":"type-product","3":"status-publish","4":"has-post-thumbnail","6":"product_brand-easy-digital-downloads","7":"product_cat-commerce-electronique-plugins","8":"product_cat-personnalisation-commerce-electronique-plugins","9":"product_cat-plugins","10":"product_tag-easy-digital-downloads","11":"member-discount","12":"discount-restricted","14":"first","15":"instock","16":"sale","17":"downloadable","18":"virtual","19":"sold-individually","20":"purchasable","21":"product-type-simple"},"_links":{"self":[{"href":"https:\/\/gpl-love.com\/fr\/wp-json\/wp\/v2\/product\/121692","targetHints":{"allow":["GET"]}}],"collection":[{"href":"https:\/\/gpl-love.com\/fr\/wp-json\/wp\/v2\/product"}],"about":[{"href":"https:\/\/gpl-love.com\/fr\/wp-json\/wp\/v2\/types\/product"}],"replies":[{"embeddable":true,"href":"https:\/\/gpl-love.com\/fr\/wp-json\/wp\/v2\/comments?post=121692"}],"wp:featuredmedia":[{"embeddable":true,"href":"https:\/\/gpl-love.com\/fr\/wp-json\/wp\/v2\/media\/143656"}],"wp:attachment":[{"href":"https:\/\/gpl-love.com\/fr\/wp-json\/wp\/v2\/media?parent=121692"}],"wp:term":[{"taxonomy":"product_brand","embeddable":true,"href":"https:\/\/gpl-love.com\/fr\/wp-json\/wp\/v2\/product_brand?post=121692"},{"taxonomy":"product_cat","embeddable":true,"href":"https:\/\/gpl-love.com\/fr\/wp-json\/wp\/v2\/product_cat?post=121692"},{"taxonomy":"product_tag","embeddable":true,"href":"https:\/\/gpl-love.com\/fr\/wp-json\/wp\/v2\/product_tag?post=121692"}],"curies":[{"name":"wp","href":"https:\/\/api.w.org\/{rel}","templated":true}]}}