{"id":121690,"date":"2023-01-28T00:00:00","date_gmt":"2023-01-27T23:00:00","guid":{"rendered":"https:\/\/gpl-love.com\/fr\/produit\/css-igniter-vignette-wordpress-theme\/"},"modified":"2026-03-20T23:00:12","modified_gmt":"2026-03-20T22:00:12","slug":"css-igniter-vignette-wordpress-theme","status":"publish","type":"product","link":"https:\/\/gpl-love.com\/fr\/produit\/css-igniter-vignette-wordpress-theme\/","title":{"rendered":"CSS Igniter Vignette WordPress Theme 1.9.3"},"content":{"rendered":"<h3>CSS Igniter Vignette WordPress Theme Traits<\/h3>\n<p>Le th\u00e8me WordPress Vignette CSS Igniter Vignette est un th\u00e8me exquis et contemporain sur mesure pour les blogueurs, les photographes ou tout professionnel artistique cherchant \u00e0 exposer leurs efforts cr\u00e9atifs. Ce th\u00e8me poss\u00e8de un design \u00e9l\u00e9gant et minimaliste, caract\u00e9ris\u00e9 par ses lignes \u00e9pur\u00e9es et un accent vif sur la typographie, garantissant ainsi une exp\u00e9rience de lecture sans couture et une navigation sans effort pour les utilisateurs. De plus, il offre une large gamme de sch\u00e9mas de couleurs, ainsi que la possibilit\u00e9 d&rsquo;incorporer des widgets personnalis\u00e9s et un panneau d&rsquo;options de th\u00e8me puissant, vous offrant la libert\u00e9 de personnaliser l&rsquo;apparence et l&rsquo;ambiance de votre site Web pour r\u00e9pondre \u00e0 vos pr\u00e9f\u00e9rences individuelles. De plus, ce th\u00e8me exceptionnel est pleinement r\u00e9actif, le rendant parfaitement compatible avec tous les appareils, tout en \u00e9tant m\u00e9ticuleusement optimis\u00e9 pour les moteurs de recherche, renfor\u00e7ant ainsi sa visibilit\u00e9 et am\u00e9liorant la probabilit\u00e9 d&rsquo;attirer un volume de trafic plus \u00e9lev\u00e9. En exploitant les capacit\u00e9s remarquables de CSS Igniter Vignette, vous pouvez \u00e9laborer sans effort un site Web vraiment fascinant qui ne laissera pas une impression ind\u00e9l\u00e9bile sur vos visiteurs estim\u00e9s.<\/p>\n<ul>\n<li>Design professionnel et propre<\/li>\n<li>Disposition enti\u00e8rement r\u00e9active parfaite pour tous les appareils<\/li>\n<li>Options de personnalisation avec aper\u00e7u en direct<\/li>\n<li>Builder de page d&rsquo;accueil unique<\/li>\n<li>Compatible avec les plugins et les constructeurs de pages populaires<\/li>\n<li>Importation de d\u00e9monstration en un clic pour configurer rapidement le site Web<\/li>\n<li>Comprend plusieurs mod\u00e8les de pages, y compris la mise en page du blog<\/li>\n<li>Facile \u00e0 utiliser et aux d\u00e9butants<\/li>\n<li>Mises \u00e0 jour r\u00e9guli\u00e8res et soutien de l&rsquo;\u00e9quipe d&rsquo;allumage CSS<\/li>\n<li>SEO optimis\u00e9 pour un meilleur classement des moteurs de recherche<\/li>\n<\/ul>\n","protected":false},"excerpt":{"rendered":"<p>Le th\u00e8me WordPress Vignette CSS Igniter Vignette est con\u00e7u avec une esth\u00e9tique \u00e9l\u00e9gante et professionnelle \u00e0 l&rsquo;esprit. C&rsquo;est un choix parfait pour les photographes, les designers et les cr\u00e9ateurs qui veulent que leur travail se d\u00e9marque sur le Web. Ce th\u00e8me a un ensemble robuste de fonctionnalit\u00e9s qui vous permettront de cr\u00e9er un site Web unique et \u00e9l\u00e9gant. Des dispositions personnalisables \u00e0 l&rsquo;int\u00e9gration transparente avec des plugins WordPress populaires, le th\u00e8me Vignette offre une solution compl\u00e8te pour votre pr\u00e9sence en ligne. Avec sa conception r\u00e9active, votre site Web aura fi\u00e8re allure sur tous les appareils. De plus, il est livr\u00e9 avec une documentation d\u00e9taill\u00e9e et un support d\u00e9di\u00e9 pour assurer un processus de configuration fluide. Le th\u00e8me WordPress Vignette CSS Igniter Vignette n&rsquo;est pas seulement des looks; Il s&rsquo;agit de vous fournir les outils pour pr\u00e9senter efficacement votre travail et engager votre public.<\/p>\n","protected":false},"featured_media":143496,"comment_status":"open","ping_status":"open","template":"","meta":[],"product_brand":[2499],"product_cat":[1242,1212,1213],"product_tag":[2187],"class_list":{"0":"post-121690","1":"product","2":"type-product","3":"status-publish","4":"has-post-thumbnail","6":"product_brand-css-igniter","7":"product_cat-creatif","8":"product_cat-themes","9":"product_cat-wordpress-themes","10":"product_tag-css-igniter","11":"member-discount","12":"discount-restricted","14":"first","15":"instock","16":"sale","17":"downloadable","18":"virtual","19":"sold-individually","20":"purchasable","21":"product-type-simple"},"_links":{"self":[{"href":"https:\/\/gpl-love.com\/fr\/wp-json\/wp\/v2\/product\/121690","targetHints":{"allow":["GET"]}}],"collection":[{"href":"https:\/\/gpl-love.com\/fr\/wp-json\/wp\/v2\/product"}],"about":[{"href":"https:\/\/gpl-love.com\/fr\/wp-json\/wp\/v2\/types\/product"}],"replies":[{"embeddable":true,"href":"https:\/\/gpl-love.com\/fr\/wp-json\/wp\/v2\/comments?post=121690"}],"wp:featuredmedia":[{"embeddable":true,"href":"https:\/\/gpl-love.com\/fr\/wp-json\/wp\/v2\/media\/143496"}],"wp:attachment":[{"href":"https:\/\/gpl-love.com\/fr\/wp-json\/wp\/v2\/media?parent=121690"}],"wp:term":[{"taxonomy":"product_brand","embeddable":true,"href":"https:\/\/gpl-love.com\/fr\/wp-json\/wp\/v2\/product_brand?post=121690"},{"taxonomy":"product_cat","embeddable":true,"href":"https:\/\/gpl-love.com\/fr\/wp-json\/wp\/v2\/product_cat?post=121690"},{"taxonomy":"product_tag","embeddable":true,"href":"https:\/\/gpl-love.com\/fr\/wp-json\/wp\/v2\/product_tag?post=121690"}],"curies":[{"name":"wp","href":"https:\/\/api.w.org\/{rel}","templated":true}]}}