{"id":121689,"date":"2023-01-27T00:00:00","date_gmt":"2023-01-26T23:00:00","guid":{"rendered":"https:\/\/gpl-love.com\/fr\/produit\/css-igniter-vidiho-pro-theme\/"},"modified":"2026-03-20T23:00:11","modified_gmt":"2026-03-20T22:00:11","slug":"css-igniter-vidiho-pro-theme","status":"publish","type":"product","link":"https:\/\/gpl-love.com\/fr\/produit\/css-igniter-vidiho-pro-theme\/","title":{"rendered":"CSS Igniter Vidiho Pro Theme 1.4.5"},"content":{"rendered":"<h3>CSS Igniter Vidiho Pro Theme Traits<\/h3>\n<p>Le th\u00e8me CSS Igniter Vidiho Pro, rempli de ses attributs hautement fonctionnels et personnalisables, est un th\u00e8me WordPress extr\u00eamement remarquable qui a \u00e9t\u00e9 sp\u00e9cialement con\u00e7u pour r\u00e9pondre aux besoins et aux pr\u00e9f\u00e9rences des blogueurs vid\u00e9o et des cr\u00e9ateurs de contenu. Exposant un design suave et contemporain, ce th\u00e8me poss\u00e8de une pl\u00e9thore d&rsquo;options de personnalisation qui permettent aux utilisateurs de fa\u00e7onner une ambiance unique et personnalis\u00e9e pour leur site Web. En outre, ce th\u00e8me fournit une multitude de mod\u00e8les et de widgets pr\u00e9d\u00e9finis, ce qui le rend sans effort pour que les utilisateurs incorporent de mani\u00e8re transparente du contenu et des \u00e9l\u00e9ments multim\u00e9dias dans leur demeure virtuelle. De plus, il est important de noter que le th\u00e8me Vidiho Pro est dot\u00e9 d&rsquo;une r\u00e9activit\u00e9 compl\u00e8te et a \u00e9t\u00e9 m\u00e9ticuleusement optimis\u00e9 pour les appareils mobiles, garantissant ainsi que votre site Web maintient son allure visuelle et son attrait sur les \u00e9crans de toutes tailles. Que vous soyez un blogueur vid\u00e9o chevronn\u00e9 ou un novice faisant vos premiers pas dans le monde captivant de la cr\u00e9ation de contenu en ligne, le th\u00e8me CSS Igniter Vidiho Pro est sans aucun doute un choix optimal pour cultiver une pr\u00e9sence en ligne professionnelle et captivante.<\/p>\n<ul>\n<li>Th\u00e8me du site Web de streaming vid\u00e9o professionnel et visuellement \u00e9poustouflant<\/li>\n<li>Construit avec des principes de conception propres et modernes<\/li>\n<li>Disposition enti\u00e8rement r\u00e9active et adapt\u00e9e aux mobiles pour une exp\u00e9rience utilisateur sans couture<\/li>\n<li>Livr\u00e9 avec un lecteur vid\u00e9o pr\u00e9-con\u00e7u et plusieurs options de mise en page<\/li>\n<li>Compatibilit\u00e9 avec des plugins populaires comme YouTube, Vimeo et des fichiers vid\u00e9o auto-h\u00e9berg\u00e9s<\/li>\n<li>Options de personnalisation faciles avec personnalisation du th\u00e8me en direct int\u00e9gr\u00e9<\/li>\n<li>Performance optimale du site Web avec une vitesse de chargement rapide et une architecture de r\u00e9f\u00e9rencement<\/li>\n<li>Excellent support client et documentation approfondie pour une utilisation sans tracas<\/li>\n<\/ul>\n","protected":false},"excerpt":{"rendered":"<p>Le th\u00e8me Vidiho Pro par CSS Igniter est un th\u00e8me WordPress de qualit\u00e9 professionnelle de haute qualit\u00e9 sp\u00e9cialement con\u00e7u pour les blogs vid\u00e9o et les cr\u00e9ateurs de contenu vid\u00e9o. Le design dynamique et dynamique du th\u00e8me exploite la puissance de HTML5 et CSS pour donner vie \u00e0 vos vid\u00e9os. Avec son curseur vid\u00e9o int\u00e9gr\u00e9, vous pouvez pr\u00e9senter votre meilleur contenu directement sur la page d&rsquo;accueil. De plus, le th\u00e8me permet une personnalisation facile des couleurs, des polices et des dispositions pour rendre votre site vraiment unique. Le th\u00e8me Vidiho Pro poss\u00e8de \u00e9galement un design SEO-friendly, de sorte que votre contenu peut \u00eatre facilement trouv\u00e9 sur les moteurs de recherche. Ce n&rsquo;est pas seulement un th\u00e8me, c&rsquo;est un outil complet pour enflammer votre cr\u00e9ativit\u00e9 et engager votre public.<\/p>\n","protected":false},"featured_media":143495,"comment_status":"open","ping_status":"open","template":"","meta":[],"product_brand":[2499],"product_cat":[1242,1212,1213],"product_tag":[2187],"class_list":{"0":"post-121689","1":"product","2":"type-product","3":"status-publish","4":"has-post-thumbnail","6":"product_brand-css-igniter","7":"product_cat-creatif","8":"product_cat-themes","9":"product_cat-wordpress-themes","10":"product_tag-css-igniter","11":"member-discount","12":"discount-restricted","14":"first","15":"instock","16":"sale","17":"downloadable","18":"virtual","19":"sold-individually","20":"purchasable","21":"product-type-simple"},"_links":{"self":[{"href":"https:\/\/gpl-love.com\/fr\/wp-json\/wp\/v2\/product\/121689","targetHints":{"allow":["GET"]}}],"collection":[{"href":"https:\/\/gpl-love.com\/fr\/wp-json\/wp\/v2\/product"}],"about":[{"href":"https:\/\/gpl-love.com\/fr\/wp-json\/wp\/v2\/types\/product"}],"replies":[{"embeddable":true,"href":"https:\/\/gpl-love.com\/fr\/wp-json\/wp\/v2\/comments?post=121689"}],"wp:featuredmedia":[{"embeddable":true,"href":"https:\/\/gpl-love.com\/fr\/wp-json\/wp\/v2\/media\/143495"}],"wp:attachment":[{"href":"https:\/\/gpl-love.com\/fr\/wp-json\/wp\/v2\/media?parent=121689"}],"wp:term":[{"taxonomy":"product_brand","embeddable":true,"href":"https:\/\/gpl-love.com\/fr\/wp-json\/wp\/v2\/product_brand?post=121689"},{"taxonomy":"product_cat","embeddable":true,"href":"https:\/\/gpl-love.com\/fr\/wp-json\/wp\/v2\/product_cat?post=121689"},{"taxonomy":"product_tag","embeddable":true,"href":"https:\/\/gpl-love.com\/fr\/wp-json\/wp\/v2\/product_tag?post=121689"}],"curies":[{"name":"wp","href":"https:\/\/api.w.org\/{rel}","templated":true}]}}