{"id":121688,"date":"2023-01-28T00:00:00","date_gmt":"2023-01-27T23:00:00","guid":{"rendered":"https:\/\/gpl-love.com\/fr\/produit\/css-igniter-ultraseven-wordpress-theme\/"},"modified":"2026-03-20T23:00:10","modified_gmt":"2026-03-20T22:00:10","slug":"css-igniter-ultraseven-wordpress-theme","status":"publish","type":"product","link":"https:\/\/gpl-love.com\/fr\/produit\/css-igniter-ultraseven-wordpress-theme\/","title":{"rendered":"CSS Igniter Ultraseven WordPress Theme 2.9.4"},"content":{"rendered":"<h3>CSS Igniter Ultraseven WordPress Theme Traits<\/h3>\n<p>Le th\u00e8me WordPress CSS Igniter Ultraseven, avec son esth\u00e9tique \u00e9l\u00e9gante et moderne, se pr\u00e9sente comme une option id\u00e9ale pour les sites Web visant \u00e0 \u00e9tablir une pr\u00e9sence frappante. B\u00e9n\u00e9ficiant d&rsquo;un design qui est \u00e0 la fois \u00e9pur\u00e9 et minimaliste, ce th\u00e8me offre aux utilisateurs une exp\u00e9rience sans tracas tout en leur donnant la libert\u00e9 de personnaliser leur identit\u00e9 en ligne au contenu de leur c\u0153ur. De plus, sa r\u00e9activit\u00e9 garantit que votre site Web d\u00e9gagera de l&rsquo;excellence quel que soit l&rsquo;appareil \u00e0 partir de laquelle il est accessible. Des fonctionnalit\u00e9s notables telles que des en-t\u00eates personnalisables, des widgets personnalis\u00e9s et de nombreuses options de mise en page permettent aux utilisateurs de fa\u00e7onner sans effort un site Web adapt\u00e9 \u00e0 leurs besoins sp\u00e9cifiques. Que ce soit un blog personnel ou une plate-forme Web professionnelle, le th\u00e8me CSS Igniter UltraSeven WordPress appara\u00eet comme un choix sans faille.<\/p>\n<ul>\n<li>Design professionnel et moderne avec une disposition propre et nette<\/li>\n<li>R\u00e9actif et convivial, optimis\u00e9 pour des performances lisses sur n&rsquo;importe quel appareil<\/li>\n<li>Facile \u00e0 personnaliser avec le constructeur de pages int\u00e9gr\u00e9 et le panneau d&rsquo;options de th\u00e8me<\/li>\n<li>Int\u00e9gration avec des plugins populaires, notamment WooCommerce et WPML<\/li>\n<li>Plusieurs options de mise en page pour les pages, les publications et les portefeuilles<\/li>\n<li>Support rapide et efficace de l&rsquo;\u00e9quipe d&rsquo;allumage CSS d\u00e9di\u00e9e<\/li>\n<li>Mises \u00e0 jour r\u00e9guli\u00e8res et maintenance pour assurer la compatibilit\u00e9 avec les mises \u00e0 jour WordPress<\/li>\n<li>Optimisation de SEO int\u00e9gr\u00e9e pour une meilleure visibilit\u00e9 du moteur de recherche<\/li>\n<li>Compatible avec tous les principaux navigateurs, notamment Chrome, Firefox, Safari et Internet Explorer<\/li>\n<li>Contenu de d\u00e9monstration inclus pour une configuration et une personnalisation faciles<\/li>\n<\/ul>\n","protected":false},"excerpt":{"rendered":"<p>Notre th\u00e8me CSS Igniter UltraSeven WordPress est parfait pour les personnes \u00e0 la recherche d&rsquo;une conception de site Web unique et enti\u00e8rement personnalisable. Ce th\u00e8me WordPress est incroyablement convivial, offrant une interface intuitive qui permet une navigation transparente. Avec UltraSeven, vous pouvez facilement adapter votre site Web pour refl\u00e9ter la personnalit\u00e9 de votre marque, en utilisant les options disponibles pour ajuster les couleurs, la typographie et les dispositions.<\/p>\n<p>Le th\u00e8me est \u00e9galement livr\u00e9 avec un puissant ensemble d&rsquo;outils de r\u00e9f\u00e9rencement qui contribue \u00e0 augmenter votre pr\u00e9sence et votre visibilit\u00e9 en ligne. Il est enti\u00e8rement r\u00e9actif, garantissant que votre site Web est magnifique sur tous les appareils, du bureau au mobile. Pour am\u00e9liorer l&rsquo;exp\u00e9rience utilisateur, UltraSeven propose des vitesses de chargement rapide, de sorte que les visiteurs ne seront pas laiss\u00e9s en attente.<\/p>\n<p>Pour couronner le tout, le th\u00e8me WordPress de CSS Igniter UltraSeven est compatible WooCommerce, vous permettant de convertir votre site Web en une boutique en ligne sans effort. Le th\u00e8me offre une documentation compl\u00e8te et un support d\u00e9di\u00e9 pour vous assurer de configurer et de personnaliser votre site sans aucun probl\u00e8me.<\/p>\n<p>UltraSeven est plus qu&rsquo;un simple th\u00e8me WordPress; c&rsquo;est un<\/p>\n","protected":false},"featured_media":143494,"comment_status":"open","ping_status":"open","template":"","meta":[],"product_brand":[2499],"product_cat":[1242,1212,1213],"product_tag":[2187],"class_list":{"0":"post-121688","1":"product","2":"type-product","3":"status-publish","4":"has-post-thumbnail","6":"product_brand-css-igniter","7":"product_cat-creatif","8":"product_cat-themes","9":"product_cat-wordpress-themes","10":"product_tag-css-igniter","11":"member-discount","12":"discount-restricted","14":"first","15":"instock","16":"sale","17":"downloadable","18":"virtual","19":"sold-individually","20":"purchasable","21":"product-type-simple"},"_links":{"self":[{"href":"https:\/\/gpl-love.com\/fr\/wp-json\/wp\/v2\/product\/121688","targetHints":{"allow":["GET"]}}],"collection":[{"href":"https:\/\/gpl-love.com\/fr\/wp-json\/wp\/v2\/product"}],"about":[{"href":"https:\/\/gpl-love.com\/fr\/wp-json\/wp\/v2\/types\/product"}],"replies":[{"embeddable":true,"href":"https:\/\/gpl-love.com\/fr\/wp-json\/wp\/v2\/comments?post=121688"}],"wp:featuredmedia":[{"embeddable":true,"href":"https:\/\/gpl-love.com\/fr\/wp-json\/wp\/v2\/media\/143494"}],"wp:attachment":[{"href":"https:\/\/gpl-love.com\/fr\/wp-json\/wp\/v2\/media?parent=121688"}],"wp:term":[{"taxonomy":"product_brand","embeddable":true,"href":"https:\/\/gpl-love.com\/fr\/wp-json\/wp\/v2\/product_brand?post=121688"},{"taxonomy":"product_cat","embeddable":true,"href":"https:\/\/gpl-love.com\/fr\/wp-json\/wp\/v2\/product_cat?post=121688"},{"taxonomy":"product_tag","embeddable":true,"href":"https:\/\/gpl-love.com\/fr\/wp-json\/wp\/v2\/product_tag?post=121688"}],"curies":[{"name":"wp","href":"https:\/\/api.w.org\/{rel}","templated":true}]}}