{"id":121687,"date":"2025-09-24T00:00:00","date_gmt":"2025-09-23T22:00:00","guid":{"rendered":"https:\/\/gpl-love.com\/fr\/produit\/css-igniter-tinos-wordpress-theme\/"},"modified":"2026-03-20T23:00:08","modified_gmt":"2026-03-20T22:00:08","slug":"css-igniter-tinos-wordpress-theme","status":"publish","type":"product","link":"https:\/\/gpl-love.com\/fr\/produit\/css-igniter-tinos-wordpress-theme\/","title":{"rendered":"CSS Igniter Tinos WordPress Theme 1.2.0"},"content":{"rendered":"<h3>CSS Igniter Tinos WordPress Theme Traits<\/h3>\n<p>Le th\u00e8me CSS Igniter Tinos WordPress appara\u00eet comme une alternative tr\u00e8s polyvalente et contemporaine pour les personnes cherchant \u00e0 construire un site Web professionnel et \u00e9l\u00e9gant. B\u00e9n\u00e9ficiant d&rsquo;une conception immacul\u00e9e et raffin\u00e9e, Tinos s&rsquo;av\u00e8re exceptionnelle lorsqu&rsquo;il s&rsquo;agit de pr\u00e9senter diverses formes de contenu, que ce soit des articles de blog ou des produits de commerce \u00e9lectronique. De plus, ce th\u00e8me est enti\u00e8rement r\u00e9actif, permettant une adaptabilit\u00e9 transparente \u00e0 diff\u00e9rents appareils et offre un processus de personnalisation sans effort, pr\u00e9sentant les utilisateurs avec une myriade d&rsquo;options en termes de sch\u00e9mas de couleurs, de polices et de dispositions. De plus, TinOS est optimis\u00e9 avec diligence pour l&rsquo;optimisation des moteurs de recherche (SEO) et la vitesse, garantissant des performances optimales et la possibilit\u00e9 d&rsquo;attrait des quantit\u00e9s consid\u00e9rables de trafic vers votre site Web. Ind\u00e9pendamment de vous classer comme blogueur, pigiste ou propri\u00e9taire d&rsquo;entreprise, il est ind\u00e9niable que le th\u00e8me CSS Igniter Tinos WordPress excelle \u00e0 vous aider \u00e0 fabriquer un site Web visuellement \u00e9tonnant et fonctionnellement robuste.<\/p>\n<ul>\n<li>Design \u00e9l\u00e9gant et moderne qui est parfait pour les blogueurs, les \u00e9crivains et les entreprises<\/li>\n<li>Page d&rsquo;accueil personnalisable et options d&rsquo;en-t\u00eate qui permettent un look unique<\/li>\n<li>Int\u00e9gration avec des plugins populaires comme WooCommerce, Contact Form 7 et Yoast SEO<\/li>\n<li>Conception r\u00e9active mobile pour une exp\u00e9rience de navigation transparente sur n&rsquo;importe quel appareil<\/li>\n<li>Traduction pr\u00eate et compatible avec le plugin WPML pour les sites Web multilingues<\/li>\n<li>Documentation \u00e9tendue et configuration facile avec une importation de d\u00e9monstration en un clic<\/li>\n<li>Retina pr\u00eate et optimis\u00e9e pour les vitesses de chargement rapide<\/li>\n<li>Boutons de partage des m\u00e9dias sociaux int\u00e9gr\u00e9s pour augmenter la port\u00e9e de votre site Web<\/li>\n<li>Mises \u00e0 jour r\u00e9guli\u00e8res et support d\u00e9di\u00e9 de CSS Igniter.<\/li>\n<\/ul>\n","protected":false},"excerpt":{"rendered":"<p>Le th\u00e8me CSS Igniter TinOS WordPress est une plate-forme unique et polyvalente qui permet aux utilisateurs de cr\u00e9er et de personnaliser facilement leurs sites Web. Ce th\u00e8me est id\u00e9al pour les blogueurs, les photographes, les pigistes et les propri\u00e9taires d&rsquo;entreprise qui recherchent une pr\u00e9sence en ligne professionnelle et esth\u00e9tique. Les caract\u00e9ristiques cl\u00e9s de TinOS incluent la conception r\u00e9active, l&rsquo;optimisation du r\u00e9f\u00e9rencement et les widgets personnalis\u00e9s qui offrent une exp\u00e9rience Web sans couture et interactive. Le th\u00e8me est \u00e9galement livr\u00e9 avec une documentation approfondie et une \u00e9quipe de support d\u00e9di\u00e9e pour vous aider avec les probl\u00e8mes techniques. De plus, TinOS est enti\u00e8rement compatible avec les plugins populaires et a \u00e9t\u00e9 con\u00e7u avec du code propre pour assurer les performances de pointe. Si vous \u00eates \u00e0 la recherche d&rsquo;un th\u00e8me qui combine les fonctionnalit\u00e9s et le style, le th\u00e8me CSS Igniter Tinos WordPress est le choix parfait pour vous.<\/p>\n","protected":false},"featured_media":143493,"comment_status":"open","ping_status":"open","template":"","meta":[],"product_brand":[2499],"product_cat":[1242,1212,1213],"product_tag":[2187],"class_list":{"0":"post-121687","1":"product","2":"type-product","3":"status-publish","4":"has-post-thumbnail","6":"product_brand-css-igniter","7":"product_cat-creatif","8":"product_cat-themes","9":"product_cat-wordpress-themes","10":"product_tag-css-igniter","11":"member-discount","12":"discount-restricted","14":"first","15":"instock","16":"sale","17":"downloadable","18":"virtual","19":"sold-individually","20":"purchasable","21":"product-type-simple"},"_links":{"self":[{"href":"https:\/\/gpl-love.com\/fr\/wp-json\/wp\/v2\/product\/121687","targetHints":{"allow":["GET"]}}],"collection":[{"href":"https:\/\/gpl-love.com\/fr\/wp-json\/wp\/v2\/product"}],"about":[{"href":"https:\/\/gpl-love.com\/fr\/wp-json\/wp\/v2\/types\/product"}],"replies":[{"embeddable":true,"href":"https:\/\/gpl-love.com\/fr\/wp-json\/wp\/v2\/comments?post=121687"}],"wp:featuredmedia":[{"embeddable":true,"href":"https:\/\/gpl-love.com\/fr\/wp-json\/wp\/v2\/media\/143493"}],"wp:attachment":[{"href":"https:\/\/gpl-love.com\/fr\/wp-json\/wp\/v2\/media?parent=121687"}],"wp:term":[{"taxonomy":"product_brand","embeddable":true,"href":"https:\/\/gpl-love.com\/fr\/wp-json\/wp\/v2\/product_brand?post=121687"},{"taxonomy":"product_cat","embeddable":true,"href":"https:\/\/gpl-love.com\/fr\/wp-json\/wp\/v2\/product_cat?post=121687"},{"taxonomy":"product_tag","embeddable":true,"href":"https:\/\/gpl-love.com\/fr\/wp-json\/wp\/v2\/product_tag?post=121687"}],"curies":[{"name":"wp","href":"https:\/\/api.w.org\/{rel}","templated":true}]}}