{"id":121679,"date":"2026-02-18T00:00:00","date_gmt":"2026-02-17T23:00:00","guid":{"rendered":"https:\/\/gpl-love.com\/fr\/produit\/shop-engine-pro\/"},"modified":"2026-04-10T18:39:26","modified_gmt":"2026-04-10T16:39:26","slug":"shop-engine-pro","status":"publish","type":"product","link":"https:\/\/gpl-love.com\/fr\/produit\/shop-engine-pro\/","title":{"rendered":"ShopEngine Pro 2.7.2"},"content":{"rendered":"<h3>ShopEngine Pro Traits<\/h3>\n<p>ShopEngine Pro, un outil impressionnant et tr\u00e8s efficace, a \u00e9t\u00e9 sp\u00e9cifiquement d\u00e9velopp\u00e9 pour am\u00e9liorer et rationaliser les op\u00e9rations de votre entreprise de commerce \u00e9lectronique. Cette solution de pointe poss\u00e8de un tableau de fonctionnalit\u00e9s avanc\u00e9es, telles que la possibilit\u00e9 de personnaliser les vitrines, d&rsquo;optimiser le r\u00e9f\u00e9rencement sans effort et de pr\u00e9senter aux utilisateurs une interface intuitive. Avec ShopEngine Pro \u00e0 votre disposition, la gestion de votre boutique en ligne devient une entreprise sans effort. De plus, son syst\u00e8me complet de gestion des stocks vous permet de surveiller sans effort les niveaux de stock, de g\u00e9rer efficacement les commandes et de traiter de mani\u00e8re transparente les paiements. De plus, les outils d&rsquo;analyse remarquables int\u00e9gr\u00e9s dans Shop Engine Pro fournissent des informations inestimables sur le comportement des clients, vous permettant ainsi de prendre des d\u00e9cisions \u00e9clair\u00e9es en fonction des donn\u00e9es et d&rsquo;\u00e9tendre efficacement votre entreprise. Peu importe que vous vous lanciez simplement dans votre voyage de commerce \u00e9lectronique ou que vous aspirez \u00e0 \u00e9lever votre entreprise actuelle \u00e0 de nouveaux sommets, ShopEngine Pro sert de solution optimale.<\/p>\n<ul>\n<li>Plateforme de commerce \u00e9lectronique avanc\u00e9e pour l&rsquo;ex\u00e9cution de magasins en ligne<\/li>\n<li>Offre une gamme de mod\u00e8les personnalisables et d&rsquo;options de conception<\/li>\n<li>Rationalise le processus de gestion des produits, des commandes et des clients<\/li>\n<li>Int\u00e9gration transparente avec des passerelles de paiement tierces<\/li>\n<li>Fournit des analyses d\u00e9taill\u00e9es et des informations sur les performances des magasins<\/li>\n<li>Des plans de prix flexibles s&rsquo;adressant aux entreprises de toutes tailles<\/li>\n<li>Offre des outils SEO complets pour augmenter la visibilit\u00e9 en ligne<\/li>\n<li>Fournit une int\u00e9gration facile avec les r\u00e9seaux de m\u00e9dias sociaux populaires<\/li>\n<li>Offre une gamme d&rsquo;outils marketing et promotionnels pour stimuler les ventes<\/li>\n<li>Support client 24\/7 assurant un fonctionnement en douceur et une exp\u00e9rience utilisateur sans couture<\/li>\n<\/ul>\n","protected":false},"excerpt":{"rendered":"<p>ShopEngine Pro est une plate-forme de commerce \u00e9lectronique innovante et avanc\u00e9e qui a \u00e9t\u00e9 m\u00e9ticuleusement cr\u00e9\u00e9e pour r\u00e9pondre aux besoins des entreprises dans la gestion efficace de leurs magasins en ligne. Cet outil de pointe et tr\u00e8s sophistiqu\u00e9 poss\u00e8de une gamme de fonctionnalit\u00e9s hautement personnalisables qui sont sp\u00e9cialement con\u00e7ues pour rationaliser de mani\u00e8re transparente diverses facettes op\u00e9rationnelles, notamment la gestion des produits, le traitement des commandes, l&rsquo;exp\u00e9dition et le traitement des paiements. En tirant parti des capacit\u00e9s exceptionnelles de ShopEngine Pro, vous avez la possibilit\u00e9 d&rsquo;\u00e9laborer sans effort une vitrine virtuelle accrocheuse et conviviale qui attire non seulement les clients, mais les conserve \u00e9galement, augmentant ainsi consid\u00e9rablement votre g\u00e9n\u00e9ration de revenus et en augmentant consid\u00e9rablement la pr\u00e9sence en ligne de votre marque . Que vous soyez une entreprise \u00e9mergente \u00e0 petite \u00e9chelle se lan\u00e7ant dans le voyage de lancement de votre magasin num\u00e9rique inaugural ou d&rsquo;un d\u00e9taillant astucieux et exp\u00e9riment\u00e9 s&rsquo;effor\u00e7ant d&rsquo;optimiser votre fonctionnement existant, ShopEngine Pro offre un vaste r\u00e9pertoire de ressources, d&rsquo;outils et de fonctionnalit\u00e9s indispensables qui sont indispensables qui sont indispensable pour obtenir un succ\u00e8s retentissant dans vos efforts de commerce \u00e9lectronique.<\/p>\n","protected":false},"featured_media":145232,"comment_status":"open","ping_status":"open","template":"","meta":[],"product_brand":[2594],"product_cat":[1182,1223,1181],"product_tag":[2169],"class_list":{"0":"post-121679","1":"product","2":"type-product","3":"status-publish","4":"has-post-thumbnail","6":"product_brand-wpmet","7":"product_cat-commerce-electronique-plugins","8":"product_cat-personnalisation-commerce-electronique-plugins","9":"product_cat-plugins","10":"product_tag-wpmet","11":"member-discount","12":"discount-restricted","14":"first","15":"instock","16":"sale","17":"downloadable","18":"virtual","19":"sold-individually","20":"purchasable","21":"product-type-simple"},"_links":{"self":[{"href":"https:\/\/gpl-love.com\/fr\/wp-json\/wp\/v2\/product\/121679","targetHints":{"allow":["GET"]}}],"collection":[{"href":"https:\/\/gpl-love.com\/fr\/wp-json\/wp\/v2\/product"}],"about":[{"href":"https:\/\/gpl-love.com\/fr\/wp-json\/wp\/v2\/types\/product"}],"replies":[{"embeddable":true,"href":"https:\/\/gpl-love.com\/fr\/wp-json\/wp\/v2\/comments?post=121679"}],"wp:featuredmedia":[{"embeddable":true,"href":"https:\/\/gpl-love.com\/fr\/wp-json\/wp\/v2\/media\/145232"}],"wp:attachment":[{"href":"https:\/\/gpl-love.com\/fr\/wp-json\/wp\/v2\/media?parent=121679"}],"wp:term":[{"taxonomy":"product_brand","embeddable":true,"href":"https:\/\/gpl-love.com\/fr\/wp-json\/wp\/v2\/product_brand?post=121679"},{"taxonomy":"product_cat","embeddable":true,"href":"https:\/\/gpl-love.com\/fr\/wp-json\/wp\/v2\/product_cat?post=121679"},{"taxonomy":"product_tag","embeddable":true,"href":"https:\/\/gpl-love.com\/fr\/wp-json\/wp\/v2\/product_tag?post=121679"}],"curies":[{"name":"wp","href":"https:\/\/api.w.org\/{rel}","templated":true}]}}