{"id":121670,"date":"2022-02-19T00:00:00","date_gmt":"2022-02-18T23:00:00","guid":{"rendered":"https:\/\/gpl-love.com\/fr\/produit\/studiopress-refined-pro-genesis-wordpress-theme\/"},"modified":"2026-04-10T18:41:19","modified_gmt":"2026-04-10T16:41:19","slug":"studiopress-refined-pro-genesis-wordpress-theme","status":"publish","type":"product","link":"https:\/\/gpl-love.com\/fr\/produit\/studiopress-refined-pro-genesis-wordpress-theme\/","title":{"rendered":"StudioPress Refined Pro Genesis WordPress Theme 1.1.0"},"content":{"rendered":"<h3>StudioPress Refined Pro Genesis WordPress Theme Traits<\/h3>\n<p>Le th\u00e8me WordPress de Studiopress Refined Pro Genesis, connu pour ses attributs r\u00e9actifs et \u00e9l\u00e9gants, est m\u00e9ticuleusement con\u00e7u pour accorder aux utilisateurs une pr\u00e9sence en ligne luxueuse et polie. Ce th\u00e8me est exceptionnellement adapt\u00e9 aux blogueurs, aux entrepreneurs et aux propri\u00e9taires de petites entreprises qui aspirent \u00e0 exposer leur marque et leurs marchandises de mani\u00e8re sophistiqu\u00e9e et raffin\u00e9e. Le th\u00e8me Rofined Pro poss\u00e8de une conception immacul\u00e9e et pr\u00e9cise, facilitant la cr\u00e9ation sans effort d&rsquo;un site Web exceptionnellement professionnel qui est \u00e0 la fois convivial et captivant \u00e0 son public. Il offre une pl\u00e9thore de widgets personnalisables, des menus facilement navigables et un \u00e9ventail d&rsquo;options de mise en page, permettant aux utilisateurs de personnaliser leur site Web conform\u00e9ment \u00e0 leurs exigences uniques. Que vous soyez un novice ou un utilisateur adepte, le th\u00e8me WordPress de Studiopress Refined Pro Genesis est une s\u00e9lection impeccable pour les personnes cherchant \u00e0 cr\u00e9er un site Web visuellement frappant et tr\u00e8s fonctionnel.<\/p>\n<ul>\n<li>Un th\u00e8me WordPress premium con\u00e7u pour les entreprises et les blogueurs professionnels<\/li>\n<li>Construit sur le puissant cadre de Genesis, assurant la fiabilit\u00e9 et la vitesse<\/li>\n<li>Livr\u00e9 avec plusieurs options de page d&rsquo;accueil et de mise en page pour la personnalisation<\/li>\n<li>Propose un design propre et moderne qui est sensible au mobile<\/li>\n<li>Comprend un personnalisateur de th\u00e8me personnalisable pour des ajustements de conception faciles<\/li>\n<li>Optimis\u00e9 pour l&rsquo;optimisation et la vitesse des moteurs de recherche<\/li>\n<li>Prise en charge int\u00e9gr\u00e9e pour WooCommerce pour les magasins en ligne<\/li>\n<li>Comprend une documentation d\u00e9taill\u00e9e et le support client de l&rsquo;\u00e9quipe Studiopress<\/li>\n<li>Convient \u00e0 toute entreprise, y compris des agences de cr\u00e9ation, des soci\u00e9t\u00e9s de conseil et des magasins en ligne<\/li>\n<li>Compatible avec la derni\u00e8re version de WordPress et Genesis Framework.<\/li>\n<\/ul>\n","protected":false},"excerpt":{"rendered":"<p>\u00cates-vous sur le march\u00e9 pour am\u00e9liorer l&rsquo;attrait esth\u00e9tique et le professionnalisme de votre blog ou site Web? Si c&rsquo;est le cas, recherchez plus que le th\u00e8me WordPress pro-Genesis WordPress raffin\u00e9 Studiopress est l\u00e0 pour r\u00e9pondre \u00e0 vos besoins. Ce th\u00e8me hautement adaptable a \u00e9t\u00e9 m\u00e9ticuleusement con\u00e7u avec le professionnel occup\u00e9 \u00e0 l&rsquo;esprit, vous accordant l&rsquo;acc\u00e8s \u00e0 une pl\u00e9thore d&rsquo;options personnalisables tout en assurant des temps de chargement rapides et des performances de r\u00e9f\u00e9rencement remarquables. Que vous soyez un blogueur, un pigiste ou un propri\u00e9taire de petite entreprise, le th\u00e8me Pro raffin\u00e9 \u00e9l\u00e8vera sans effort votre pr\u00e9sence en ligne \u00e0 de nouveaux sommets. Ne perdez pas de temps, lancez ce voyage aujourd&rsquo;hui et assistez de premi\u00e8re main \u00e0 la fonctionnalit\u00e9 transparente et \u00e0 l&rsquo;efficacit\u00e9 in\u00e9gal\u00e9e de WordPress.<\/p>\n","protected":false},"featured_media":145391,"comment_status":"open","ping_status":"open","template":"","meta":[],"product_brand":[2454],"product_cat":[1516,1212,1213],"product_tag":[1358],"class_list":{"0":"post-121670","1":"product","2":"type-product","3":"status-publish","4":"has-post-thumbnail","6":"product_brand-studiopress","7":"product_cat-entreprise","8":"product_cat-themes","9":"product_cat-wordpress-themes","10":"product_tag-studiopress","11":"member-discount","12":"discount-restricted","14":"first","15":"instock","16":"sale","17":"downloadable","18":"virtual","19":"sold-individually","20":"purchasable","21":"product-type-simple"},"_links":{"self":[{"href":"https:\/\/gpl-love.com\/fr\/wp-json\/wp\/v2\/product\/121670","targetHints":{"allow":["GET"]}}],"collection":[{"href":"https:\/\/gpl-love.com\/fr\/wp-json\/wp\/v2\/product"}],"about":[{"href":"https:\/\/gpl-love.com\/fr\/wp-json\/wp\/v2\/types\/product"}],"replies":[{"embeddable":true,"href":"https:\/\/gpl-love.com\/fr\/wp-json\/wp\/v2\/comments?post=121670"}],"wp:featuredmedia":[{"embeddable":true,"href":"https:\/\/gpl-love.com\/fr\/wp-json\/wp\/v2\/media\/145391"}],"wp:attachment":[{"href":"https:\/\/gpl-love.com\/fr\/wp-json\/wp\/v2\/media?parent=121670"}],"wp:term":[{"taxonomy":"product_brand","embeddable":true,"href":"https:\/\/gpl-love.com\/fr\/wp-json\/wp\/v2\/product_brand?post=121670"},{"taxonomy":"product_cat","embeddable":true,"href":"https:\/\/gpl-love.com\/fr\/wp-json\/wp\/v2\/product_cat?post=121670"},{"taxonomy":"product_tag","embeddable":true,"href":"https:\/\/gpl-love.com\/fr\/wp-json\/wp\/v2\/product_tag?post=121670"}],"curies":[{"name":"wp","href":"https:\/\/api.w.org\/{rel}","templated":true}]}}