{"id":121660,"date":"2022-02-19T00:00:00","date_gmt":"2022-02-18T23:00:00","guid":{"rendered":"https:\/\/gpl-love.com\/fr\/produit\/studiopress-course-maker-pro-genesis-wordpress-theme\/"},"modified":"2026-04-10T18:40:53","modified_gmt":"2026-04-10T16:40:53","slug":"studiopress-course-maker-pro-genesis-wordpress-theme","status":"publish","type":"product","link":"https:\/\/gpl-love.com\/fr\/produit\/studiopress-course-maker-pro-genesis-wordpress-theme\/","title":{"rendered":"StudioPress Course Maker Pro Genesis WordPress Theme 2.0.7"},"content":{"rendered":"<h3>StudioPress Course Maker Pro Genesis WordPress Theme Traits<\/h3>\n<p>Le th\u00e8me WordPress du fabricant de cours Studiopress Pro Genesis est un th\u00e8me WordPress tr\u00e8s puissant et polyvalent sp\u00e9cialement con\u00e7u pour r\u00e9pondre aux besoins des personnes int\u00e9ress\u00e9es \u00e0 cr\u00e9er des cours en ligne et des plateformes d&rsquo;apprentissage en ligne. Ce th\u00e8me offre une disposition \u00e9l\u00e9gante et contemporaine qui peut \u00eatre facilement personnalis\u00e9e pour s&rsquo;adapter aux pr\u00e9f\u00e9rences individuelles, tout en offrant une r\u00e9activit\u00e9 compl\u00e8te, en assurant l&rsquo;accessibilit\u00e9 et la convivialit\u00e9. Avec Course Maker Pro, le processus de cr\u00e9ation et de gestion des cours en ligne devient un jeu d&rsquo;enfant, permettant aux utilisateurs d&rsquo;incorporer sans effort le contenu multim\u00e9dia, les quiz interactifs et les affectations. De plus, ce th\u00e8me est \u00e9quip\u00e9 d&rsquo;une gamme de fonctionnalit\u00e9s impressionnantes, y compris le suivi des progr\u00e8s des cours int\u00e9gr\u00e9s, des options de tarification flexibles et des passerelles de paiement int\u00e9gr\u00e9es, ce qui en fait un choix id\u00e9al pour les entrepreneurs, les \u00e9ducateurs et les cr\u00e9ateurs de cours cherchant \u00e0 \u00e9tablir un captivant et interactif Exp\u00e9rience d&rsquo;apprentissage en ligne pour leurs \u00e9tudiants. Dans l&rsquo;ensemble, le th\u00e8me de la Studiopress Course Maker Pro Genesis WordPress est une solution fiable et compl\u00e8te pour les cr\u00e9ateurs de cours en ligne, leur fournissant les outils n\u00e9cessaires pour construire sans effort une plate-forme d&rsquo;apprentissage professionnelle et engageante.<\/p>\n<ul>\n<li>Conception flexible et personnalisable pour cr\u00e9er des cours en ligne et des sites Web \u00e9ducatifs<\/li>\n<li>Fonctionnalit\u00e9s int\u00e9gr\u00e9es pour l&rsquo;organisation des cours, la gestion des le\u00e7ons et le suivi des progr\u00e8s des \u00e9tudiants<\/li>\n<li>Int\u00e9gration WooCommerce pour les options de paiement et d&rsquo;inscription faciles<\/li>\n<li>Conception r\u00e9active pour l&rsquo;exp\u00e9rience utilisateur transparent sur le bureau et les appareils mobiles<\/li>\n<li>Acc\u00e8s \u00e0 une biblioth\u00e8que de mod\u00e8les pr\u00e9-con\u00e7us pour choisir ou modifier<\/li>\n<li>Prise en charge du contenu vid\u00e9o et multim\u00e9dia pour am\u00e9liorer le mat\u00e9riel de cours<\/li>\n<li>SEO optimis\u00e9 pour une meilleure visibilit\u00e9 et un classement des moteurs de recherche<\/li>\n<li>Construit sur le cadre Genesis fiable et s\u00e9curis\u00e9 pour WordPress<\/li>\n<li>Les mises \u00e0 jour \u00e0 vie et le support client signifient que votre site Web sera toujours \u00e0 jour et fonctionnel.<\/li>\n<\/ul>\n","protected":false},"excerpt":{"rendered":"<p>Le th\u00e8me WordPress du fabricant de cours Studiopress Pro Genesis est un th\u00e8me WordPress exceptionnel sp\u00e9cifiquement con\u00e7u pour r\u00e9pondre aux besoins des cr\u00e9ateurs de cours en ligne et des fournisseurs de contenu \u00e9ducatif. Avec l&rsquo;utilisation de ce th\u00e8me exceptionnel, on peut fabriquer et mon\u00e9tiser sans effort les cours en ligne, produire des vid\u00e9os p\u00e9dagogiques et organiser efficacement le contenu en modules et des le\u00e7ons bien structur\u00e9s. Ce th\u00e8me est \u00e9quip\u00e9 d&rsquo;un constructeur de page de glisser-d\u00e9poser extr\u00eamement puissant, offrant une flexibilit\u00e9 et une commodit\u00e9 plus importantes dans la construction de votre site Web. En outre, la fourniture de mod\u00e8les personnalisables et l&rsquo;int\u00e9gration transparente avec les plateformes de commerce \u00e9lectronique facilite le traitement des paiements sans effort pour vos cours en ligne. La r\u00e9activit\u00e9 inn\u00e9e de ce th\u00e8me garantit que vos cours sont accessibles et consult\u00e9s parfaitement sur n&rsquo;importe quel appareil, am\u00e9liorant ainsi l&rsquo;exp\u00e9rience utilisateur globale. De plus, les attributs conviviaux du r\u00e9f\u00e9rencement du th\u00e8me Studiopress Course Maker Pro contribuent \u00e0 am\u00e9liorer votre visibilit\u00e9 en ligne, entra\u00eenant des classements plus \u00e9lev\u00e9s sur les plates-formes de moteurs de recherche. Avec ce th\u00e8me extraordinaire, on peut sans effort cr\u00e9er un contenu de cours en ligne captivant et professionnel dans une courte dur\u00e9e de courte dur\u00e9e.<\/p>\n","protected":false},"featured_media":145360,"comment_status":"open","ping_status":"open","template":"","meta":[],"product_brand":[2454],"product_cat":[1242,1212,1213],"product_tag":[1358],"class_list":{"0":"post-121660","1":"product","2":"type-product","3":"status-publish","4":"has-post-thumbnail","6":"product_brand-studiopress","7":"product_cat-creatif","8":"product_cat-themes","9":"product_cat-wordpress-themes","10":"product_tag-studiopress","11":"member-discount","12":"discount-restricted","14":"first","15":"instock","16":"sale","17":"downloadable","18":"virtual","19":"sold-individually","20":"purchasable","21":"product-type-simple"},"_links":{"self":[{"href":"https:\/\/gpl-love.com\/fr\/wp-json\/wp\/v2\/product\/121660","targetHints":{"allow":["GET"]}}],"collection":[{"href":"https:\/\/gpl-love.com\/fr\/wp-json\/wp\/v2\/product"}],"about":[{"href":"https:\/\/gpl-love.com\/fr\/wp-json\/wp\/v2\/types\/product"}],"replies":[{"embeddable":true,"href":"https:\/\/gpl-love.com\/fr\/wp-json\/wp\/v2\/comments?post=121660"}],"wp:featuredmedia":[{"embeddable":true,"href":"https:\/\/gpl-love.com\/fr\/wp-json\/wp\/v2\/media\/145360"}],"wp:attachment":[{"href":"https:\/\/gpl-love.com\/fr\/wp-json\/wp\/v2\/media?parent=121660"}],"wp:term":[{"taxonomy":"product_brand","embeddable":true,"href":"https:\/\/gpl-love.com\/fr\/wp-json\/wp\/v2\/product_brand?post=121660"},{"taxonomy":"product_cat","embeddable":true,"href":"https:\/\/gpl-love.com\/fr\/wp-json\/wp\/v2\/product_cat?post=121660"},{"taxonomy":"product_tag","embeddable":true,"href":"https:\/\/gpl-love.com\/fr\/wp-json\/wp\/v2\/product_tag?post=121660"}],"curies":[{"name":"wp","href":"https:\/\/api.w.org\/{rel}","templated":true}]}}