{"id":121657,"date":"2021-02-09T00:00:00","date_gmt":"2021-02-08T23:00:00","guid":{"rendered":"https:\/\/gpl-love.com\/fr\/produit\/studiopress-atmosphere-pro-genesis-wordpress-theme\/"},"modified":"2026-04-10T18:40:47","modified_gmt":"2026-04-10T16:40:47","slug":"studiopress-atmosphere-pro-genesis-wordpress-theme","status":"publish","type":"product","link":"https:\/\/gpl-love.com\/fr\/produit\/studiopress-atmosphere-pro-genesis-wordpress-theme\/","title":{"rendered":"StudioPress Atmosphere Pro Genesis WordPress Theme 1.1.3"},"content":{"rendered":"<h3>StudioPress Atmosphere Pro Genesis WordPress Theme Traits<\/h3>\n<p>Le th\u00e8me WordPress de Studiopress Atmosphere Pro Genesis, avec sa nature professionnelle et polyvalente, offre un design \u00e9l\u00e9gant et moderne qui ne peut pas impressionner. Ce th\u00e8me remarquable r\u00e9pond aux besoins des blogueurs, des cr\u00e9atifs et des entrepreneurs qui cherchent avec impatience \u00e0 pr\u00e9senter leur contenu de mani\u00e8re \u00e9l\u00e9gante. Avec sa page d&rsquo;accueil personnalisable, ses images d&rsquo;en-t\u00eate pleine largeur et sa conception adapt\u00e9e aux mobiles qui s&rsquo;adapte sans effort \u00e0 n&rsquo;importe quel appareil, ce th\u00e8me se d\u00e9marque vraiment. Il convient de mentionner que le th\u00e8me est m\u00e9ticuleusement con\u00e7u sur le cadre fiable de Genesis, garantissant des performances impeccables et une s\u00e9curit\u00e9 optimale. De plus, le th\u00e8me de l&rsquo;atmosph\u00e8re Pro fournit g\u00e9n\u00e9reusement une pl\u00e9thore de dispositions et de widgets pr\u00e9d\u00e9finis, permettant aux utilisateurs de cr\u00e9er sans effort un site Web \u00e9tonnant sans avoir \u00e0 poss\u00e9der de comp\u00e9tences de codage. Dans l&rsquo;ensemble, le th\u00e8me WordPress de Studiopress Atmosph\u00e8re Pro Genesis sert de choix stellaire pour les individus qui aspirent \u00e0 un th\u00e8me de premier ordre et personnalisable qui les aidera in\u00e9vitablement \u00e0 \u00e9tablir une pr\u00e9sence en ligne notable.<\/p>\n<ul>\n<li>Th\u00e8me Genesis WordPress con\u00e7u par des professionnels<\/li>\n<li>Conception propre et minimaliste avec des options personnalisables<\/li>\n<li>Mobile r\u00e9actif pour une visualisation optimale sur n&rsquo;importe quel appareil<\/li>\n<li>Compatible avec les plugins WordPress populaires et les int\u00e9grations tiertes<\/li>\n<li>Optimisation de SEO int\u00e9gr\u00e9e pour am\u00e9liorer le classement des moteurs de recherche<\/li>\n<li>Option pour ajouter une image ou un logo en en-t\u00eate personnalis\u00e9<\/li>\n<li>Options de personnalisation de th\u00e8me avanc\u00e9 pour les utilisateurs exp\u00e9riment\u00e9s<\/li>\n<li>Param\u00e8tres de th\u00e8me facile \u00e0 utiliser pour les d\u00e9butants<\/li>\n<li>Comprend le support et les mises \u00e0 jour pour un an apr\u00e8s l&rsquo;achat<\/li>\n<li>Con\u00e7u pour les blogueurs, les sites Web d&rsquo;entreprise et les portefeuilles en ligne<\/li>\n<\/ul>\n","protected":false},"excerpt":{"rendered":"<p>Le th\u00e8me WordPress de Studiopress Atmosphere Pro Genesis, r\u00e9put\u00e9 pour son design \u00e9l\u00e9gant et moderne, se pr\u00e9sente comme la solution ultime pour \u00e9tablir une pr\u00e9sence en ligne professionnelle. B\u00e9n\u00e9ficiant d&rsquo;une gamme d&rsquo;options personnalisables qui s&rsquo;adressent \u00e0 l&rsquo;identit\u00e9 unique de votre marque, ce th\u00e8me comprend une pl\u00e9thore de choix de mise en page, de widgets personnalis\u00e9s et de fonctionnalit\u00e9s d&rsquo;optimisation SEO qui sont garanties d&rsquo;\u00e9lever votre visibilit\u00e9 \u00e0 de nouvelles hauteurs. En outre, sa conception sensible aux mobiles garantit que votre site Web conserve son apparence impeccable sur tous les appareils, tandis que le panneau de contr\u00f4le convivial facilite la personnalisation sans effort. Que vous soyez un blogueur d\u00e9vou\u00e9 ou un ambitieux entrepreneur en ligne, le th\u00e8me Studiopress Atmosphere Pro est sans aucun doute la quintessence de l&rsquo;excellence lorsqu&rsquo;il s&rsquo;agit de cr\u00e9er un site Web \u00e0 couper le souffle.<\/p>\n","protected":false},"featured_media":145352,"comment_status":"open","ping_status":"open","template":"","meta":[],"product_brand":[2454],"product_cat":[1242,1212,1213],"product_tag":[1358],"class_list":{"0":"post-121657","1":"product","2":"type-product","3":"status-publish","4":"has-post-thumbnail","6":"product_brand-studiopress","7":"product_cat-creatif","8":"product_cat-themes","9":"product_cat-wordpress-themes","10":"product_tag-studiopress","11":"member-discount","12":"discount-restricted","14":"first","15":"instock","16":"sale","17":"downloadable","18":"virtual","19":"sold-individually","20":"purchasable","21":"product-type-simple"},"_links":{"self":[{"href":"https:\/\/gpl-love.com\/fr\/wp-json\/wp\/v2\/product\/121657","targetHints":{"allow":["GET"]}}],"collection":[{"href":"https:\/\/gpl-love.com\/fr\/wp-json\/wp\/v2\/product"}],"about":[{"href":"https:\/\/gpl-love.com\/fr\/wp-json\/wp\/v2\/types\/product"}],"replies":[{"embeddable":true,"href":"https:\/\/gpl-love.com\/fr\/wp-json\/wp\/v2\/comments?post=121657"}],"wp:featuredmedia":[{"embeddable":true,"href":"https:\/\/gpl-love.com\/fr\/wp-json\/wp\/v2\/media\/145352"}],"wp:attachment":[{"href":"https:\/\/gpl-love.com\/fr\/wp-json\/wp\/v2\/media?parent=121657"}],"wp:term":[{"taxonomy":"product_brand","embeddable":true,"href":"https:\/\/gpl-love.com\/fr\/wp-json\/wp\/v2\/product_brand?post=121657"},{"taxonomy":"product_cat","embeddable":true,"href":"https:\/\/gpl-love.com\/fr\/wp-json\/wp\/v2\/product_cat?post=121657"},{"taxonomy":"product_tag","embeddable":true,"href":"https:\/\/gpl-love.com\/fr\/wp-json\/wp\/v2\/product_tag?post=121657"}],"curies":[{"name":"wp","href":"https:\/\/api.w.org\/{rel}","templated":true}]}}