{"id":121654,"date":"2022-02-19T00:00:00","date_gmt":"2022-02-18T23:00:00","guid":{"rendered":"https:\/\/gpl-love.com\/fr\/produit\/storefront-homepage-contact-section\/"},"modified":"2026-04-10T18:40:36","modified_gmt":"2026-04-10T16:40:36","slug":"storefront-homepage-contact-section","status":"publish","type":"product","link":"https:\/\/gpl-love.com\/fr\/produit\/storefront-homepage-contact-section\/","title":{"rendered":"Storefront Homepage Contact Section 1.0.3"},"content":{"rendered":"<h3>Storefront Homepage Contact Section Traits<\/h3>\n<p>L&rsquo;inclusion d&rsquo;une section de contact de la page d&rsquo;accueil de l&rsquo;\u00e9tage est une fonctionnalit\u00e9 indispensable et obligatoire pour toute boutique ou site Web en ligne qui souhaite \u00e9tablir une connexion robuste et profonde avec ses clients estim\u00e9s. Cette section, avec sa signification primordiale, sert de support transparente et rapide \u00e0 travers lequel les clients peuvent communiquer sans effort et rapidement avec les propri\u00e9taires de magasins ou l&rsquo;\u00e9quipe de soutien pour rechercher des clarifications, r\u00e9pondre aux pr\u00e9occupations ou fournir des commentaires pr\u00e9cieux. En r\u00e8gle g\u00e9n\u00e9rale, cette section pivot comprend un formulaire simpliste que les clients peuvent remplir de mani\u00e8re pratique et exhaustive, fournissant leur appellation, adresse \u00e9lectronique, message, message et occasionnellement, un num\u00e9ro de t\u00e9l\u00e9phone ou des d\u00e9tails suppl\u00e9mentaires. De plus, la section de contact a la capacit\u00e9 d&rsquo;incorporer d&rsquo;autres informations saillantes et avantageuses, y compris les heures de fonctionnement du magasin, un emplacement pr\u00e9cis, une pr\u00e9sence notable sur diverses plateformes de m\u00e9dias sociaux et des questions fr\u00e9quemment pos\u00e9es (FAQ). En offrant une section de contact tr\u00e8s r\u00e9active et conviviale, les magasins en ligne inculquent efficacement un sentiment d&rsquo;assurance et de confiance au sein de leur client\u00e8le estim\u00e9e, augmentant ainsi leur propension \u00e0 revisiter le magasin, \u00e0 favoriser la fid\u00e9lit\u00e9 de la client\u00e8le et \u00e0 renforcer la satisfaction globale de la client\u00e8le.<\/p>\n<ul>\n<li>Affichage clair et pro\u00e9minent des coordonn\u00e9es sur la page d&rsquo;accueil de la vitrine<\/li>\n<li>Comprend des options pour le t\u00e9l\u00e9phone, le courrier \u00e9lectronique et l&rsquo;adresse postale<\/li>\n<li>Peut \u00e9galement int\u00e9grer un formulaire de contact pour les visiteurs \u00e0 remplir et \u00e0 se soumettre directement \u00e0 partir de la page d&rsquo;accueil<\/li>\n<li>Les \u00e9l\u00e9ments de conception et la mise en page peuvent \u00eatre personnalis\u00e9s pour s&rsquo;adapter parfaitement \u00e0 la conception globale de la devanture<\/li>\n<li>La section de contact peut \u00eatre sensible au mobile pour un acc\u00e8s facile \u00e0 partir de n&rsquo;importe quel appareil<\/li>\n<li>Aide \u00e0 renforcer la confiance et la cr\u00e9dibilit\u00e9 avec les clients potentiels en montrant que l&rsquo;entreprise est accessible et r\u00e9active<\/li>\n<li>Peut potentiellement augmenter les taux de conversion en fournissant un moyen pratique pour les visiteurs de poser des questions ou de demander plus d&rsquo;informations.<\/li>\n<\/ul>\n","protected":false},"excerpt":{"rendered":"<p>La section de contact de la page d&rsquo;accueil de la devanture est un attribut remarquablement simple et convivial qui offre aux clients la capacit\u00e9 sans effort d&rsquo;\u00e9tablir une communication directe avec votre entreprise, le tout dans les limites de la page d&rsquo;accueil de votre magasin. En tirant parti des options de flexibilit\u00e9 et de personnalisation inh\u00e9rentes \u00e0 sa forme, associ\u00e9es \u00e0 un appel \u00e0 l&rsquo;action articul\u00e9 visiblement, vous pouvez amasser et rassembler de mani\u00e8re transparente les demandes de clients inestimables, en vous garantissant ainsi que vous restez perp\u00e9tuellement accessible \u00e0 ses pr\u00e9occupations ou leurs demandes. Cet instrument in\u00e9branlable augmente consid\u00e9rablement le contentement et la fid\u00e9lit\u00e9 des clients, ce qui en fait une augmentation absolument indispensable \u00e0 toute vitrine victorieuse du commerce \u00e9lectronique.<\/p>\n","protected":false},"featured_media":145335,"comment_status":"open","ping_status":"open","template":"","meta":[],"product_brand":[2440],"product_cat":[1182,1223,1181],"product_tag":[1398],"class_list":{"0":"post-121654","1":"product","2":"type-product","3":"status-publish","4":"has-post-thumbnail","6":"product_brand-woocommerce","7":"product_cat-commerce-electronique-plugins","8":"product_cat-personnalisation-commerce-electronique-plugins","9":"product_cat-plugins","10":"product_tag-woocommerce","11":"member-discount","12":"discount-restricted","14":"first","15":"instock","16":"sale","17":"downloadable","18":"virtual","19":"sold-individually","20":"purchasable","21":"product-type-simple"},"_links":{"self":[{"href":"https:\/\/gpl-love.com\/fr\/wp-json\/wp\/v2\/product\/121654","targetHints":{"allow":["GET"]}}],"collection":[{"href":"https:\/\/gpl-love.com\/fr\/wp-json\/wp\/v2\/product"}],"about":[{"href":"https:\/\/gpl-love.com\/fr\/wp-json\/wp\/v2\/types\/product"}],"replies":[{"embeddable":true,"href":"https:\/\/gpl-love.com\/fr\/wp-json\/wp\/v2\/comments?post=121654"}],"wp:featuredmedia":[{"embeddable":true,"href":"https:\/\/gpl-love.com\/fr\/wp-json\/wp\/v2\/media\/145335"}],"wp:attachment":[{"href":"https:\/\/gpl-love.com\/fr\/wp-json\/wp\/v2\/media?parent=121654"}],"wp:term":[{"taxonomy":"product_brand","embeddable":true,"href":"https:\/\/gpl-love.com\/fr\/wp-json\/wp\/v2\/product_brand?post=121654"},{"taxonomy":"product_cat","embeddable":true,"href":"https:\/\/gpl-love.com\/fr\/wp-json\/wp\/v2\/product_cat?post=121654"},{"taxonomy":"product_tag","embeddable":true,"href":"https:\/\/gpl-love.com\/fr\/wp-json\/wp\/v2\/product_tag?post=121654"}],"curies":[{"name":"wp","href":"https:\/\/api.w.org\/{rel}","templated":true}]}}