{"id":121651,"date":"2021-02-09T00:00:00","date_gmt":"2021-02-08T23:00:00","guid":{"rendered":"https:\/\/gpl-love.com\/fr\/produit\/storefront-blog-customiser\/"},"modified":"2026-04-10T18:40:35","modified_gmt":"2026-04-10T16:40:35","slug":"storefront-blog-customiser","status":"publish","type":"product","link":"https:\/\/gpl-love.com\/fr\/produit\/storefront-blog-customiser\/","title":{"rendered":"Storefront Blog Customiser 1.3.0"},"content":{"rendered":"<h3>Storefront Blog Customiser Traits<\/h3>\n<p>Le personnaliseur de blog Storefront, un outil incroyablement robuste, vous donne la possibilit\u00e9 de personnaliser de mani\u00e8re complexe votre blog de magasin pour r\u00e9pondre \u00e0 vos exigences pr\u00e9cises. Gr\u00e2ce \u00e0 l&rsquo;utilisation de ce personnalisateur, vous \u00eates en mesure de modifier sans effort la disposition de votre blog, de s\u00e9lectionner parmi une myriade de sch\u00e9mas de couleurs divers et de fabriquer des widgets et des menus sur mesure pour am\u00e9liorer l&rsquo;exp\u00e9rience utilisateur globale. Cet outil garantit que votre blog de vitrines d\u00e9gage un air de professionnalisme et d&rsquo;individualit\u00e9, tout en restant remarquablement convivial, m\u00eame pour les individus d\u00e9pourvus de tout savoir-faire de codage. En employant le personnalisateur de blog Storefront, vous poss\u00e9dez la capacit\u00e9 de cr\u00e9er un blog exceptionnel qui facilitera sans aucun doute la g\u00e9n\u00e9ration du trafic et des ventes pour votre boutique en ligne.<\/p>\n<ul>\n<li>Un outil puissant pour personnaliser facilement votre blog de vitrines<\/li>\n<li>Vous permet de mettre \u00e0 jour facilement les couleurs, les polices et la mise en page pour correspondre \u00e0 votre marque<\/li>\n<li>Choisissez parmi une vari\u00e9t\u00e9 de mod\u00e8les pr\u00e9-con\u00e7us ou cr\u00e9ez le v\u00f4tre<\/li>\n<li>La conception r\u00e9active garantit que votre blog a fi\u00e8re allure sur tous les appareils<\/li>\n<li>Les outils de r\u00e9f\u00e9rencement int\u00e9gr\u00e9s aident \u00e0 am\u00e9liorer votre classement des moteurs de recherche<\/li>\n<li>Interface simple et conviviale pour une personnalisation facile<\/li>\n<li>Int\u00e9gre parfaitement avec votre site Web de magasinage<\/li>\n<li>Mises \u00e0 jour r\u00e9guli\u00e8res et support client pour les am\u00e9liorations et l&rsquo;aide continue<\/li>\n<li>Option pour acheter des services de support ou de personnalisation suppl\u00e9mentaires aupr\u00e8s de notre \u00e9quipe<\/li>\n<li>Prix \u200b\u200babordables et options de paiement flexibles<\/li>\n<\/ul>\n","protected":false},"excerpt":{"rendered":"<p>\u00c9levez facilement l&rsquo;attrait visuel du blog de votre magasin en mettant en \u0153uvre de mani\u00e8re transparente le personnaliseur de blog Storefront, un produit ing\u00e9nieux qui vous accorde le pouvoir de modifier et de personnaliser sans effort tous les aspects de la mise en page et de la conception de votre blog. De l&rsquo;en-t\u00eate sup\u00e9rieur vers le bas du pied de page de bottommost et de chaque \u00e9l\u00e9ment entre les deux, vous avez un contr\u00f4le complet sur la pr\u00e9sentation esth\u00e9tique. Gr\u00e2ce \u00e0 une interface intuitive et conviviale, vous avez acc\u00e8s \u00e0 une vaste gamme de mod\u00e8les, de polices, de couleurs et de widgets, vous permettant de cr\u00e9er un blog qui se d\u00e9marque vraiment distinctif et refl\u00e8te avec pr\u00e9cision la personnalit\u00e9 unique de votre marque. Adieu \u00e0 des conceptions de blog m\u00e9dical et conventionnels et embrasser chaleureusement un blog qui non seulement remplit son objectif fonctionnel mais d\u00e9gage \u00e9galement un charme esth\u00e9tique.<\/p>\n","protected":false},"featured_media":145333,"comment_status":"open","ping_status":"open","template":"","meta":[],"product_brand":[2440],"product_cat":[1238,1851,1212],"product_tag":[1398],"class_list":{"0":"post-121651","1":"product","2":"type-product","3":"status-publish","4":"has-post-thumbnail","6":"product_brand-woocommerce","7":"product_cat-commerce-electronique-themes","8":"product_cat-entreprise-commerce-electronique-themes","9":"product_cat-themes","10":"product_tag-woocommerce","11":"member-discount","12":"discount-restricted","14":"first","15":"instock","16":"sale","17":"downloadable","18":"virtual","19":"sold-individually","20":"purchasable","21":"product-type-simple"},"_links":{"self":[{"href":"https:\/\/gpl-love.com\/fr\/wp-json\/wp\/v2\/product\/121651","targetHints":{"allow":["GET"]}}],"collection":[{"href":"https:\/\/gpl-love.com\/fr\/wp-json\/wp\/v2\/product"}],"about":[{"href":"https:\/\/gpl-love.com\/fr\/wp-json\/wp\/v2\/types\/product"}],"replies":[{"embeddable":true,"href":"https:\/\/gpl-love.com\/fr\/wp-json\/wp\/v2\/comments?post=121651"}],"wp:featuredmedia":[{"embeddable":true,"href":"https:\/\/gpl-love.com\/fr\/wp-json\/wp\/v2\/media\/145333"}],"wp:attachment":[{"href":"https:\/\/gpl-love.com\/fr\/wp-json\/wp\/v2\/media?parent=121651"}],"wp:term":[{"taxonomy":"product_brand","embeddable":true,"href":"https:\/\/gpl-love.com\/fr\/wp-json\/wp\/v2\/product_brand?post=121651"},{"taxonomy":"product_cat","embeddable":true,"href":"https:\/\/gpl-love.com\/fr\/wp-json\/wp\/v2\/product_cat?post=121651"},{"taxonomy":"product_tag","embeddable":true,"href":"https:\/\/gpl-love.com\/fr\/wp-json\/wp\/v2\/product_tag?post=121651"}],"curies":[{"name":"wp","href":"https:\/\/api.w.org\/{rel}","templated":true}]}}