{"id":121645,"date":"2022-02-19T00:00:00","date_gmt":"2022-02-18T23:00:00","guid":{"rendered":"https:\/\/gpl-love.com\/fr\/produit\/elmastudio-onigiri-wordpress-theme\/"},"modified":"2026-03-20T23:03:38","modified_gmt":"2026-03-20T22:03:38","slug":"elmastudio-onigiri-wordpress-theme","status":"publish","type":"product","link":"https:\/\/gpl-love.com\/fr\/produit\/elmastudio-onigiri-wordpress-theme\/","title":{"rendered":"ElmaStudio Onigiri WordPress Theme 1.0.10"},"content":{"rendered":"<h3>ElmaStudio Onigiri WordPress Theme Traits<\/h3>\n<p>Le th\u00e8me WordPress Elmastudio Onigiri, avec sa conception d\u00e9licieusement con\u00e7ue et ses possibilit\u00e9s abondantes de personnalisation, est un choix primordial pour les individus dans les domaines des blogs, de la photographie et des professions cr\u00e9atives qui aspirent \u00e0 exposer leur travail d&rsquo;une mani\u00e8re in\u00e9gal\u00e9e et captivante. B\u00e9n\u00e9ficiant d&rsquo;une disposition vierge et contemporaine, Onigiri pr\u00e9sente un \u00e9ventail d&rsquo;options de personnalisation, englobant une myriade de sch\u00e9mas de couleurs, de polices et de dispositions de mise en page, permettant la cr\u00e9ation d&rsquo;un site Web qui incarne son style et sa marque uniques. En outre, ce th\u00e8me englobe un assortiment de fonctionnalit\u00e9s m\u00e9ticuleusement organis\u00e9es pour augmenter l&rsquo;exp\u00e9rience de navigation de l&rsquo;utilisateur, englobant une conception r\u00e9active, des widgets sur mesure et une compatibilit\u00e9 avec des plugins estim\u00e9s tels que les formes WooCommerce et Gravity. Que l&rsquo;on s&rsquo;efforce de se lancer dans un nouveau voyage de blogs, de d\u00e9voiler un portefeuille complet ou d&rsquo;\u00e9tablir une plate-forme de commerce \u00e9lectronique, le th\u00e8me Elmastudio Onigiri WordPress est un choix exceptionnel pour les personnes cherchant \u00e0 laisser une impression num\u00e9rique durable.<\/p>\n<ul>\n<li>Design moderne et \u00e9l\u00e9gant<\/li>\n<li>Options de personnalisation faciles<\/li>\n<li>Options de mise en page polyvalentes pour diff\u00e9rents types de contenu<\/li>\n<li>Id\u00e9al pour les blogueurs, les petites entreprises et les cr\u00e9atifs<\/li>\n<li>Compatible avec l&rsquo;\u00e9diteur de Gutenberg et les principaux navigateurs<\/li>\n<li>Mobile r\u00e9actif pour une exp\u00e9rience utilisateur sans couture sur tous les appareils<\/li>\n<li>Traduction pr\u00eate \u00e0 atteindre un public plus large<\/li>\n<li>Int\u00e9gration int\u00e9gr\u00e9e des m\u00e9dias sociaux pour un partage facile<\/li>\n<li>Soutien d\u00e9di\u00e9 de l&rsquo;\u00e9quipe Elmastudio<\/li>\n<\/ul>\n","protected":false},"excerpt":{"rendered":"<p>Le th\u00e8me Elmastudio Onigiri WordPress, r\u00e9put\u00e9 pour sa conception exquis et son interface conviviale, sert de solution impeccable pour les blogueurs et les entreprises. Arborant une disposition vierge et une gamme de fonctionnalit\u00e9s personnalisables, ce th\u00e8me vous donne la possibilit\u00e9 de montrer votre contenu et de fabriquer un site Web captivant qui est garanti pour \u00e9tonner votre public. Quel que soit votre niveau de comp\u00e9tence avec WordPress, que vous soyez un utilisateur novice ou chevronn\u00e9, le th\u00e8me Onigiri est une pr\u00e9f\u00e9rence exceptionnelle pour les personnes \u00e0 la recherche d&rsquo;un site Web qui d\u00e9gage le professionnalisme et le style.<\/p>\n","protected":false},"featured_media":143723,"comment_status":"open","ping_status":"open","template":"","meta":[],"product_brand":[2535],"product_cat":[1242,1212,1213],"product_tag":[2305],"class_list":{"0":"post-121645","1":"product","2":"type-product","3":"status-publish","4":"has-post-thumbnail","6":"product_brand-elma-studio","7":"product_cat-creatif","8":"product_cat-themes","9":"product_cat-wordpress-themes","10":"product_tag-elma-studio","11":"member-discount","12":"discount-restricted","14":"first","15":"instock","16":"sale","17":"downloadable","18":"virtual","19":"sold-individually","20":"purchasable","21":"product-type-simple"},"_links":{"self":[{"href":"https:\/\/gpl-love.com\/fr\/wp-json\/wp\/v2\/product\/121645","targetHints":{"allow":["GET"]}}],"collection":[{"href":"https:\/\/gpl-love.com\/fr\/wp-json\/wp\/v2\/product"}],"about":[{"href":"https:\/\/gpl-love.com\/fr\/wp-json\/wp\/v2\/types\/product"}],"replies":[{"embeddable":true,"href":"https:\/\/gpl-love.com\/fr\/wp-json\/wp\/v2\/comments?post=121645"}],"wp:featuredmedia":[{"embeddable":true,"href":"https:\/\/gpl-love.com\/fr\/wp-json\/wp\/v2\/media\/143723"}],"wp:attachment":[{"href":"https:\/\/gpl-love.com\/fr\/wp-json\/wp\/v2\/media?parent=121645"}],"wp:term":[{"taxonomy":"product_brand","embeddable":true,"href":"https:\/\/gpl-love.com\/fr\/wp-json\/wp\/v2\/product_brand?post=121645"},{"taxonomy":"product_cat","embeddable":true,"href":"https:\/\/gpl-love.com\/fr\/wp-json\/wp\/v2\/product_cat?post=121645"},{"taxonomy":"product_tag","embeddable":true,"href":"https:\/\/gpl-love.com\/fr\/wp-json\/wp\/v2\/product_tag?post=121645"}],"curies":[{"name":"wp","href":"https:\/\/api.w.org\/{rel}","templated":true}]}}