{"id":121642,"date":"2021-02-09T00:00:00","date_gmt":"2021-02-08T23:00:00","guid":{"rendered":"https:\/\/gpl-love.com\/fr\/produit\/elmastudio-oita-wordpress-theme\/"},"modified":"2026-03-20T23:03:38","modified_gmt":"2026-03-20T22:03:38","slug":"elmastudio-oita-wordpress-theme","status":"publish","type":"product","link":"https:\/\/gpl-love.com\/fr\/produit\/elmastudio-oita-wordpress-theme\/","title":{"rendered":"ElmaStudio Oita WordPress Theme 1.0.7"},"content":{"rendered":"<h3>ElmaStudio Oita WordPress Theme Traits<\/h3>\n<p>Le th\u00e8me Elmastudio Oita WordPress poss\u00e8de un design m\u00e9ticuleusement con\u00e7u qui d\u00e9gage l&rsquo;\u00e9l\u00e9gance, ce qui en fait un choix impeccable pour les blogueurs et les cr\u00e9atifs aspirant \u00e0 afficher leurs chefs-d&rsquo;\u0153uvre d&rsquo;une mani\u00e8re \u00e9l\u00e9gante et contemporaine. Avec sa page d&rsquo;accueil hautement adaptable, les utilisateurs ont la libert\u00e9 de s\u00e9lectionner la disposition qui convient le mieux \u00e0 leurs pr\u00e9f\u00e9rences, tandis que le th\u00e8me lui-m\u00eame est accompagn\u00e9 d&rsquo;une pl\u00e9thore de mod\u00e8les de page pr\u00e9fabriqu\u00e9s, acc\u00e9l\u00e9rant le processus de cr\u00e9ation de pages \u00e9tonnantes sans effort. De plus, ce th\u00e8me transcende les limites des appareils, car sa r\u00e9activit\u00e9 compl\u00e8te garantit une exp\u00e9rience visuellement captivante sur toutes les plateformes. De plus, le large \u00e9ventail d&rsquo;options personnalisables du th\u00e8me permet aux utilisateurs d&rsquo;infuser leur propre touche personnelle, permettant un site Web vraiment unique et sur mesure. Que ce soit un blogueur prolifique, un photographe de renom ou un artiste visionnaire, le th\u00e8me Elmastudio Oita WordPress s&rsquo;av\u00e8re \u00eatre un choix in\u00e9gal\u00e9 pour ceux qui cherchent \u00e0 fa\u00e7onner une plate-forme en ligne impressionnante, pr\u00e9sentant efficacement leurs efforts artistiques.<\/p>\n<ul>\n<li>Design \u00e9l\u00e9gant et moderne en mettant l&rsquo;accent sur la typographie et l&rsquo;espace<\/li>\n<li>Options de mise en page polyvalente pour la personnalisation et la flexibilit\u00e9<\/li>\n<li>Compatibilit\u00e9 compl\u00e8te avec la derni\u00e8re version de WordPress<\/li>\n<li>Conception r\u00e9active qui a fi\u00e8re allure sur tous les appareils et tailles d&rsquo;\u00e9cran<\/li>\n<li>Panneau de personnalisation facile \u00e0 utiliser pour des modifications rapides et faciles<\/li>\n<li>Comprend des widgets personnalis\u00e9s pour afficher des publications populaires et des liens de m\u00e9dias sociaux<\/li>\n<li>Int\u00e9gration avec des plugins populaires tels que WooCommerce et Formulaire de contact 7<\/li>\n<li>Code propre et bien organis\u00e9 pour des temps de chargement rapides et une personnalisation facile<\/li>\n<li>Documentation compl\u00e8te et support client pour l&rsquo;assistance et le d\u00e9pannage<\/li>\n<\/ul>\n","protected":false},"excerpt":{"rendered":"<p>Le th\u00e8me Elmastudio Oita WordPress est un th\u00e8me \u00e9l\u00e9gant et discret qui est bien adapt\u00e9 \u00e0 un \u00e9ventail diversifi\u00e9 d&rsquo;individus et d&rsquo;entit\u00e9s, y compris des blogueurs, des photographes et des entreprises. Son design est caract\u00e9ris\u00e9 par sa simplicit\u00e9 et son esth\u00e9tique contemporaine, permettant \u00e0 votre contenu de prendre le devant de la sc\u00e8ne et de captiver votre public. Notamment, ce th\u00e8me offre une pl\u00e9thore d&rsquo;options de personnalisation qui vous offrent la flexibilit\u00e9 de personnaliser votre site Web pour vous aligner sur votre identit\u00e9 de marque unique. Ces options incluent la possibilit\u00e9 d&rsquo;incorporer des images d&rsquo;en-t\u00eate personnalis\u00e9es, d&rsquo;int\u00e9grer des ic\u00f4nes de m\u00e9dias sociaux et de s\u00e9lectionner des sch\u00e9mas de couleurs qui sont un reflet pr\u00e9cis de votre marque. De plus, ce th\u00e8me est pleinement r\u00e9actif, ce qui signifie qu&rsquo;il s&rsquo;adapte sans effort \u00e0 tout appareil et garantit que votre site Web maintient son attrait visuel quelle que soit la taille de l&rsquo;\u00e9cran. En utilisant le th\u00e8me Elmastudio Oita WordPress, vous avez la possibilit\u00e9 de cr\u00e9er un site Web qui d\u00e9gage le professionnalisme et la sophistication, vous diff\u00e9renciant efficacement des concurrents et laissant une impression durable sur les visiteurs.<\/p>\n","protected":false},"featured_media":143722,"comment_status":"open","ping_status":"open","template":"","meta":[],"product_brand":[2535],"product_cat":[1242,1212,1213],"product_tag":[2305],"class_list":{"0":"post-121642","1":"product","2":"type-product","3":"status-publish","4":"has-post-thumbnail","6":"product_brand-elma-studio","7":"product_cat-creatif","8":"product_cat-themes","9":"product_cat-wordpress-themes","10":"product_tag-elma-studio","11":"member-discount","12":"discount-restricted","14":"first","15":"instock","16":"sale","17":"downloadable","18":"virtual","19":"sold-individually","20":"purchasable","21":"product-type-simple"},"_links":{"self":[{"href":"https:\/\/gpl-love.com\/fr\/wp-json\/wp\/v2\/product\/121642","targetHints":{"allow":["GET"]}}],"collection":[{"href":"https:\/\/gpl-love.com\/fr\/wp-json\/wp\/v2\/product"}],"about":[{"href":"https:\/\/gpl-love.com\/fr\/wp-json\/wp\/v2\/types\/product"}],"replies":[{"embeddable":true,"href":"https:\/\/gpl-love.com\/fr\/wp-json\/wp\/v2\/comments?post=121642"}],"wp:featuredmedia":[{"embeddable":true,"href":"https:\/\/gpl-love.com\/fr\/wp-json\/wp\/v2\/media\/143722"}],"wp:attachment":[{"href":"https:\/\/gpl-love.com\/fr\/wp-json\/wp\/v2\/media?parent=121642"}],"wp:term":[{"taxonomy":"product_brand","embeddable":true,"href":"https:\/\/gpl-love.com\/fr\/wp-json\/wp\/v2\/product_brand?post=121642"},{"taxonomy":"product_cat","embeddable":true,"href":"https:\/\/gpl-love.com\/fr\/wp-json\/wp\/v2\/product_cat?post=121642"},{"taxonomy":"product_tag","embeddable":true,"href":"https:\/\/gpl-love.com\/fr\/wp-json\/wp\/v2\/product_tag?post=121642"}],"curies":[{"name":"wp","href":"https:\/\/api.w.org\/{rel}","templated":true}]}}