{"id":121639,"date":"2022-02-19T00:00:00","date_gmt":"2022-02-18T23:00:00","guid":{"rendered":"https:\/\/gpl-love.com\/fr\/produit\/elmastudio-neubau-wordpress-theme\/"},"modified":"2026-03-20T23:03:37","modified_gmt":"2026-03-20T22:03:37","slug":"elmastudio-neubau-wordpress-theme","status":"publish","type":"product","link":"https:\/\/gpl-love.com\/fr\/produit\/elmastudio-neubau-wordpress-theme\/","title":{"rendered":"ElmaStudio Neubau WordPress Theme 1.0.10"},"content":{"rendered":"<h3>ElmaStudio Neubau WordPress Theme Traits<\/h3>\n<p>Le th\u00e8me WordPress Elmastudio Neubau, un th\u00e8me contemporain et \u00e0 la mode, a \u00e9t\u00e9 m\u00e9ticuleusement con\u00e7u pour offrir une esth\u00e9tique \u00e9l\u00e9gante et discr\u00e8te pour votre site Web. B\u00e9n\u00e9ficiant d&rsquo;une disposition enti\u00e8rement r\u00e9active, ce th\u00e8me s&rsquo;adapte sans effort \u00e0 n&rsquo;importe quelle dimension d&rsquo;appareil et d&rsquo;\u00e9cran, garantissant la plus grande compatibilit\u00e9. De plus, il englobe un vaste \u00e9ventail de possibilit\u00e9s de personnalisation, vous accordant la possibilit\u00e9 d&rsquo;adapter sans effort les aspects visuels et op\u00e9rationnels de votre site Web. Avec son interface conviviale et ses capacit\u00e9s formidables, le th\u00e8me Elmastudio Neubau WordPress est sans aucun doute une option exemplaire pour les personnes cherchant \u00e0 forger un site Web qui d\u00e9gage le professionnalisme et l&rsquo;attrait.<\/p>\n<ul>\n<li>Conception minimaliste et moderne pour les sites Web WordPress<\/li>\n<li>Disposition enti\u00e8rement r\u00e9active pour une visualisation transparente sur tous les appareils<\/li>\n<li>En-t\u00eate et pied de page personnalisables, ainsi qu&rsquo;une gamme d&rsquo;options de couleurs<\/li>\n<li>Portfolio minimaliste et dispositions de blog<\/li>\n<li>Page de page de glisser-d\u00e9poser intuitive<\/li>\n<li>Documentation compl\u00e8te et support client rapide et fiable<\/li>\n<li>Compatible avec les plugins WordPress populaires<\/li>\n<li>Pr\u00e9sentation de la traduction pour le public mondial<\/li>\n<li>Acc\u00e8s aux mises \u00e0 jour et am\u00e9liorations du th\u00e8me r\u00e9gulier<\/li>\n<\/ul>\n","protected":false},"excerpt":{"rendered":"<p>Le th\u00e8me Neubau WordPress d&rsquo;Elmastudio est un th\u00e8me exquis et \u00e0 la mode qui est impeccablement adapt\u00e9 pour exposer vos efforts artistiques ou maintenir un blog personnel. Sa conception est enti\u00e8rement r\u00e9active, garantissant que votre site Web appara\u00eetra splendide sur n&rsquo;importe quel appareil. De plus, ce th\u00e8me offre un tableau d&rsquo;options de page d&rsquo;accueil et de mise en page diverses, vous permettant d&rsquo;adapter votre site \u00e0 vos pr\u00e9f\u00e9rences sp\u00e9cifiques. De plus, il propose des sch\u00e9mas de couleurs personnalisables et facilite l&rsquo;int\u00e9gration de plugins tr\u00e8s recherch\u00e9s tels que WooCommerce et Jetpack. De plus, le th\u00e8me poss\u00e8de des fonctionnalit\u00e9s de personnalisation conviviales, qui vous permettent de l&rsquo;adapter sans effort \u00e0 votre style et exigences distinctifs. Dans l&rsquo;ensemble, le th\u00e8me Neubau WordPress d&rsquo;Elmastudio est un choix poli et adaptable pour les individus \u00e0 la recherche d&rsquo;un th\u00e8me WordPress professionnel et personnalisable.<\/p>\n","protected":false},"featured_media":143721,"comment_status":"open","ping_status":"open","template":"","meta":[],"product_brand":[2535],"product_cat":[1516,1212,1213],"product_tag":[2305],"class_list":{"0":"post-121639","1":"product","2":"type-product","3":"status-publish","4":"has-post-thumbnail","6":"product_brand-elma-studio","7":"product_cat-entreprise","8":"product_cat-themes","9":"product_cat-wordpress-themes","10":"product_tag-elma-studio","11":"member-discount","12":"discount-restricted","14":"first","15":"instock","16":"sale","17":"downloadable","18":"virtual","19":"sold-individually","20":"purchasable","21":"product-type-simple"},"_links":{"self":[{"href":"https:\/\/gpl-love.com\/fr\/wp-json\/wp\/v2\/product\/121639","targetHints":{"allow":["GET"]}}],"collection":[{"href":"https:\/\/gpl-love.com\/fr\/wp-json\/wp\/v2\/product"}],"about":[{"href":"https:\/\/gpl-love.com\/fr\/wp-json\/wp\/v2\/types\/product"}],"replies":[{"embeddable":true,"href":"https:\/\/gpl-love.com\/fr\/wp-json\/wp\/v2\/comments?post=121639"}],"wp:featuredmedia":[{"embeddable":true,"href":"https:\/\/gpl-love.com\/fr\/wp-json\/wp\/v2\/media\/143721"}],"wp:attachment":[{"href":"https:\/\/gpl-love.com\/fr\/wp-json\/wp\/v2\/media?parent=121639"}],"wp:term":[{"taxonomy":"product_brand","embeddable":true,"href":"https:\/\/gpl-love.com\/fr\/wp-json\/wp\/v2\/product_brand?post=121639"},{"taxonomy":"product_cat","embeddable":true,"href":"https:\/\/gpl-love.com\/fr\/wp-json\/wp\/v2\/product_cat?post=121639"},{"taxonomy":"product_tag","embeddable":true,"href":"https:\/\/gpl-love.com\/fr\/wp-json\/wp\/v2\/product_tag?post=121639"}],"curies":[{"name":"wp","href":"https:\/\/api.w.org\/{rel}","templated":true}]}}