{"id":121633,"date":"2026-03-04T00:00:00","date_gmt":"2026-03-03T23:00:00","guid":{"rendered":"https:\/\/gpl-love.com\/fr\/produit\/elmastudio-moka-wordpress-theme\/"},"modified":"2026-03-20T23:03:35","modified_gmt":"2026-03-20T22:03:35","slug":"elmastudio-moka-wordpress-theme","status":"publish","type":"product","link":"https:\/\/gpl-love.com\/fr\/produit\/elmastudio-moka-wordpress-theme\/","title":{"rendered":"ElmaStudio Moka WordPress Theme 1.2.4"},"content":{"rendered":"<h3>ElmaStudio Moka WordPress Theme Traits<\/h3>\n<p>Le th\u00e8me Elmastudio Moka WordPress, r\u00e9put\u00e9 pour sa polyvalence exceptionnelle et sa conception moderne de pointe, offre un niveau de flexibilit\u00e9 sans pr\u00e9c\u00e9dent qui permet \u00e0 la personnalisation sans effort de r\u00e9pondre aux besoins distinctifs de tout site Web. Avec son ing\u00e9niosit\u00e9, ce th\u00e8me remarquable poss\u00e8de une disposition vierge et simpliste qui d\u00e9gage de l&rsquo;\u00e9clat, ce qui en fait un match absolu fait au paradis pour les blogueurs en herbe, les photographes talentueux et une myriade d&rsquo;autres professionnels cr\u00e9atifs qui aspirent \u00e0 un design extr\u00eamement \u00e9l\u00e9gant et \u00e9l\u00e9gant \u00e0 amplifier leur pr\u00e9sence en ligne. Incarnant la quintessence de l&rsquo;adaptabilit\u00e9, la nature pleinement r\u00e9active du th\u00e8me garantit que votre site Web d\u00e9gage une magnificence in\u00e9gal\u00e9e \u00e0 travers une pl\u00e9thore d&rsquo;appareils divers. \u00c9quip\u00e9 d&rsquo;une pl\u00e9thore d&rsquo;attributs personnalisables, y compris un assortiment de dispositions de page d&rsquo;accueil, des widgets personnalis\u00e9s ing\u00e9nieux et une int\u00e9gration transparente avec un \u00e9ventail de plugins renomm\u00e9s, tels que le th\u00e8me WooCommerce toujours populaire et Jetpack, l&rsquo;Elmastudio Moka Wordpress \u00e9merge comme un exheposite de l&rsquo;ocosiment expert de l&rsquo;Elmastudio Moka Wordpress \u00e9mettait \u00e9l\u00e9gance et fonctionnalit\u00e9. Combinant de mani\u00e8re transparente la finesse artistique avec la plus grande pratique, ce th\u00e8me impressionnant est un choix exceptionnel pour ceux qui aspirent \u00e0 manifester un site Web professionnel et visuellement captivant de Splendeur in\u00e9gal\u00e9e.<\/p>\n<ul>\n<li>Design tr\u00e8s r\u00e9actif et convivial<\/li>\n<li>Une esth\u00e9tique propre et moderne adapt\u00e9e \u00e0 une vari\u00e9t\u00e9 d&rsquo;entreprises et d&rsquo;industries<\/li>\n<li>Builateur de pages int\u00e9gr\u00e9 pour une personnalisation facile et la cr\u00e9ation de dispositions uniques<\/li>\n<li>Panneau d&rsquo;options de th\u00e8me flexible permettant des couleurs, des polices, des logos personnalis\u00e9s<\/li>\n<li>Optimis\u00e9 pour les moteurs de recherche et les temps de chargement rapide, offrant une excellente exp\u00e9rience utilisateur<\/li>\n<li>Compatible avec les derni\u00e8res mises \u00e0 jour WordPress et les plugins populaires pour des fonctionnalit\u00e9s suppl\u00e9mentaires<\/li>\n<li>Documentation compl\u00e8te et vid\u00e9os de didacticiels pour une configuration et un support faciles<\/li>\n<li>Mises \u00e0 jour r\u00e9guli\u00e8res et support client de l&rsquo;\u00e9quipe d&rsquo;Elmastudio<\/li>\n<li>Options d&rsquo;utilisation polyvalente, y compris la cr\u00e9ation de blogs professionnels, de portefeuilles et de boutiques en ligne<\/li>\n<\/ul>\n","protected":false},"excerpt":{"rendered":"<p>Le th\u00e8me Moka WordPress, d\u00e9velopp\u00e9 par Elmastudio, est un th\u00e8me extr\u00eamement con\u00e7u et contemporain qui sert de choix impeccable pour les blogueurs, les cr\u00e9atifs et les propri\u00e9taires d&rsquo;entreprises \u00e0 petite \u00e9chelle. Avec son esth\u00e9tique sophistiqu\u00e9e et une pl\u00e9thore de fonctionnalit\u00e9s personnalisables, ce th\u00e8me offre une occasion in\u00e9gal\u00e9e de fa\u00e7onner un site Web qui est vraiment repr\u00e9sentatif de sa marque ou de sa soci\u00e9t\u00e9 personnelle. De plus, le th\u00e8me poss\u00e8de une r\u00e9activit\u00e9 compl\u00e8te et une convivialit\u00e9 intuitive, ce qui le rend \u00e9galement adapt\u00e9 aux utilisateurs naissants et chevronn\u00e9s WordPress. Que votre objectif soit de pr\u00e9senter votre portefeuille, de faciliter la vente de marchandises ou de diffuser votre derni\u00e8re entr\u00e9e de blog, le th\u00e8me Elmastudio Moka WordPress est \u00e9quip\u00e9 de tous les outils essentiels n\u00e9cessaires pour mat\u00e9rialiser un site Web visuellement frappant et hautement fonctionnel.<\/p>\n","protected":false},"featured_media":143719,"comment_status":"open","ping_status":"open","template":"","meta":[],"product_brand":[2535],"product_cat":[1516,1212,1213],"product_tag":[2305],"class_list":{"0":"post-121633","1":"product","2":"type-product","3":"status-publish","4":"has-post-thumbnail","6":"product_brand-elma-studio","7":"product_cat-entreprise","8":"product_cat-themes","9":"product_cat-wordpress-themes","10":"product_tag-elma-studio","11":"member-discount","12":"discount-restricted","14":"first","15":"instock","16":"sale","17":"downloadable","18":"virtual","19":"sold-individually","20":"purchasable","21":"product-type-simple"},"_links":{"self":[{"href":"https:\/\/gpl-love.com\/fr\/wp-json\/wp\/v2\/product\/121633","targetHints":{"allow":["GET"]}}],"collection":[{"href":"https:\/\/gpl-love.com\/fr\/wp-json\/wp\/v2\/product"}],"about":[{"href":"https:\/\/gpl-love.com\/fr\/wp-json\/wp\/v2\/types\/product"}],"replies":[{"embeddable":true,"href":"https:\/\/gpl-love.com\/fr\/wp-json\/wp\/v2\/comments?post=121633"}],"wp:featuredmedia":[{"embeddable":true,"href":"https:\/\/gpl-love.com\/fr\/wp-json\/wp\/v2\/media\/143719"}],"wp:attachment":[{"href":"https:\/\/gpl-love.com\/fr\/wp-json\/wp\/v2\/media?parent=121633"}],"wp:term":[{"taxonomy":"product_brand","embeddable":true,"href":"https:\/\/gpl-love.com\/fr\/wp-json\/wp\/v2\/product_brand?post=121633"},{"taxonomy":"product_cat","embeddable":true,"href":"https:\/\/gpl-love.com\/fr\/wp-json\/wp\/v2\/product_cat?post=121633"},{"taxonomy":"product_tag","embeddable":true,"href":"https:\/\/gpl-love.com\/fr\/wp-json\/wp\/v2\/product_tag?post=121633"}],"curies":[{"name":"wp","href":"https:\/\/api.w.org\/{rel}","templated":true}]}}