{"id":121630,"date":"2021-02-09T00:00:00","date_gmt":"2021-02-08T23:00:00","guid":{"rendered":"https:\/\/gpl-love.com\/fr\/produit\/elmastudio-meola-wordpress-theme\/"},"modified":"2026-03-20T23:03:34","modified_gmt":"2026-03-20T22:03:34","slug":"elmastudio-meola-wordpress-theme","status":"publish","type":"product","link":"https:\/\/gpl-love.com\/fr\/produit\/elmastudio-meola-wordpress-theme\/","title":{"rendered":"ElmaStudio Meola WordPress Theme 1.0.7"},"content":{"rendered":"<h3>ElmaStudio Meola WordPress Theme Traits<\/h3>\n<p>Le th\u00e8me Meola WordPress, d\u00e9velopp\u00e9 par Elmastudio, est une solution de conception Web exquise et contemporaine qui offre une abondance de choix personnalisables pour fa\u00e7onner une existence en ligne visuellement captivante. Dot\u00e9 d&rsquo;une interface non seulement conviviale mais \u00e9galement remplie d&rsquo;une gamme de dispositions pr\u00e9d\u00e9finies, les utilisateurs peuvent fabriquer rapidement et sans effort un site Web \u00e0 la fois distinctif et raffin\u00e9 professionnellement. De plus, ce th\u00e8me est enti\u00e8rement r\u00e9actif, le rendant id\u00e9alement adapt\u00e9 \u00e0 l&rsquo;affichage transparent sur tous les appareils, tout en offrant une myriade de fonctionnalit\u00e9s, y compris la possibilit\u00e9 de personnaliser les en-t\u00eates, les pieds de page et d&rsquo;int\u00e9grer de mani\u00e8re transparente les plateformes de m\u00e9dias sociaux, entre autres. Pour les blogueurs, les cr\u00e9atifs et les propri\u00e9taires de petites entreprises qui cherchent \u00e0 augmenter leur pr\u00e9sence num\u00e9rique, Meola repr\u00e9sente le summum de la s\u00e9lection.<\/p>\n<ul>\n<li>Un th\u00e8me WordPress moderne et \u00e9l\u00e9gant<\/li>\n<li>Design enti\u00e8rement r\u00e9actif et convivial<\/li>\n<li>Page d&rsquo;accueil multiples et options de mise en page<\/li>\n<li>Sch\u00e9ma de couleurs personnalisable et param\u00e8tres de typographie<\/li>\n<li>Formats de poteau de curseur et de galerie pour pr\u00e9senter du contenu visuel<\/li>\n<li>Int\u00e9gration des m\u00e9dias sociaux pour le partage facile et le suivi<\/li>\n<li>Caract\u00e9ristiques d&rsquo;optimisation des moteurs de recherche int\u00e9gr\u00e9es<\/li>\n<li>Compatible avec les plugins WordPress populaires pour des fonctionnalit\u00e9s ajout\u00e9es<\/li>\n<li>Support client fiable et mises \u00e0 jour de th\u00e8me fr\u00e9quentes.<\/li>\n<\/ul>\n","protected":false},"excerpt":{"rendered":"<p>Le th\u00e8me Meola WordPress, d\u00e9velopp\u00e9 par Elmastudio, poss\u00e8de un design \u00e9l\u00e9gant et contemporain sp\u00e9cialement adapt\u00e9 pour r\u00e9pondre aux besoins des blogueurs et des professionnels cr\u00e9atifs. Son esth\u00e9tique minimaliste, associ\u00e9e \u00e0 sa typographie propre et \u00e0 sa vaste gamme d&rsquo;options de page d&rsquo;accueil personnalisables, permet aux utilisateurs de pr\u00e9senter efficacement leur contenu d&rsquo;une mani\u00e8re visuellement \u00e9tonnante et captivante. De plus, ce th\u00e8me propose un \u00e9ventail de fonctionnalit\u00e9s impressionnantes telles que l&rsquo;int\u00e9gration des polices Google, une connectivit\u00e9 des m\u00e9dias sociaux sans couture et une conception enti\u00e8rement r\u00e9active qui garantit une pr\u00e9sentation optimale sur n&rsquo;importe quelle taille ou appareil d&rsquo;\u00e9cran. Ind\u00e9pendamment de savoir si l&rsquo;on fonctionne comme blogueur, photographe ou m\u00eame propri\u00e9taire d&rsquo;une petite entreprise, le th\u00e8me Meola WordPress sert de choix incroyablement adaptable et sophistiqu\u00e9, qui autorise sans aucun doute les individus \u00e0 \u00e9tablir une pr\u00e9sence en ligne notable.<\/p>\n","protected":false},"featured_media":143718,"comment_status":"open","ping_status":"open","template":"","meta":[],"product_brand":[2535],"product_cat":[1242,1212,1213],"product_tag":[2305],"class_list":{"0":"post-121630","1":"product","2":"type-product","3":"status-publish","4":"has-post-thumbnail","6":"product_brand-elma-studio","7":"product_cat-creatif","8":"product_cat-themes","9":"product_cat-wordpress-themes","10":"product_tag-elma-studio","11":"member-discount","12":"discount-restricted","14":"first","15":"instock","16":"sale","17":"downloadable","18":"virtual","19":"sold-individually","20":"purchasable","21":"product-type-simple"},"_links":{"self":[{"href":"https:\/\/gpl-love.com\/fr\/wp-json\/wp\/v2\/product\/121630","targetHints":{"allow":["GET"]}}],"collection":[{"href":"https:\/\/gpl-love.com\/fr\/wp-json\/wp\/v2\/product"}],"about":[{"href":"https:\/\/gpl-love.com\/fr\/wp-json\/wp\/v2\/types\/product"}],"replies":[{"embeddable":true,"href":"https:\/\/gpl-love.com\/fr\/wp-json\/wp\/v2\/comments?post=121630"}],"wp:featuredmedia":[{"embeddable":true,"href":"https:\/\/gpl-love.com\/fr\/wp-json\/wp\/v2\/media\/143718"}],"wp:attachment":[{"href":"https:\/\/gpl-love.com\/fr\/wp-json\/wp\/v2\/media?parent=121630"}],"wp:term":[{"taxonomy":"product_brand","embeddable":true,"href":"https:\/\/gpl-love.com\/fr\/wp-json\/wp\/v2\/product_brand?post=121630"},{"taxonomy":"product_cat","embeddable":true,"href":"https:\/\/gpl-love.com\/fr\/wp-json\/wp\/v2\/product_cat?post=121630"},{"taxonomy":"product_tag","embeddable":true,"href":"https:\/\/gpl-love.com\/fr\/wp-json\/wp\/v2\/product_tag?post=121630"}],"curies":[{"name":"wp","href":"https:\/\/api.w.org\/{rel}","templated":true}]}}