{"id":121627,"date":"2022-02-19T00:00:00","date_gmt":"2022-02-18T23:00:00","guid":{"rendered":"https:\/\/gpl-love.com\/fr\/produit\/elmastudio-kiore-moana-wordpress-theme\/"},"modified":"2026-03-20T23:03:34","modified_gmt":"2026-03-20T22:03:34","slug":"elmastudio-kiore-moana-wordpress-theme","status":"publish","type":"product","link":"https:\/\/gpl-love.com\/fr\/produit\/elmastudio-kiore-moana-wordpress-theme\/","title":{"rendered":"ElmaStudio Kiore Moana WordPress Theme 1.0.9"},"content":{"rendered":"<h3>ElmaStudio Kiore Moana WordPress Theme Traits<\/h3>\n<p>Le th\u00e8me Elmastudio Kiore Moana WordPress a acquis une reconnaissance pour ses attributs visuellement \u00e9tonnants et hautement personnalisables, ce qui en fait une option de conception de site Web id\u00e9ale pour les utilisateurs de WordPress. Il poss\u00e8de un design moderne et propre qui fait appel aux blogueurs, aux photographes et aux professionnels de la cr\u00e9ation qui cherchent \u00e0 exposer leur travail d&rsquo;une mani\u00e8re qui captise et fassine. De plus, ce th\u00e8me est enti\u00e8rement r\u00e9actif et propose un \u00e9ventail d&rsquo;options de personnalisation, englobant des choix de polices, des sch\u00e9mas de couleurs et des options de mise en page, permettant ainsi aux utilisateurs de fa\u00e7onner un site Web qui est in\u00e9gal\u00e9 et sur mesure. En outre, le th\u00e8me Elmastudio Kiore Moana WordPress se distingue en fournissant des outils de personnalisation faciles \u00e0 utiliser, ce qui le rend un excellent choix pour les personnes aspirant \u00e0 fa\u00e7onner une pr\u00e9sence en ligne audacieuse et inoubliable.<\/p>\n<ul>\n<li>Th\u00e8me WordPress con\u00e7u par des professionnels avec une esth\u00e9tique propre et moderne<\/li>\n<li>Page d&rsquo;accueil personnalisable avec plusieurs options de mise en page<\/li>\n<li>Fonction de curseur int\u00e9gr\u00e9 pour pr\u00e9senter des images et du contenu<\/li>\n<li>Customateur de th\u00e8me facile \u00e0 utiliser pour la personnalisation des couleurs, des polices et plus<\/li>\n<li>Conception r\u00e9active pour une visualisation optimale sur les appareils mobiles<\/li>\n<li>Mod\u00e8les de page personnalis\u00e9s inclus pour cr\u00e9er des pages uniques<\/li>\n<li>Intrez facilement avec les plugins WordPress populaires pour des fonctionnalit\u00e9s ajout\u00e9es<\/li>\n<li>Documentation d\u00e9taill\u00e9e et soutien d\u00e9di\u00e9 \u00e0 une exp\u00e9rience sans stress<\/li>\n<li>Traduction pr\u00eate \u00e0 \u00eatre utilis\u00e9e dans n&rsquo;importe quelle langue<\/li>\n<li>Mises \u00e0 jour r\u00e9guli\u00e8res pour assurer la compatibilit\u00e9 avec la derni\u00e8re version de WordPress<\/li>\n<\/ul>\n","protected":false},"excerpt":{"rendered":"<p>Le th\u00e8me WordPress Elmastudio Kiore Moana appara\u00eet comme un th\u00e8me WordPress extr\u00eamement fa\u00e7onn\u00e9 et extr\u00eamement fonctionnel qui est un choix id\u00e9al pour les blogueurs, les \u00e9crivains et les individus qui aspirent \u00e0 cr\u00e9er un site Web resplendissant. Poss\u00e9dant un design immacul\u00e9 et contemporain, ce th\u00e8me offre une exp\u00e9rience conviviale et des options de personnalisation in\u00e9gal\u00e9es. Par cons\u00e9quent, vous \u00eates autoris\u00e9 \u00e0 forger un site Web qui repr\u00e9sente authentiquement votre style distinctif et votre identit\u00e9 de marque. Les fonctionnalit\u00e9s remarquables englobent une conception r\u00e9active, la capacit\u00e9 de personnaliser les sch\u00e9mas de couleurs, une myriade d&rsquo;alternatives de mise en page et la compatibilit\u00e9 avec des plugins recherch\u00e9s comme WooCommerce et Jetpack. Que vous vous aventurez dans le domaine num\u00e9rique ou que vous vous efforcons avec impatience d&rsquo;\u00e9lever votre site Web existant, le th\u00e8me Elmastudio Kiore Moana WordPress est le choix par excellence.<\/p>\n","protected":false},"featured_media":143717,"comment_status":"open","ping_status":"open","template":"","meta":[],"product_brand":[2535],"product_cat":[1220,1212,1213],"product_tag":[2305],"class_list":{"0":"post-121627","1":"product","2":"type-product","3":"status-publish","4":"has-post-thumbnail","6":"product_brand-elma-studio","7":"product_cat-blog-magazine","8":"product_cat-themes","9":"product_cat-wordpress-themes","10":"product_tag-elma-studio","11":"member-discount","12":"discount-restricted","14":"first","15":"instock","16":"sale","17":"downloadable","18":"virtual","19":"sold-individually","20":"purchasable","21":"product-type-simple"},"_links":{"self":[{"href":"https:\/\/gpl-love.com\/fr\/wp-json\/wp\/v2\/product\/121627","targetHints":{"allow":["GET"]}}],"collection":[{"href":"https:\/\/gpl-love.com\/fr\/wp-json\/wp\/v2\/product"}],"about":[{"href":"https:\/\/gpl-love.com\/fr\/wp-json\/wp\/v2\/types\/product"}],"replies":[{"embeddable":true,"href":"https:\/\/gpl-love.com\/fr\/wp-json\/wp\/v2\/comments?post=121627"}],"wp:featuredmedia":[{"embeddable":true,"href":"https:\/\/gpl-love.com\/fr\/wp-json\/wp\/v2\/media\/143717"}],"wp:attachment":[{"href":"https:\/\/gpl-love.com\/fr\/wp-json\/wp\/v2\/media?parent=121627"}],"wp:term":[{"taxonomy":"product_brand","embeddable":true,"href":"https:\/\/gpl-love.com\/fr\/wp-json\/wp\/v2\/product_brand?post=121627"},{"taxonomy":"product_cat","embeddable":true,"href":"https:\/\/gpl-love.com\/fr\/wp-json\/wp\/v2\/product_cat?post=121627"},{"taxonomy":"product_tag","embeddable":true,"href":"https:\/\/gpl-love.com\/fr\/wp-json\/wp\/v2\/product_tag?post=121627"}],"curies":[{"name":"wp","href":"https:\/\/api.w.org\/{rel}","templated":true}]}}