{"id":121624,"date":"2022-02-19T00:00:00","date_gmt":"2022-02-18T23:00:00","guid":{"rendered":"https:\/\/gpl-love.com\/fr\/produit\/elmastudio-hawea-wordpress-theme\/"},"modified":"2026-03-20T23:03:33","modified_gmt":"2026-03-20T22:03:33","slug":"elmastudio-hawea-wordpress-theme","status":"publish","type":"product","link":"https:\/\/gpl-love.com\/fr\/produit\/elmastudio-hawea-wordpress-theme\/","title":{"rendered":"ElmaStudio Hawea WordPress Theme 1.1.7"},"content":{"rendered":"<h3>ElmaStudio Hawea WordPress Theme Traits<\/h3>\n<p>Le th\u00e8me WordPress Elmastudio Hawea, avec son esth\u00e9tique moderne et \u00e9l\u00e9gante, r\u00e9pond aux besoins des blogueurs, des photographes et des cr\u00e9atifs. Sa conception propre et minimaliste garantit une exp\u00e9rience conviviale qui place votre contenu \u00e0 l&rsquo;avant-garde. En outre, ce th\u00e8me offre des options de personnalisation approfondies, vous accordant la possibilit\u00e9 de r\u00e9gler tous les aspects, de la typographie et des sch\u00e9mas de couleurs aux mises en page et aux widgets. De plus, il poss\u00e8de un \u00e9ventail de fonctionnalit\u00e9s impressionnantes, comme une conception r\u00e9active qui s&rsquo;adapte de mani\u00e8re transparente \u00e0 diff\u00e9rentes tailles d&rsquo;\u00e9cran, des graphiques haute r\u00e9solution optimis\u00e9s pour les \u00e9crans de r\u00e9tine, ainsi qu&rsquo;une prise en charge compl\u00e8te pour les types et formats de post personnalis\u00e9s. Que vous aspirez \u00e0 cr\u00e9er un blog modeste ou un site Web plus complexe, le th\u00e8me Elmastudio Hawea WordPress excelle comme un choix prudent, combinant de mani\u00e8re transparente l&rsquo;\u00e9l\u00e9gance et la fonctionnalit\u00e9.<\/p>\n<ul>\n<li>Design \u00e9l\u00e9gant et moderne adapt\u00e9 \u00e0 diff\u00e9rents types de sites Web<\/li>\n<li>Disposition enti\u00e8rement r\u00e9active et conviviale pour une visualisation optimale sur n&rsquo;importe quel appareil<\/li>\n<li>Page d&rsquo;accueil personnalisable avec plusieurs zones de widgets et options de t\u00eate et de pied de page personnalisables<\/li>\n<li>Panneau d&rsquo;options de th\u00e8me facile \u00e0 utiliser pour la personnalisation et le r\u00e9glage fin de divers param\u00e8tres de th\u00e8me<\/li>\n<li>Plusieurs options de disposition pour les publications et les pages, y compris les dispositions de pleine largeur, barre lat\u00e9rale et grille<\/li>\n<li>Prend en charge les plugins WordPress populaires tels que WooCommerce, Jetpack et Contact Form 7<\/li>\n<li>SEO optimis\u00e9 pour un meilleur classement des moteurs de recherche<\/li>\n<li>Traduction pr\u00eate pour une localisation facile en plusieurs langues<\/li>\n<li>Assistance client fiable et documentation disponible pour l&rsquo;aide et le d\u00e9pannage<\/li>\n<\/ul>\n","protected":false},"excerpt":{"rendered":"<p>Le th\u00e8me Elmastudio Hawea WordPress est un mod\u00e8le de site Web visuellement captivant et contemporain qui a \u00e9t\u00e9 m\u00e9ticuleusement con\u00e7u pour accorder \u00e0 votre site Web un air de sophistication et de professionnalisme. B\u00e9n\u00e9ficiant d&rsquo;un design \u00e9l\u00e9gant et \u00e9pur\u00e9, le th\u00e8me Hawea s&rsquo;av\u00e8re \u00eatre la toile de fond id\u00e9ale pour pr\u00e9senter une gamme diversifi\u00e9e de contenu, que ce soit votre portfolio, blog ou site Web d&rsquo;entreprise. Notamment, ce th\u00e8me WordPress est non seulement enti\u00e8rement r\u00e9actif mais aussi remarquablement mall\u00e9able, vous offrant une autorit\u00e9 in\u00e9gal\u00e9e pour adapter \u00e0 la fois l&rsquo;apparence et la fonctionnalit\u00e9 de votre site Web \u00e0 vos sp\u00e9cifications exactes. Que vous vous identifiiez en tant qu&rsquo;artiste, photographe ou blogueur, le th\u00e8me Hawea WordPress appara\u00eet ind\u00e9niablement comme un choix optimal pour construire un site Web visuellement et supr\u00eamement fonctionnel qui ne laissera pas une impression durable sur ses visiteurs.<\/p>\n","protected":false},"featured_media":143716,"comment_status":"open","ping_status":"open","template":"","meta":[],"product_brand":[2535],"product_cat":[1238,1444,1212],"product_tag":[2305],"class_list":{"0":"post-121624","1":"product","2":"type-product","3":"status-publish","4":"has-post-thumbnail","6":"product_brand-elma-studio","7":"product_cat-commerce-electronique-themes","8":"product_cat-creatif-commerce-electronique-themes","9":"product_cat-themes","10":"product_tag-elma-studio","11":"member-discount","12":"discount-restricted","14":"first","15":"instock","16":"sale","17":"downloadable","18":"virtual","19":"sold-individually","20":"purchasable","21":"product-type-simple"},"_links":{"self":[{"href":"https:\/\/gpl-love.com\/fr\/wp-json\/wp\/v2\/product\/121624","targetHints":{"allow":["GET"]}}],"collection":[{"href":"https:\/\/gpl-love.com\/fr\/wp-json\/wp\/v2\/product"}],"about":[{"href":"https:\/\/gpl-love.com\/fr\/wp-json\/wp\/v2\/types\/product"}],"replies":[{"embeddable":true,"href":"https:\/\/gpl-love.com\/fr\/wp-json\/wp\/v2\/comments?post=121624"}],"wp:featuredmedia":[{"embeddable":true,"href":"https:\/\/gpl-love.com\/fr\/wp-json\/wp\/v2\/media\/143716"}],"wp:attachment":[{"href":"https:\/\/gpl-love.com\/fr\/wp-json\/wp\/v2\/media?parent=121624"}],"wp:term":[{"taxonomy":"product_brand","embeddable":true,"href":"https:\/\/gpl-love.com\/fr\/wp-json\/wp\/v2\/product_brand?post=121624"},{"taxonomy":"product_cat","embeddable":true,"href":"https:\/\/gpl-love.com\/fr\/wp-json\/wp\/v2\/product_cat?post=121624"},{"taxonomy":"product_tag","embeddable":true,"href":"https:\/\/gpl-love.com\/fr\/wp-json\/wp\/v2\/product_tag?post=121624"}],"curies":[{"name":"wp","href":"https:\/\/api.w.org\/{rel}","templated":true}]}}