{"id":121618,"date":"2022-02-19T00:00:00","date_gmt":"2022-02-18T23:00:00","guid":{"rendered":"https:\/\/gpl-love.com\/fr\/produit\/elmastudio-black-walnut-wordpress-theme\/"},"modified":"2026-03-20T23:03:31","modified_gmt":"2026-03-20T22:03:31","slug":"elmastudio-black-walnut-wordpress-theme","status":"publish","type":"product","link":"https:\/\/gpl-love.com\/fr\/produit\/elmastudio-black-walnut-wordpress-theme\/","title":{"rendered":"ElmaStudio Black Walnut WordPress Theme 1.0.9"},"content":{"rendered":"<h3>ElmaStudio Black Walnut WordPress Theme Traits<\/h3>\n<p>Le th\u00e8me WordPress Elmastudio Black Walnut, rempli de ses caract\u00e9ristiques \u00e9l\u00e9gantes et sophistiqu\u00e9es, se pr\u00e9sente comme un choix attrayant pour les individus d\u00e9sireux d&rsquo;une conception de site Web qui est vierge et d\u00e9pouill\u00e9e. Se distinguant \u00e0 travers une palette de couleurs resplendissante et sombre, ce th\u00e8me d\u00e9gage une aura de raffinement et de professionnalisme. De plus, il b\u00e9n\u00e9ficie de l&rsquo;avantage consid\u00e9rable d&rsquo;\u00eatre hautement personnalisable, ce qui donne aux utilisateurs la possibilit\u00e9 d&rsquo;impr\u00e9gner leurs sites Web avec une touche personnalis\u00e9e. Au-del\u00e0 de son attrait cosm\u00e9tique, le th\u00e8me se targue \u00e9galement de sa convivialit\u00e9, garantissant une exp\u00e9rience de navigation transparente et intuitive pour le propri\u00e9taire du site et les visiteurs. Soulignant son adaptabilit\u00e9, ce th\u00e8me WordPress est dot\u00e9 d&rsquo;une conception r\u00e9active, le rendant compatible avec toutes sortes d&rsquo;appareils et d&rsquo;\u00e9crans. Par cons\u00e9quent, il s&rsquo;agit d&rsquo;un excellent choix pour les personnes qui cherchent \u00e0 cr\u00e9er un site Web qui d\u00e9gage un sens du style et de la modernit\u00e9, tout en pr\u00e9servant les fonctionnalit\u00e9s essentielles et la facilit\u00e9 d&rsquo;utilisation.<\/p>\n<ul>\n<li>Design \u00e9l\u00e9gant et propre<\/li>\n<li>Disposition enti\u00e8rement r\u00e9active<\/li>\n<li>Personnalisation facile via WordPress Customizer<\/li>\n<li>Options puissantes pour cr\u00e9er divers dispositions et mod\u00e8les de page<\/li>\n<li>Belles options de typographie<\/li>\n<li>Compatible avec les plugins WordPress populaires tels que WooCommerce et WPML<\/li>\n<li>Mises \u00e0 jour r\u00e9guli\u00e8res et soutien du d\u00e9veloppeur<\/li>\n<li>L\u00e9ger et optimis\u00e9 pour une vitesse de chargement rapide<\/li>\n<li>Portfolio int\u00e9gr\u00e9 et fonctionnalit\u00e9 de blog<\/li>\n<li>Options de disposition de curseur et de maison unique<\/li>\n<li>Int\u00e9gration transparente avec les plateformes de m\u00e9dias sociaux.<\/li>\n<\/ul>\n","protected":false},"excerpt":{"rendered":"<p>Le th\u00e8me WordPress Elmastudio Black Walnut est un th\u00e8me extr\u00eamement con\u00e7u et contemporain m\u00e9ticuleusement con\u00e7u pour \u00e9lever et enrichir tout site Web WordPress. Avec sa palette de couleurs en noir et blanc juxtapos\u00e9e avec go\u00fbt et harmonieusement, associ\u00e9e aux nuances luxueusement accueillantes et r\u00e9confortantes des accents de bois de noyer, il d\u00e9gage un air d&rsquo;\u00e9l\u00e9gance sophistiqu\u00e9e qui est parfaitement adapt\u00e9e \u00e0 votre contenu captivant. De plus, ce th\u00e8me extraordinaire comprend une multitude d&rsquo;options de personnalisation polyvalente, englobant une vaste gamme de styles de police et de dispositions soigneusement organis\u00e9es, vous accordant une autonomie et une autorit\u00e9 in\u00e9gal\u00e9es sur l&rsquo;identit\u00e9 visuelle et l&rsquo;ambiance de votre domaine num\u00e9rique estim\u00e9. Que vous soyez un \u00e9loge de mots estim\u00e9, un artiste visuel visionnaire ou un entrepreneur astucieux cherchant \u00e0 renforcer votre pr\u00e9sence en ligne, le th\u00e8me WordPress de noyer noir Elmastudio est sans \u00e9quivoque, la solution num\u00e9rique paroi pour manifester un empreinte num\u00e9rique de mani\u00e8re ind\u00e9l\u00e9bile et indubitablement inoubliable.<\/p>\n","protected":false},"featured_media":143714,"comment_status":"open","ping_status":"open","template":"","meta":[],"product_brand":[2535],"product_cat":[1516,1212,1213],"product_tag":[2305],"class_list":{"0":"post-121618","1":"product","2":"type-product","3":"status-publish","4":"has-post-thumbnail","6":"product_brand-elma-studio","7":"product_cat-entreprise","8":"product_cat-themes","9":"product_cat-wordpress-themes","10":"product_tag-elma-studio","11":"member-discount","12":"discount-restricted","14":"first","15":"instock","16":"sale","17":"downloadable","18":"virtual","19":"sold-individually","20":"purchasable","21":"product-type-simple"},"_links":{"self":[{"href":"https:\/\/gpl-love.com\/fr\/wp-json\/wp\/v2\/product\/121618","targetHints":{"allow":["GET"]}}],"collection":[{"href":"https:\/\/gpl-love.com\/fr\/wp-json\/wp\/v2\/product"}],"about":[{"href":"https:\/\/gpl-love.com\/fr\/wp-json\/wp\/v2\/types\/product"}],"replies":[{"embeddable":true,"href":"https:\/\/gpl-love.com\/fr\/wp-json\/wp\/v2\/comments?post=121618"}],"wp:featuredmedia":[{"embeddable":true,"href":"https:\/\/gpl-love.com\/fr\/wp-json\/wp\/v2\/media\/143714"}],"wp:attachment":[{"href":"https:\/\/gpl-love.com\/fr\/wp-json\/wp\/v2\/media?parent=121618"}],"wp:term":[{"taxonomy":"product_brand","embeddable":true,"href":"https:\/\/gpl-love.com\/fr\/wp-json\/wp\/v2\/product_brand?post=121618"},{"taxonomy":"product_cat","embeddable":true,"href":"https:\/\/gpl-love.com\/fr\/wp-json\/wp\/v2\/product_cat?post=121618"},{"taxonomy":"product_tag","embeddable":true,"href":"https:\/\/gpl-love.com\/fr\/wp-json\/wp\/v2\/product_tag?post=121618"}],"curies":[{"name":"wp","href":"https:\/\/api.w.org\/{rel}","templated":true}]}}