{"id":121606,"date":"2022-02-18T00:00:00","date_gmt":"2022-02-17T23:00:00","guid":{"rendered":"https:\/\/gpl-love.com\/fr\/produit\/mythemeshop-writer-wordpress-theme\/"},"modified":"2026-04-10T18:33:28","modified_gmt":"2026-04-10T16:33:28","slug":"mythemeshop-writer-wordpress-theme","status":"publish","type":"product","link":"https:\/\/gpl-love.com\/fr\/produit\/mythemeshop-writer-wordpress-theme\/","title":{"rendered":"MyThemeShop Writer WordPress Theme 1.2.12"},"content":{"rendered":"<h3>MyThemeShop Writer WordPress Theme Traits<\/h3>\n<p>Le th\u00e8me de l&rsquo;\u00e9crivain WordPress de MyTheMeshop est un th\u00e8me exemplaire qui r\u00e9pond sp\u00e9cifiquement aux besoins des \u00e9crivains, des blogueurs et des cr\u00e9ateurs de contenu en g\u00e9n\u00e9ral. Ce th\u00e8me poss\u00e8de une interface conviviale et instinctive qui rationalise le processus de g\u00e9n\u00e9ration et de diffusion de contenu de premier ordre. Les utilisateurs de ce th\u00e8me ont le luxe de personnaliser sans effort leurs sites Web pour s&rsquo;aligner sur leurs pr\u00e9f\u00e9rences, gr\u00e2ce \u00e0 la disponibilit\u00e9 d&rsquo;un large \u00e9ventail de mises en page, d&rsquo;options de typographie et de sch\u00e9mas de couleurs. De plus, le th\u00e8me WordPress de l&rsquo;\u00e9crivain de MyTheMeshop est con\u00e7u pour optimiser les performances, garantissant que votre site Web se charge rapidement et de mani\u00e8re transparente. En r\u00e9sum\u00e9, ce th\u00e8me est une s\u00e9lection exceptionnelle pour les personnes cherchant \u00e0 cr\u00e9er un site Web poli et sophistiqu\u00e9 qui met l&rsquo;accent sur la cr\u00e9ation de contenu.<\/p>\n<ul>\n<li>Conception propre et minimaliste qui am\u00e9liore l&rsquo;exp\u00e9rience de lecture<\/li>\n<li>Conception enti\u00e8rement r\u00e9active et adapt\u00e9e aux mobiles qui s&rsquo;adapte \u00e0 n&rsquo;importe quelle taille d&rsquo;\u00e9cran<\/li>\n<li>Un large \u00e9ventail d&rsquo;options de typographie et plus de 630 polices Google<\/li>\n<li>Prend en charge divers formats de poste et permet des mod\u00e8les de poste personnalis\u00e9s<\/li>\n<li>Plusieurs sch\u00e9mas de couleurs et options de fond au choix<\/li>\n<li>SEO optimis\u00e9 avec des options faciles \u00e0 utiliser pour les m\u00e9ta-titres, descriptions et des mots cl\u00e9s<\/li>\n<li>Int\u00e9gration avec les principaux r\u00e9seaux de m\u00e9dias sociaux pour un partage facile<\/li>\n<li>Syst\u00e8me d&rsquo;examen int\u00e9gr\u00e9 pour la notation et la r\u00e9vision des publications<\/li>\n<li>Sections de page d&rsquo;accueil personnalisables pour pr\u00e9senter votre meilleur contenu<\/li>\n<li>Traduction pr\u00eate et compatible avec des sites Web multilingues<\/li>\n<li>Documentation compl\u00e8te et soutien fourni par l&rsquo;\u00e9quipe MyTheMeshop.<\/li>\n<\/ul>\n","protected":false},"excerpt":{"rendered":"<p>Le th\u00e8me WordPress de l&rsquo;\u00e9crivain MyTheMeshop sert de th\u00e8me sophistiqu\u00e9 et raffin\u00e9 sp\u00e9cialement construit pour les blogueurs et les \u00e9crivains visant \u00e0 montrer leurs \u0153uvres cr\u00e9atives. B\u00e9n\u00e9ficiant d&rsquo;une interface conviviale et d&rsquo;une conception r\u00e9active, ce th\u00e8me vous accorde la possibilit\u00e9 de personnaliser sans effort votre site Web, lui accordant finalement un air de professionnalisme. La gamme de fonctionnalit\u00e9s de ce th\u00e8me, y compris plusieurs options de mise en page, la gestion int\u00e9gr\u00e9e des annonces et la typographie personnalisable, vous offre la possibilit\u00e9 de cr\u00e9er une exp\u00e9rience vraiment distinctive et captivante pour votre public. De plus, son inclusion de l&rsquo;optimisation du r\u00e9f\u00e9rencement garantit une visibilit\u00e9 accrue sur divers moteurs de recherche, ce qui en fait un choix id\u00e9al pour les individus qui s&rsquo;efforcent d&rsquo;\u00e9largir leur pr\u00e9sence en ligne. Ne perdez pas de temps \u00e0 lancer votre site Web en acqu\u00e9rant le th\u00e8me WordPress de l&rsquo;\u00e9crivain MyTheMeshop.<\/p>\n","protected":false},"featured_media":144712,"comment_status":"open","ping_status":"open","template":"","meta":[],"product_brand":[2601],"product_cat":[1220,1212,1213],"product_tag":[1309],"class_list":{"0":"post-121606","1":"product","2":"type-product","3":"status-publish","4":"has-post-thumbnail","6":"product_brand-my-theme-shop","7":"product_cat-blog-magazine","8":"product_cat-themes","9":"product_cat-wordpress-themes","10":"product_tag-my-theme-shop","11":"member-discount","12":"discount-restricted","14":"first","15":"instock","16":"sale","17":"downloadable","18":"virtual","19":"sold-individually","20":"purchasable","21":"product-type-simple"},"_links":{"self":[{"href":"https:\/\/gpl-love.com\/fr\/wp-json\/wp\/v2\/product\/121606","targetHints":{"allow":["GET"]}}],"collection":[{"href":"https:\/\/gpl-love.com\/fr\/wp-json\/wp\/v2\/product"}],"about":[{"href":"https:\/\/gpl-love.com\/fr\/wp-json\/wp\/v2\/types\/product"}],"replies":[{"embeddable":true,"href":"https:\/\/gpl-love.com\/fr\/wp-json\/wp\/v2\/comments?post=121606"}],"wp:featuredmedia":[{"embeddable":true,"href":"https:\/\/gpl-love.com\/fr\/wp-json\/wp\/v2\/media\/144712"}],"wp:attachment":[{"href":"https:\/\/gpl-love.com\/fr\/wp-json\/wp\/v2\/media?parent=121606"}],"wp:term":[{"taxonomy":"product_brand","embeddable":true,"href":"https:\/\/gpl-love.com\/fr\/wp-json\/wp\/v2\/product_brand?post=121606"},{"taxonomy":"product_cat","embeddable":true,"href":"https:\/\/gpl-love.com\/fr\/wp-json\/wp\/v2\/product_cat?post=121606"},{"taxonomy":"product_tag","embeddable":true,"href":"https:\/\/gpl-love.com\/fr\/wp-json\/wp\/v2\/product_tag?post=121606"}],"curies":[{"name":"wp","href":"https:\/\/api.w.org\/{rel}","templated":true}]}}