{"id":121604,"date":"2022-02-24T00:00:00","date_gmt":"2022-02-23T23:00:00","guid":{"rendered":"https:\/\/gpl-love.com\/fr\/produit\/mythemeshop-feminine-wordpress-theme\/"},"modified":"2026-04-10T18:32:54","modified_gmt":"2026-04-10T16:32:54","slug":"mythemeshop-feminine-wordpress-theme","status":"publish","type":"product","link":"https:\/\/gpl-love.com\/fr\/produit\/mythemeshop-feminine-wordpress-theme\/","title":{"rendered":"MyThemeShop Feminine WordPress Theme 2.2.6"},"content":{"rendered":"<h3>MyThemeShop Feminine WordPress Theme Traits<\/h3>\n<p>Le th\u00e8me WordPress f\u00e9minin MyTheShop, un design visuellement attrayant et sophistiqu\u00e9, a \u00e9t\u00e9 m\u00e9ticuleusement con\u00e7u avec l&rsquo;intention de s&rsquo;adresser aux blogueuses ou aux entreprises qui souhaitent une touche de f\u00e9minit\u00e9 sur leur plate-forme en ligne. Ce th\u00e8me poss\u00e8de une disposition r\u00e9active qui est enti\u00e8rement optimis\u00e9e pour divers appareils mobiles, garantissant que vos pr\u00e9cieux lecteurs peuvent acc\u00e9der sans effort \u00e0 votre contenu \u00e0 partir de tout gadget technologique qu&rsquo;ils poss\u00e8dent. De plus, ce th\u00e8me remarquable a \u00e9t\u00e9 con\u00e7u pour \u00eatre convivial, garantissant que votre site Web sera facilement d\u00e9couverte par des moteurs de recherche importants. Notamment, le th\u00e8me WordPress f\u00e9minin MyTheShop offre une pl\u00e9thore d&rsquo;options de personnalisation qui englobent un \u00e9ventail de sch\u00e9mas de couleurs, de polices et de dispositions, vous permettant par la suite de fa\u00e7onner un site Web distinctif et personnalis\u00e9 qui est un v\u00e9ritable reflet de l&rsquo;identit\u00e9 de votre marque. En outre, le th\u00e8me WordPress f\u00e9minin MyTheShop est \u00e9quip\u00e9 d&rsquo;une vaste gamme de fonctionnalit\u00e9s, qui incluent l&rsquo;int\u00e9gration des m\u00e9dias sociaux transparent, des widgets personnalis\u00e9s et un groupe d&rsquo;options puissant, facilitant ainsi la gestion sans effort de votre site Web et favorise l&rsquo;engagement avec votre public estim\u00e9. En r\u00e9sum\u00e9, le th\u00e8me WordPress f\u00e9minin mytheshop \u00e9merge sans aucun doute comme un choix exceptionnel pour tout individu \u00e0 la recherche d&rsquo;un th\u00e8me visuellement captivant et fonctionnellement sup\u00e9rieur qui embrasse et s&rsquo;adresse \u00e0 l&rsquo;esth\u00e9tique f\u00e9minine.<\/p>\n<ul>\n<li>Un th\u00e8me WordPress magnifique et \u00e9l\u00e9gant avec une touche f\u00e9minine<\/li>\n<li>Facile \u00e0 installer et \u00e0 personnaliser avec une interface conviviale et intuitive<\/li>\n<li>Enti\u00e8rement r\u00e9actif et convivial, compatible avec tous les appareils et tailles d&rsquo;\u00e9cran<\/li>\n<li>Plusieurs options de page d&rsquo;accueil et de disposition de blog \u00e0 choisir<\/li>\n<li>Sections d&rsquo;en-t\u00eate et de pied de page personnalisables pour ajouter votre propre logo, menu et autres contenus<\/li>\n<li>Int\u00e9gration int\u00e9gr\u00e9e des m\u00e9dias sociaux et options de partage pour une augmentation de l&rsquo;engagement et de la visibilit\u00e9<\/li>\n<li>Conception de r\u00e9f\u00e9rencement pour augmenter le classement des moteurs de recherche de votre site Web<\/li>\n<li>Examen int\u00e9gr\u00e9 et syst\u00e8me de notation pour les avis sur les produits et les services<\/li>\n<li>\u00c9quipe de support d\u00e9di\u00e9e disponible pour aider \u00e0 tous les probl\u00e8mes ou questions que vous pourriez avoir<\/li>\n<li>Mises \u00e0 jour et am\u00e9liorations r\u00e9guli\u00e8res pour assurer la compatibilit\u00e9 avec les derni\u00e8res versions WordPress et Browser.<\/li>\n<\/ul>\n","protected":false},"excerpt":{"rendered":"<p>Le th\u00e8me WordPress f\u00e9minin MyTheShop, qui est illustre pour \u00eatre un th\u00e8me visuellement captivant et modifiable, a \u00e9t\u00e9 exclusivement con\u00e7u pour r\u00e9pondre aux besoins des blogueuses et des entrepreneurs en herbe. B\u00e9n\u00e9ficiant d&rsquo;un design \u00e9l\u00e9gant et contemporain, ce th\u00e8me est l&rsquo;incarnation de la perfection pour ceux qui souhaitent montrer leur ing\u00e9niosit\u00e9 et leur panache. Ses mises en page de page d&rsquo;accueil multiples, divers types de messages et une vaste gamme d&rsquo;options de personnalisation permettent aux utilisateurs de g\u00e9rer sans effort un site Web distinctif et poli. De plus, la r\u00e9activit\u00e9 compl\u00e8te et l&rsquo;optimisation du r\u00e9f\u00e9rencement de ce th\u00e8me garantissent que votre site Web d\u00e9gagera une esth\u00e9tique extraordinaire et offrira des performances exceptionnelles sur tous les appareils. Que vous soyez un aficionado de la mode, un maven de style de vie ou un propri\u00e9taire d&rsquo;une petite entreprise, le th\u00e8me WordPress f\u00e9minin mytheshop appara\u00eet comme le choix ultime pour actualiser vos aspirations de l&rsquo;\u00e9tablissement d&rsquo;un domaine en ligne resplendissant et florissant.<\/p>\n","protected":false},"featured_media":144663,"comment_status":"open","ping_status":"open","template":"","meta":[],"product_brand":[2601],"product_cat":[1242,1212,1213],"product_tag":[1309],"class_list":{"0":"post-121604","1":"product","2":"type-product","3":"status-publish","4":"has-post-thumbnail","6":"product_brand-my-theme-shop","7":"product_cat-creatif","8":"product_cat-themes","9":"product_cat-wordpress-themes","10":"product_tag-my-theme-shop","11":"member-discount","12":"discount-restricted","14":"first","15":"instock","16":"sale","17":"downloadable","18":"virtual","19":"sold-individually","20":"purchasable","21":"product-type-simple"},"_links":{"self":[{"href":"https:\/\/gpl-love.com\/fr\/wp-json\/wp\/v2\/product\/121604","targetHints":{"allow":["GET"]}}],"collection":[{"href":"https:\/\/gpl-love.com\/fr\/wp-json\/wp\/v2\/product"}],"about":[{"href":"https:\/\/gpl-love.com\/fr\/wp-json\/wp\/v2\/types\/product"}],"replies":[{"embeddable":true,"href":"https:\/\/gpl-love.com\/fr\/wp-json\/wp\/v2\/comments?post=121604"}],"wp:featuredmedia":[{"embeddable":true,"href":"https:\/\/gpl-love.com\/fr\/wp-json\/wp\/v2\/media\/144663"}],"wp:attachment":[{"href":"https:\/\/gpl-love.com\/fr\/wp-json\/wp\/v2\/media?parent=121604"}],"wp:term":[{"taxonomy":"product_brand","embeddable":true,"href":"https:\/\/gpl-love.com\/fr\/wp-json\/wp\/v2\/product_brand?post=121604"},{"taxonomy":"product_cat","embeddable":true,"href":"https:\/\/gpl-love.com\/fr\/wp-json\/wp\/v2\/product_cat?post=121604"},{"taxonomy":"product_tag","embeddable":true,"href":"https:\/\/gpl-love.com\/fr\/wp-json\/wp\/v2\/product_tag?post=121604"}],"curies":[{"name":"wp","href":"https:\/\/api.w.org\/{rel}","templated":true}]}}