{"id":121602,"date":"2022-02-18T00:00:00","date_gmt":"2022-02-17T23:00:00","guid":{"rendered":"https:\/\/gpl-love.com\/fr\/produit\/elegant-themes-styleshop-woocommerce-theme\/"},"modified":"2026-03-20T23:03:12","modified_gmt":"2026-03-20T22:03:12","slug":"elegant-themes-styleshop-woocommerce-theme","status":"publish","type":"product","link":"https:\/\/gpl-love.com\/fr\/produit\/elegant-themes-styleshop-woocommerce-theme\/","title":{"rendered":"Elegant Themes StyleShop WooCommerce Theme 2.2.18"},"content":{"rendered":"<h3>Elegant Themes StyleShop WooCommerce Theme Traits<\/h3>\n<p>Le th\u00e8me des th\u00e8mes \u00e9l\u00e9gants con\u00e7us de mani\u00e8re exquis Styleshop WooCommerce a \u00e9t\u00e9 m\u00e9ticuleusement con\u00e7u pour servir de plate-forme captivante pour que les entreprises affichent leur \u00e9ventail unique de produits de mani\u00e8re professionnelle et raffin\u00e9e. Ce th\u00e8me exceptionnel est rempli d&rsquo;un assortiment de fonctionnalit\u00e9s de pointe qui permettent aux utilisateurs de modeler visuellement les sites Web visuellement qui sont sp\u00e9cifiquement destin\u00e9s \u00e0 optimiser le domaine du commerce \u00e9lectronique. L&rsquo;int\u00e9gration transparente avec WooCommerce accorde aux utilisateurs la commodit\u00e9 in\u00e9gal\u00e9e d&rsquo;\u00e9tablir sans effort leur emporium en ligne et de lancer le processus lucratif de colporter leur marchandise sans aucun retard inutile. B\u00e9n\u00e9ficiant d&rsquo;un design \u00e9l\u00e9gant et contemporain avec go\u00fbt, ce th\u00e8me illustre poss\u00e8de la qualit\u00e9 inestimable d&rsquo;\u00eatre pleinement r\u00e9actif, ce qui le rend particuli\u00e8rement bien adapt\u00e9 \u00e0 la population en constante croissance des utilisateurs mobiles. Avec une interface de tra\u00een\u00e9e et de d\u00e9p\u00f4t remarquablement conviviale, les individus peuvent adapter sans effort leurs sites Web \u00e0 leurs pr\u00e9f\u00e9rences pr\u00e9cises, le tout sans le moindre besoin d&rsquo;une expertise de codage ant\u00e9rieure. Essentiellement, le th\u00e8me \u00e9l\u00e9gant des th\u00e8mes Styleshop WooCommerce sert de la quintessence d&rsquo;une solution par excellence pour les entreprises qui aspirent \u00e0 cultiver une exp\u00e9rience d&rsquo;achat en ligne ind\u00e9l\u00e9bile qui laissera une impression durable sur leur client\u00e8le exigeante.<\/p>\n<ul>\n<li>Beau design moderne parfaitement adapt\u00e9 aux sites Web de commerce \u00e9lectronique<\/li>\n<li>Construit sp\u00e9cifiquement pour une utilisation avec le plugin WooCommerce pour une int\u00e9gration transparente<\/li>\n<li>Enti\u00e8rement r\u00e9actif, garantir que votre site Web a fi\u00e8re allure sur n&rsquo;importe quel appareil<\/li>\n<li>Comprend une page d&rsquo;accueil personnalisable avec curseur en option, sections de produits et de blog en vedette<\/li>\n<li>Livr\u00e9 avec 5 sch\u00e9mas de couleurs pr\u00e9fabriqu\u00e9s et un contr\u00f4le complet sur les couleurs personnalis\u00e9es<\/li>\n<li>Comprend une vari\u00e9t\u00e9 d&rsquo;options de mise en page pour les pages de produits, y compris le zoom d&rsquo;image, la galerie et les options vid\u00e9o<\/li>\n<li>Int\u00e9gration int\u00e9gr\u00e9e des m\u00e9dias sociaux pour le partage et la promotion faciles des produits<\/li>\n<li>Personnalisation facile avec l&rsquo;utilisation du panneau d&rsquo;options de th\u00e8me int\u00e9gr\u00e9<\/li>\n<li>Mises \u00e0 jour r\u00e9guli\u00e8res et soutien continu des th\u00e8mes \u00e9l\u00e9gants<\/li>\n<li>Traduction pr\u00eat pour le public international<\/li>\n<li>Formulaire de contact int\u00e9gr\u00e9 et options d&rsquo;abonnement par e-mail pour une communication client facile et la construction de listes.<\/li>\n<\/ul>\n","protected":false},"excerpt":{"rendered":"<p>Le th\u00e8me \u00e9l\u00e9gant des th\u00e8mes Styleshop WooCommerce se pr\u00e9sente comme un th\u00e8me de commerce \u00e9lectronique contemporain, lisse et sophistiqu\u00e9 explicitement adapt\u00e9 aux magasins en ligne aspirant \u00e0 une exp\u00e9rience qui d\u00e9gage l&rsquo;\u00e9l\u00e9gance et le style. Ce th\u00e8me WordPress poss\u00e8de une gamme compl\u00e8te d&rsquo;attributs, tels qu&rsquo;une disposition enti\u00e8rement r\u00e9active et des fonctionnalit\u00e9s avanc\u00e9es comme une page d&rsquo;accueil personnalisable, des widgets personnalis\u00e9s, un nombre infini de choix de couleurs et un panneau administratif commandant. En raison de son design convivial et facilement navigable, ce th\u00e8me s&rsquo;av\u00e8re \u00eatre un ajustement sans faille pour les commer\u00e7ants en ligne qui s&rsquo;efforcent de montrer leur marchandise de mani\u00e8re captivante et professionnelle. Peu importe si vous vous concentrez dans les domaines de la mode, des accessoires ou de la d\u00e9coration int\u00e9rieure, le th\u00e8me \u00e9l\u00e9gant des th\u00e8mes Styleshop WooCommerce sert incontestablement un atout fiable et fiable, vous permettant de vous diff\u00e9rencier de vos concurrents et d&rsquo;attirer une client\u00e8le plus large.<\/p>\n","protected":false},"featured_media":143695,"comment_status":"open","ping_status":"open","template":"","meta":[],"product_brand":[2511],"product_cat":[1238,1444,1212],"product_tag":[1261],"class_list":{"0":"post-121602","1":"product","2":"type-product","3":"status-publish","4":"has-post-thumbnail","6":"product_brand-elegant-themes","7":"product_cat-commerce-electronique-themes","8":"product_cat-creatif-commerce-electronique-themes","9":"product_cat-themes","10":"product_tag-elegant-themes","11":"member-discount","12":"discount-restricted","14":"first","15":"instock","16":"sale","17":"downloadable","18":"virtual","19":"sold-individually","20":"purchasable","21":"product-type-simple"},"_links":{"self":[{"href":"https:\/\/gpl-love.com\/fr\/wp-json\/wp\/v2\/product\/121602","targetHints":{"allow":["GET"]}}],"collection":[{"href":"https:\/\/gpl-love.com\/fr\/wp-json\/wp\/v2\/product"}],"about":[{"href":"https:\/\/gpl-love.com\/fr\/wp-json\/wp\/v2\/types\/product"}],"replies":[{"embeddable":true,"href":"https:\/\/gpl-love.com\/fr\/wp-json\/wp\/v2\/comments?post=121602"}],"wp:featuredmedia":[{"embeddable":true,"href":"https:\/\/gpl-love.com\/fr\/wp-json\/wp\/v2\/media\/143695"}],"wp:attachment":[{"href":"https:\/\/gpl-love.com\/fr\/wp-json\/wp\/v2\/media?parent=121602"}],"wp:term":[{"taxonomy":"product_brand","embeddable":true,"href":"https:\/\/gpl-love.com\/fr\/wp-json\/wp\/v2\/product_brand?post=121602"},{"taxonomy":"product_cat","embeddable":true,"href":"https:\/\/gpl-love.com\/fr\/wp-json\/wp\/v2\/product_cat?post=121602"},{"taxonomy":"product_tag","embeddable":true,"href":"https:\/\/gpl-love.com\/fr\/wp-json\/wp\/v2\/product_tag?post=121602"}],"curies":[{"name":"wp","href":"https:\/\/api.w.org\/{rel}","templated":true}]}}