{"id":121600,"date":"2022-02-18T00:00:00","date_gmt":"2022-02-17T23:00:00","guid":{"rendered":"https:\/\/gpl-love.com\/fr\/produit\/elegant-themes-foxy-woocommerce-theme\/"},"modified":"2026-03-20T23:03:10","modified_gmt":"2026-03-20T22:03:10","slug":"elegant-themes-foxy-woocommerce-theme","status":"publish","type":"product","link":"https:\/\/gpl-love.com\/fr\/produit\/elegant-themes-foxy-woocommerce-theme\/","title":{"rendered":"Elegant Themes Foxy WooCommerce Theme 2.2.18"},"content":{"rendered":"<h3>Elegant Themes Foxy WooCommerce Theme Traits<\/h3>\n<p>Le th\u00e8me de Foxy WooCommerce, d\u00e9velopp\u00e9 par des th\u00e8mes \u00e9l\u00e9gants, est un th\u00e8me extr\u00eamement con\u00e7u et r\u00e9fl\u00e9chi qui offre aux utilisateurs la possibilit\u00e9 d&rsquo;\u00e9tablir sans effort une boutique en ligne. B\u00e9n\u00e9ficiant d&rsquo;un m\u00e9lange immacul\u00e9 de sophistication et d&rsquo;\u00e9l\u00e9gance, ce th\u00e8me est con\u00e7u sur mesure pour les personnes cherchant \u00e0 pr\u00e9senter leurs produits de la mani\u00e8re la plus raffin\u00e9e et la plus polie. En vertu de sa page d&rsquo;accueil personnalisable, les utilisateurs sont autoris\u00e9s \u00e0 fa\u00e7onner une disposition vraiment unique et visuellement captivante qui est tenue de captiver et de captiver leur client\u00e8le exigeante. De plus, ce th\u00e8me est enti\u00e8rement r\u00e9actif, garantissant ainsi que votre magasin maintient son apparence et ses fonctionnalit\u00e9s impeccables sur tous les appareils, quelle que soit leur taille d&rsquo;\u00e9cran ou leur r\u00e9solution. Le th\u00e8me Foxy WooCommerce poss\u00e8de une vaste gamme de fonctionnalit\u00e9s impressionnantes, y compris, mais sans s&rsquo;y limiter, un carrousel de produit, une fonctionnalit\u00e9 de liste de souhaits et une fonctionnalit\u00e9 de vue rapide de produit, facilitant ainsi une exp\u00e9rience d&rsquo;achat qui est \u00e0 la fois agr\u00e9able et sans effort pour vos clients estim\u00e9s. Que vous soyez une entreprise \u00e9tablie ou un entrepreneur en herbe qui se lance dans une nouvelle entreprise, le th\u00e8me \u00e9l\u00e9gant des th\u00e8mes Foxy WooCommerce est sans \u00e9quivoque le choix par excellence pour chaque boutique en ligne cherchant \u00e0 \u00e9tablir une pr\u00e9sence en ligne commandante.<\/p>\n<ul>\n<li>Un th\u00e8me WordPress \u00e9l\u00e9gant et moderne sp\u00e9cialement con\u00e7u pour les magasins en ligne \u00e0 l&rsquo;aide de WooCommerce<\/li>\n<li>Conception enti\u00e8rement r\u00e9active qui a fi\u00e8re allure sur tous les appareils<\/li>\n<li>Page d&rsquo;accueil magnifiquement con\u00e7ue avec section de produits en vedette personnalisable<\/li>\n<li>Plusieurs dispositions de pages de produits au choix, y compris la pleine largeur ou avec des options de barre lat\u00e9rale<\/li>\n<li>Tableaux de tables personnalisables et int\u00e9gr\u00e9s pour afficher les options et les prix des produits<\/li>\n<li>Informations sur le besoin de savoir \u00e9l\u00e9gamment, avec des onglets personnalisables sur les pages de produits<\/li>\n<li>Plusieurs options de couleurs personnalisables et choix de polices pour une apparence et une sensation uniques<\/li>\n<li>Traduction pr\u00eate et WPML compatible pour les sites multilingues<\/li>\n<li>S\u00e9curis\u00e9 et optimis\u00e9 pour les vitesses de chargement rapide<\/li>\n<li>Mises \u00e0 jour en cours, support 24\/7 et acc\u00e8s \u00e0 une communaut\u00e9 de concepteurs et de d\u00e9veloppeurs.<\/li>\n<\/ul>\n","protected":false},"excerpt":{"rendered":"<p>Le th\u00e8me Foxy WooCommerce, d\u00e9velopp\u00e9 par des th\u00e8mes \u00e9l\u00e9gants, appara\u00eet comme le rem\u00e8de id\u00e9al pour les individus \u00e0 la recherche de l&rsquo;\u00e9tablissement d&rsquo;une boutique en ligne visuellement attrayante et tr\u00e8s efficace. Son design sophistiqu\u00e9 incarne un m\u00e9lange harmonieux d&rsquo;esth\u00e9tique contemporaine et d&rsquo;attrait durable, captivant ainsi les clients d\u00e8s leur atterrissage sur votre site Web. Emball\u00e9 avec une gamme de fonctionnalit\u00e9s impressionnantes comme une page d&rsquo;accueil personnalisable, une conception r\u00e9active et des options de personnalisation sans effort, ce th\u00e8me s&rsquo;av\u00e8re \u00eatre un choix sans faille pour les entreprises qui cherchent \u00e0 am\u00e9liorer leur pr\u00e9sence virtuelle. Que vous traitiez des marchandises tangibles, des t\u00e9l\u00e9chargements num\u00e9riques ou des services, le th\u00e8me Foxy WooCommerce englobe tous les ingr\u00e9dients essentiels n\u00e9cessaires pour lancer rapidement et exploiter efficacement votre entreprise.<\/p>\n","protected":false},"featured_media":143693,"comment_status":"open","ping_status":"open","template":"","meta":[],"product_brand":[2511],"product_cat":[1516,1212,1213],"product_tag":[1261],"class_list":{"0":"post-121600","1":"product","2":"type-product","3":"status-publish","4":"has-post-thumbnail","6":"product_brand-elegant-themes","7":"product_cat-entreprise","8":"product_cat-themes","9":"product_cat-wordpress-themes","10":"product_tag-elegant-themes","11":"member-discount","12":"discount-restricted","14":"first","15":"instock","16":"sale","17":"downloadable","18":"virtual","19":"sold-individually","20":"purchasable","21":"product-type-simple"},"_links":{"self":[{"href":"https:\/\/gpl-love.com\/fr\/wp-json\/wp\/v2\/product\/121600","targetHints":{"allow":["GET"]}}],"collection":[{"href":"https:\/\/gpl-love.com\/fr\/wp-json\/wp\/v2\/product"}],"about":[{"href":"https:\/\/gpl-love.com\/fr\/wp-json\/wp\/v2\/types\/product"}],"replies":[{"embeddable":true,"href":"https:\/\/gpl-love.com\/fr\/wp-json\/wp\/v2\/comments?post=121600"}],"wp:featuredmedia":[{"embeddable":true,"href":"https:\/\/gpl-love.com\/fr\/wp-json\/wp\/v2\/media\/143693"}],"wp:attachment":[{"href":"https:\/\/gpl-love.com\/fr\/wp-json\/wp\/v2\/media?parent=121600"}],"wp:term":[{"taxonomy":"product_brand","embeddable":true,"href":"https:\/\/gpl-love.com\/fr\/wp-json\/wp\/v2\/product_brand?post=121600"},{"taxonomy":"product_cat","embeddable":true,"href":"https:\/\/gpl-love.com\/fr\/wp-json\/wp\/v2\/product_cat?post=121600"},{"taxonomy":"product_tag","embeddable":true,"href":"https:\/\/gpl-love.com\/fr\/wp-json\/wp\/v2\/product_tag?post=121600"}],"curies":[{"name":"wp","href":"https:\/\/api.w.org\/{rel}","templated":true}]}}